
{"id":8179,"date":"2019-12-22T14:39:01","date_gmt":"2019-12-22T14:39:01","guid":{"rendered":"https:\/\/www.newfreestyle.it\/?post_type=product&#038;p=8179"},"modified":"2026-02-16T16:59:58","modified_gmt":"2026-02-16T14:59:58","slug":"dentelle-sur-le-devant","status":"publish","type":"product","link":"https:\/\/www.newfreestyle.it\/fr\/produit\/dentelle-sur-le-devant\/","title":{"rendered":"Dentelle sur le devant"},"content":{"rendered":"<h2>Ruban adh\u00e9sif double-face WalkerTape Lace Front \u201cBlu Liner\u201d pour proth\u00e8ses capillaires<\/h2>\n<p>Les <strong>ruban adh\u00e9sif WALKERTAPE LACE FRONT \u201cBlu Liner\u201d<\/strong> est un ruban <strong>transparente<\/strong> con\u00e7u pour la gestion de la fixation des proth\u00e8ses capillaires, en particulier lorsqu'il y a une <strong>bordure en dentelle<\/strong>. Il est indiqu\u00e9 pour une utilisation sur <strong>proth\u00e8se en dentelle<\/strong> et sur <strong>proth\u00e8ses capillaires en polyur\u00e9thane<\/strong>, et il est \u00e9galement recommand\u00e9 dans les cas o\u00f9 la proth\u00e8se poss\u00e8de <strong>bordure en dentelle<\/strong>.<\/p>\n<p>Cette solution fait partie des accessoires d'entretien les plus utilis\u00e9s pour ceux qui souhaitent une application soign\u00e9e et un r\u00e9sultat propre, avec un produit con\u00e7u pour bien fonctionner dans les zones les plus d\u00e9licates comme le front.<\/p>\n<h2>Caract\u00e9ristiques et d\u00e9tails<\/h2>\n<ul>\n<li><strong>Nom du produit :<\/strong> WALKERTAPE LACE FRONT \u201cBlu Liner\u201d.<\/li>\n<li><strong>Type :<\/strong> ruban adh\u00e9sif double-face (tape) pour proth\u00e8ses capillaires.<\/li>\n<li><strong>Aspect :<\/strong> transparent.<\/li>\n<li><strong>Destination d'utilisation :<\/strong> proth\u00e8ses en dentelle et proth\u00e8ses capillaires en polyur\u00e9thane.<\/li>\n<li><strong>Indication sp\u00e9cifique :<\/strong> recommand\u00e9 sur proth\u00e8ses capillaires avec <strong>bordure en dentelle<\/strong>.<\/li>\n<li><strong>Dur\u00e9e de l'enqu\u00eate :<\/strong> ruban adh\u00e9sif double-face de <strong>forte tenue<\/strong> \/ <strong>longue tenue<\/strong> (comme indiqu\u00e9 dans la notice produit).<\/li>\n<\/ul>\n<h2>Applications recommand\u00e9es<\/h2>\n<p>Le Lace Front \u201cBlu Liner\u201d est particuli\u00e8rement adapt\u00e9 lorsque l'objectif est de g\u00e9rer la fixation de mani\u00e8re coh\u00e9rente avec les besoins typiques de <strong>bordure en dentelle<\/strong>Peut \u00eatre utilis\u00e9 :<\/p>\n<ul>\n<li>pour la fixation de <strong>proth\u00e8se en dentelle<\/strong>;<\/li>\n<li>pour la fixation de <strong>proth\u00e8ses capillaires en polyur\u00e9thane<\/strong>;<\/li>\n<li>en pr\u00e9sence de <strong>bordure en dentelle<\/strong>o\u00f9 l'on recherche souvent une application pr\u00e9cise et discr\u00e8te.<\/li>\n<\/ul>\n<p>Il appartient \u00e0 la cat\u00e9gorie <strong>Ruban adh\u00e9sif et colle<\/strong> et est con\u00e7u pour ceux qui pr\u00e9f\u00e8rent un syst\u00e8me \u00e0 double face dans la routine d'application et d'entretien.<\/p>\n<h2>Avantages pratiques<\/h2>\n<p>Sans remplacer les indications personnelles ou la technique de l'utilisateur, ce double face offre certains avantages typiques d'un ruban transparent con\u00e7u pour la lace front :<\/p>\n<ul>\n<li><strong>R\u00e9sultat discret :<\/strong> la finition transparente est utile lorsque l'on souhaite une application visuellement propre.<\/li>\n<li><strong>Adapt\u00e9 \u00e0 la frontale en lace :<\/strong> l'usage d\u00e9clar\u00e9 en fait un choix naturel pour ceux qui utilisent des proth\u00e8ses avec frontale en lace.<\/li>\n<li><strong>Utilisation en entretien :<\/strong> indiqu\u00e9 pour ceux qui recherchent un double face de <strong>longue tenue<\/strong> dans la gestion quotidienne de la proth\u00e8se.<\/li>\n<\/ul>\n<h2>Utilisation et notes<\/h2>\n<p>Pour obtenir une application soign\u00e9e, il est conseill\u00e9 de travailler sur des surfaces propres et s\u00e8ches et de proc\u00e9der avec pr\u00e9caution, surtout dans la zone de la frontale en lace. Le r\u00e9sultat final peut d\u00e9pendre de la routine d'entretien et des modalit\u00e9s d'application.<\/p>\n<p><strong>Remarque :<\/strong> le produit est d\u00e9crit comme un double face \u00e0 <strong>forte tenue<\/strong> e <strong>longue tenue<\/strong> et est recommand\u00e9 pour les proth\u00e8ses en lace, les proth\u00e8ses en polyur\u00e9thane et les proth\u00e8ses avec <strong>bordure en dentelle<\/strong>.<\/p>\n<h3>FAQ \u2013 Questions fr\u00e9quentes<\/h3>\n<h4>\u00c0 quoi sert le double face WalkerTape Lace Front \u201cBlu Liner\u201d ?<\/h4>\n<p>C'est un double face (ruban) pour la fixation des proth\u00e8ses capillaires, recommand\u00e9 en particulier pour les proth\u00e8ses avec frontale en lace.<\/p>\n<h4>Sur quels types de proth\u00e8ses peut-il \u00eatre utilis\u00e9 ?<\/h4>\n<p>Il est indiqu\u00e9 pour les proth\u00e8ses en lace et pour les proth\u00e8ses capillaires en polyur\u00e9thane, et est \u00e9galement recommand\u00e9 lorsque la proth\u00e8se pr\u00e9sente une frontale en lace.<\/p>\n<h4>Le ruban est-il visible une fois appliqu\u00e9 ?<\/h4>\n<p>Le produit est d\u00e9crit comme transparent, caract\u00e9ristique utile pour une application discr\u00e8te, surtout dans les zones les plus expos\u00e9es comme le front.<\/p>\n<h4>Est-ce un double face longue dur\u00e9e ?<\/h4>\n<p>Oui, il est indiqu\u00e9 comme un double face \u00e0 forte adh\u00e9rence et longue dur\u00e9e (selon la description du produit).<\/p>\n<h4>Est-il adapt\u00e9 \u00e0 l'entretien de la proth\u00e8se ?<\/h4>\n<p>Oui, il fait partie des accessoires \u00ab\u00a0Rubans et Colles\u00a0\u00bb et est con\u00e7u pour une utilisation dans la routine d'application et d'entretien des proth\u00e8ses capillaires.<\/p>\n<p><script type=\"application\/ld+json\">\n{\"@context\":\"https:\/\/schema.org\",\"@type\":\"FAQPage\",\"mainEntity\":[{\"@type\":\"Question\",\"name\":\"A cosa serve il biadesivo WalkerTape Lace Front \u201cBlu Liner\u201d?\",\"acceptedAnswer\":{\"@type\":\"Answer\",\"text\":\"\u00c8 un biadesivo (tape) per il fissaggio delle protesi capelli, consigliato in particolare per protesi con frontale in lace.\"}},{\"@type\":\"Question\",\"name\":\"Su quali tipi di protesi pu\u00f2 essere utilizzato?\",\"acceptedAnswer\":{\"@type\":\"Answer\",\"text\":\"\u00c8 indicato per protesi in lace e per protesi capelli in poliuretano, ed \u00e8 consigliato anche quando la protesi presenta un frontale in lace.\"}},{\"@type\":\"Question\",\"name\":\"Il tape \u00e8 visibile una volta applicato?\",\"acceptedAnswer\":{\"@type\":\"Answer\",\"text\":\"Il prodotto \u00e8 descritto come trasparente, caratteristica utile per un\u2019applicazione discreta, soprattutto nelle zone pi\u00f9 esposte come il front.\"}},{\"@type\":\"Question\",\"name\":\"\u00c8 un biadesivo a lunga durata?\",\"acceptedAnswer\":{\"@type\":\"Answer\",\"text\":\"S\u00ec, \u00e8 indicato come biadesivo di forte durata e lunga durata (secondo la descrizione del prodotto).\"}},{\"@type\":\"Question\",\"name\":\"\u00c8 adatto per la manutenzione della protesi?\",\"acceptedAnswer\":{\"@type\":\"Answer\",\"text\":\"S\u00ec, rientra tra gli accessori \u201cTape e Colle\u201d ed \u00e8 pensato per l\u2019uso nella routine di applicazione e manutenzione delle protesi capelli.\"}}]}\n<\/script><\/p>","protected":false},"excerpt":{"rendered":"<p>Le ruban adh\u00e9sif double-face WALKERTAPE Lace Front \u201cBlu Liner\u201d est un ruban transparent con\u00e7u pour la fixation des proth\u00e8ses capillaires, recommand\u00e9 en particulier lorsqu'il y a une bordure en dentelle. Indiqu\u00e9 pour les proth\u00e8ses en dentelle et pour les proth\u00e8ses capillaires en polyur\u00e9thane, c'est une solution pratique pour la routine d'application et d'entretien, surtout dans les zones o\u00f9 l'on recherche un r\u00e9sultat soign\u00e9 et discret. Id\u00e9al pour ceux qui pr\u00e9f\u00e8rent un ruban adh\u00e9sif double-face de longue dur\u00e9e et souhaitent un produit sp\u00e9cifique pour la gestion de la bordure en dentelle, tout en maintenant une application propre et contr\u00f4l\u00e9e.<\/p>","protected":false},"featured_media":8180,"comment_status":"open","ping_status":"closed","template":"","meta":{"_acf_changed":false,"_monsterinsights_skip_tracking":false,"_monsterinsights_sitenote_active":false,"_monsterinsights_sitenote_note":"","_monsterinsights_sitenote_category":0},"product_brand":[],"product_cat":[72,73],"product_tag":[],"class_list":{"0":"post-8179","1":"product","2":"type-product","3":"status-publish","4":"has-post-thumbnail","6":"product_cat-accessori","7":"product_cat-tape-e-colle","9":"first","10":"outofstock","11":"shipping-taxable","12":"purchasable","13":"product-type-simple"},"acf":[],"yoast_head":"<!-- This site is optimized with the Yoast SEO Premium plugin v26.1 (Yoast SEO v26.1.1) - https:\/\/yoast.com\/wordpress\/plugins\/seo\/ -->\n<title>Biadesivo WalkerTape Lace Front Blu Liner | Tape Protesi<\/title>\n<meta name=\"description\" content=\"Biadesivo WalkerTape Lace Front \u201cBlu Liner\u201d trasparente, a lunga durata. Consigliato per protesi in lace e poliuretano con frontale in lace.\" \/>\n<meta name=\"robots\" content=\"index, follow, max-snippet:-1, max-image-preview:large, max-video-preview:-1\" \/>\n<link rel=\"canonical\" href=\"https:\/\/www.newfreestyle.it\/fr\/produit\/dentelle-sur-le-devant\/\" \/>\n<meta property=\"og:locale\" content=\"fr_FR\" \/>\n<meta property=\"og:type\" content=\"article\" \/>\n<meta property=\"og:title\" content=\"Lace Front\" \/>\n<meta property=\"og:description\" content=\"Il biadesivo WALKERTAPE Lace Front \u201cBlu Liner\u201d \u00e8 un tape trasparente pensato per il fissaggio delle protesi capelli, consigliato in particolare quando \u00e8 presente un frontale in lace. Indicato per protesi in lace e per protesi capelli in poliuretano, \u00e8 una soluzione pratica per la routine di applicazione e manutenzione, soprattutto nelle aree in cui si ricerca un risultato ordinato e discreto. Ideale per chi preferisce un biadesivo di lunga durata e desidera un prodotto specifico per la gestione del lace front, mantenendo un\u2019applicazione pulita e controllata.\" \/>\n<meta property=\"og:url\" content=\"https:\/\/www.newfreestyle.it\/fr\/produit\/dentelle-sur-le-devant\/\" \/>\n<meta property=\"og:site_name\" content=\"Newfreestyle Hair System\" \/>\n<meta property=\"article:publisher\" content=\"https:\/\/www.facebook.com\/newfreestyle.it\/\" \/>\n<meta property=\"article:modified_time\" content=\"2026-02-16T14:59:58+00:00\" \/>\n<meta property=\"og:image\" content=\"https:\/\/www.newfreestyle.it\/wp-content\/uploads\/2023\/09\/lace-front.jpg\" \/>\n\t<meta property=\"og:image:width\" content=\"1417\" \/>\n\t<meta property=\"og:image:height\" content=\"1417\" \/>\n\t<meta property=\"og:image:type\" content=\"image\/jpeg\" \/>\n<meta name=\"twitter:card\" content=\"summary_large_image\" \/>\n<meta name=\"twitter:label1\" content=\"Prix\" \/>\n\t<meta name=\"twitter:data1\" content=\"15.00&euro;\" \/>\n\t<meta name=\"twitter:label2\" content=\"Disponibilit\u00e9\" \/>\n\t<meta name=\"twitter:data2\" content=\"Rupture de stock\" \/>\n<script type=\"application\/ld+json\" class=\"yoast-schema-graph\">{\"@context\":\"https:\/\/schema.org\",\"@graph\":[{\"@type\":\"WebPage\",\"@id\":\"https:\/\/www.newfreestyle.it\/prodotto\/lace-front\/\",\"url\":\"https:\/\/www.newfreestyle.it\/prodotto\/lace-front\/\",\"name\":\"Biadesivo WalkerTape Lace Front Blu Liner | Tape Protesi\",\"isPartOf\":{\"@id\":\"https:\/\/www.newfreestyle.it\/en\/#website\"},\"primaryImageOfPage\":{\"@id\":\"https:\/\/www.newfreestyle.it\/prodotto\/lace-front\/#primaryimage\"},\"image\":{\"@id\":\"https:\/\/www.newfreestyle.it\/prodotto\/lace-front\/#primaryimage\"},\"thumbnailUrl\":\"https:\/\/www.newfreestyle.it\/wp-content\/uploads\/2023\/09\/lace-front.jpg\",\"datePublished\":\"2019-12-22T14:39:01+00:00\",\"dateModified\":\"2026-02-16T14:59:58+00:00\",\"description\":\"Biadesivo WalkerTape Lace Front \u201cBlu Liner\u201d trasparente, a lunga durata. Consigliato per protesi in lace e poliuretano con frontale in lace.\",\"breadcrumb\":{\"@id\":\"https:\/\/www.newfreestyle.it\/prodotto\/lace-front\/#breadcrumb\"},\"inLanguage\":\"fr-FR\",\"potentialAction\":[{\"@type\":\"ReadAction\",\"target\":[\"https:\/\/www.newfreestyle.it\/prodotto\/lace-front\/\"]}]},{\"@type\":\"ImageObject\",\"inLanguage\":\"fr-FR\",\"@id\":\"https:\/\/www.newfreestyle.it\/prodotto\/lace-front\/#primaryimage\",\"url\":\"https:\/\/www.newfreestyle.it\/wp-content\/uploads\/2023\/09\/lace-front.jpg\",\"contentUrl\":\"https:\/\/www.newfreestyle.it\/wp-content\/uploads\/2023\/09\/lace-front.jpg\",\"width\":1417,\"height\":1417,\"caption\":\"lace front\"},{\"@type\":\"BreadcrumbList\",\"@id\":\"https:\/\/www.newfreestyle.it\/prodotto\/lace-front\/#breadcrumb\",\"itemListElement\":[{\"@type\":\"ListItem\",\"position\":1,\"name\":\"Home\",\"item\":\"https:\/\/www.newfreestyle.it\/\"},{\"@type\":\"ListItem\",\"position\":2,\"name\":\"Shop\",\"item\":\"https:\/\/www.newfreestyle.it\/en\/shop\/\"},{\"@type\":\"ListItem\",\"position\":3,\"name\":\"Lace Front\"}]},{\"@type\":\"WebSite\",\"@id\":\"https:\/\/www.newfreestyle.it\/en\/#website\",\"url\":\"https:\/\/www.newfreestyle.it\/en\/\",\"name\":\"Protesi Capelli Uomo Impianti Capillari\",\"description\":\"Risolviamo ogni tipologia di Calvizie mediante l\u2019ausilio di protesi capillari non chirurgiche anche chiamata patch cutaneo.\",\"publisher\":{\"@id\":\"https:\/\/www.newfreestyle.it\/en\/#organization\"},\"potentialAction\":[{\"@type\":\"SearchAction\",\"target\":{\"@type\":\"EntryPoint\",\"urlTemplate\":\"https:\/\/www.newfreestyle.it\/en\/?s={search_term_string}\"},\"query-input\":{\"@type\":\"PropertyValueSpecification\",\"valueRequired\":true,\"valueName\":\"search_term_string\"}}],\"inLanguage\":\"fr-FR\"},{\"@type\":[\"Organization\",\"Place\"],\"@id\":\"https:\/\/www.newfreestyle.it\/en\/#organization\",\"name\":\"Newfreestyle Hair System\",\"alternateName\":\"Protesi Capelli Uomo Personalizzate\",\"url\":\"https:\/\/www.newfreestyle.it\/en\/\",\"logo\":{\"@id\":\"https:\/\/www.newfreestyle.it\/prodotto\/lace-front\/#local-main-organization-logo\"},\"image\":{\"@id\":\"https:\/\/www.newfreestyle.it\/prodotto\/lace-front\/#local-main-organization-logo\"},\"sameAs\":[\"https:\/\/www.facebook.com\/newfreestyle.it\/\",\"https:\/\/www.instagram.com\/newfreestyle_hairsystem\/\"],\"address\":{\"@id\":\"https:\/\/www.newfreestyle.it\/prodotto\/lace-front\/#local-main-place-address\"},\"geo\":{\"@type\":\"GeoCoordinates\",\"latitude\":\"45.5086608\",\"longitude\":\"9.2005743\"},\"telephone\":[\"3297256048\"],\"openingHoursSpecification\":[{\"@type\":\"OpeningHoursSpecification\",\"dayOfWeek\":[\"Monday\",\"Tuesday\",\"Wednesday\",\"Thursday\",\"Friday\",\"Saturday\"],\"opens\":\"09:00\",\"closes\":\"19:00\"},{\"@type\":\"OpeningHoursSpecification\",\"dayOfWeek\":[\"Sunday\"],\"opens\":\"00:00\",\"closes\":\"00:00\"}],\"email\":\"direzione@newfreestyle.it\",\"vatID\":\"IT11145080963\",\"taxID\":\"SCIMST69H67I690R\"},{\"@type\":\"PostalAddress\",\"@id\":\"https:\/\/www.newfreestyle.it\/prodotto\/lace-front\/#local-main-place-address\",\"streetAddress\":\"Via Cino da Pistoia, 18\",\"addressLocality\":\"Milano\",\"postalCode\":\"20162\",\"addressRegion\":\"MI\",\"addressCountry\":\"IT\"},{\"@type\":\"ImageObject\",\"inLanguage\":\"fr-FR\",\"@id\":\"https:\/\/www.newfreestyle.it\/prodotto\/lace-front\/#local-main-organization-logo\",\"url\":\"https:\/\/www.newfreestyle.it\/wp-content\/uploads\/2023\/09\/cropped-newfreestyle-150x145-1.png\",\"contentUrl\":\"https:\/\/www.newfreestyle.it\/wp-content\/uploads\/2023\/09\/cropped-newfreestyle-150x145-1.png\",\"width\":512,\"height\":512,\"caption\":\"Newfreestyle Hair System\"}]}<\/script>\n<meta property=\"product:price:amount\" content=\"15.00\" \/>\n<meta property=\"product:price:currency\" content=\"EUR\" \/>\n<meta property=\"og:availability\" content=\"out of stock\" \/>\n<meta property=\"product:availability\" content=\"out of stock\" \/>\n<meta property=\"product:condition\" content=\"new\" \/>\n<meta name=\"geo.placename\" content=\"Milano\" \/>\n<meta name=\"geo.position\" content=\"45.5086608;9.2005743\" \/>\n<meta name=\"geo.region\" content=\"Italie\" \/>\n<!-- \/ Yoast SEO Premium plugin. -->","yoast_head_json":{"title":"Adh\u00e9sif double-face WalkerTape Lace Front Blu Liner | Ruban Proth\u00e8ses","description":"Adh\u00e9sif double-face WalkerTape Lace Front \u00ab\u00a0Blu Liner\u00a0\u00bb transparent, longue dur\u00e9e. Recommand\u00e9 pour les proth\u00e8ses en lace et polyur\u00e9thane avec front en lace.","robots":{"index":"index","follow":"follow","max-snippet":"max-snippet:-1","max-image-preview":"max-image-preview:large","max-video-preview":"max-video-preview:-1"},"canonical":"https:\/\/www.newfreestyle.it\/fr\/produit\/dentelle-sur-le-devant\/","og_locale":"fr_FR","og_type":"article","og_title":"Lace Front","og_description":"Il biadesivo WALKERTAPE Lace Front \u201cBlu Liner\u201d \u00e8 un tape trasparente pensato per il fissaggio delle protesi capelli, consigliato in particolare quando \u00e8 presente un frontale in lace. Indicato per protesi in lace e per protesi capelli in poliuretano, \u00e8 una soluzione pratica per la routine di applicazione e manutenzione, soprattutto nelle aree in cui si ricerca un risultato ordinato e discreto. Ideale per chi preferisce un biadesivo di lunga durata e desidera un prodotto specifico per la gestione del lace front, mantenendo un\u2019applicazione pulita e controllata.","og_url":"https:\/\/www.newfreestyle.it\/fr\/produit\/dentelle-sur-le-devant\/","og_site_name":"Newfreestyle Hair System","article_publisher":"https:\/\/www.facebook.com\/newfreestyle.it\/","article_modified_time":"2026-02-16T14:59:58+00:00","og_image":[{"width":1417,"height":1417,"url":"https:\/\/www.newfreestyle.it\/wp-content\/uploads\/2023\/09\/lace-front.jpg","type":"image\/jpeg"}],"twitter_card":"summary_large_image","twitter_misc":{"Prix":"15.00&euro;","Disponibilit\u00e9":"Rupture de stock"},"schema":{"@context":"https:\/\/schema.org","@graph":[{"@type":"WebPage","@id":"https:\/\/www.newfreestyle.it\/prodotto\/lace-front\/","url":"https:\/\/www.newfreestyle.it\/prodotto\/lace-front\/","name":"Adh\u00e9sif double-face WalkerTape Lace Front Blu Liner | Ruban Proth\u00e8ses","isPartOf":{"@id":"https:\/\/www.newfreestyle.it\/en\/#website"},"primaryImageOfPage":{"@id":"https:\/\/www.newfreestyle.it\/prodotto\/lace-front\/#primaryimage"},"image":{"@id":"https:\/\/www.newfreestyle.it\/prodotto\/lace-front\/#primaryimage"},"thumbnailUrl":"https:\/\/www.newfreestyle.it\/wp-content\/uploads\/2023\/09\/lace-front.jpg","datePublished":"2019-12-22T14:39:01+00:00","dateModified":"2026-02-16T14:59:58+00:00","description":"Adh\u00e9sif double-face WalkerTape Lace Front \u00ab\u00a0Blu Liner\u00a0\u00bb transparent, longue dur\u00e9e. Recommand\u00e9 pour les proth\u00e8ses en lace et polyur\u00e9thane avec front en lace.","breadcrumb":{"@id":"https:\/\/www.newfreestyle.it\/prodotto\/lace-front\/#breadcrumb"},"inLanguage":"fr-FR","potentialAction":[{"@type":"ReadAction","target":["https:\/\/www.newfreestyle.it\/prodotto\/lace-front\/"]}]},{"@type":"ImageObject","inLanguage":"fr-FR","@id":"https:\/\/www.newfreestyle.it\/prodotto\/lace-front\/#primaryimage","url":"https:\/\/www.newfreestyle.it\/wp-content\/uploads\/2023\/09\/lace-front.jpg","contentUrl":"https:\/\/www.newfreestyle.it\/wp-content\/uploads\/2023\/09\/lace-front.jpg","width":1417,"height":1417,"caption":"lace front"},{"@type":"BreadcrumbList","@id":"https:\/\/www.newfreestyle.it\/prodotto\/lace-front\/#breadcrumb","itemListElement":[{"@type":"ListItem","position":1,"name":"Home","item":"https:\/\/www.newfreestyle.it\/"},{"@type":"ListItem","position":2,"name":"Shop","item":"https:\/\/www.newfreestyle.it\/en\/shop\/"},{"@type":"ListItem","position":3,"name":"Lace Front"}]},{"@type":"WebSite","@id":"https:\/\/www.newfreestyle.it\/en\/#website","url":"https:\/\/www.newfreestyle.it\/en\/","name":"Implants capillaires pour hommes Implants capillaires","description":"Nous r\u00e9solvons tous les types de calvitie \u00e0 l'aide d'implants capillaires non chirurgicaux, \u00e9galement appel\u00e9s patchs cutan\u00e9s.","publisher":{"@id":"https:\/\/www.newfreestyle.it\/en\/#organization"},"potentialAction":[{"@type":"SearchAction","target":{"@type":"EntryPoint","urlTemplate":"https:\/\/www.newfreestyle.it\/en\/?s={search_term_string}"},"query-input":{"@type":"PropertyValueSpecification","valueRequired":true,"valueName":"search_term_string"}}],"inLanguage":"fr-FR"},{"@type":["Organization","Place"],"@id":"https:\/\/www.newfreestyle.it\/en\/#organization","name":"Syst\u00e8me capillaire Newfreestyle","alternateName":"Protesi Capelli Uomo Personalizzate","url":"https:\/\/www.newfreestyle.it\/en\/","logo":{"@id":"https:\/\/www.newfreestyle.it\/prodotto\/lace-front\/#local-main-organization-logo"},"image":{"@id":"https:\/\/www.newfreestyle.it\/prodotto\/lace-front\/#local-main-organization-logo"},"sameAs":["https:\/\/www.facebook.com\/newfreestyle.it\/","https:\/\/www.instagram.com\/newfreestyle_hairsystem\/"],"address":{"@id":"https:\/\/www.newfreestyle.it\/prodotto\/lace-front\/#local-main-place-address"},"geo":{"@type":"GeoCoordinates","latitude":"45.5086608","longitude":"9.2005743"},"telephone":["3297256048"],"openingHoursSpecification":[{"@type":"OpeningHoursSpecification","dayOfWeek":["Monday","Tuesday","Wednesday","Thursday","Friday","Saturday"],"opens":"09:00","closes":"19:00"},{"@type":"OpeningHoursSpecification","dayOfWeek":["Sunday"],"opens":"00:00","closes":"00:00"}],"email":"direzione@newfreestyle.it","vatID":"IT11145080963","taxID":"SCIMST69H67I690R"},{"@type":"PostalAddress","@id":"https:\/\/www.newfreestyle.it\/prodotto\/lace-front\/#local-main-place-address","streetAddress":"Via Cino da Pistoia, 18","addressLocality":"Milano","postalCode":"20162","addressRegion":"MI","addressCountry":"IT"},{"@type":"ImageObject","inLanguage":"fr-FR","@id":"https:\/\/www.newfreestyle.it\/prodotto\/lace-front\/#local-main-organization-logo","url":"https:\/\/www.newfreestyle.it\/wp-content\/uploads\/2023\/09\/cropped-newfreestyle-150x145-1.png","contentUrl":"https:\/\/www.newfreestyle.it\/wp-content\/uploads\/2023\/09\/cropped-newfreestyle-150x145-1.png","width":512,"height":512,"caption":"Newfreestyle Hair System"}]},"product_price_amount":"15.00","product_price_currency":"EUR","og_availability":"out of stock","product_availability":"out of stock","product_condition":"new","geo.placename":"Milano","geo.position":{"lat":"45.5086608","long":"9.2005743"},"geo.region":"Italie"},"_links":{"self":[{"href":"https:\/\/www.newfreestyle.it\/fr\/wp-json\/wp\/v2\/product\/8179","targetHints":{"allow":["GET"]}}],"collection":[{"href":"https:\/\/www.newfreestyle.it\/fr\/wp-json\/wp\/v2\/product"}],"about":[{"href":"https:\/\/www.newfreestyle.it\/fr\/wp-json\/wp\/v2\/types\/product"}],"replies":[{"embeddable":true,"href":"https:\/\/www.newfreestyle.it\/fr\/wp-json\/wp\/v2\/comments?post=8179"}],"wp:featuredmedia":[{"embeddable":true,"href":"https:\/\/www.newfreestyle.it\/fr\/wp-json\/wp\/v2\/media\/8180"}],"wp:attachment":[{"href":"https:\/\/www.newfreestyle.it\/fr\/wp-json\/wp\/v2\/media?parent=8179"}],"wp:term":[{"taxonomy":"product_brand","embeddable":true,"href":"https:\/\/www.newfreestyle.it\/fr\/wp-json\/wp\/v2\/product_brand?post=8179"},{"taxonomy":"product_cat","embeddable":true,"href":"https:\/\/www.newfreestyle.it\/fr\/wp-json\/wp\/v2\/product_cat?post=8179"},{"taxonomy":"product_tag","embeddable":true,"href":"https:\/\/www.newfreestyle.it\/fr\/wp-json\/wp\/v2\/product_tag?post=8179"}],"curies":[{"name":"wp","href":"https:\/\/api.w.org\/{rel}","templated":true}]}}