
{"id":47021,"date":"2023-11-02T13:47:15","date_gmt":"2023-11-02T11:47:15","guid":{"rendered":"https:\/\/www.newfreestyle.it\/?post_type=product&#038;p=47021"},"modified":"2026-02-16T16:52:20","modified_gmt":"2026-02-16T14:52:20","slug":"ghostbuster-remover-for-hair-prosthesis","status":"publish","type":"product","link":"https:\/\/www.newfreestyle.it\/fr\/produit\/ghostbuster-remover-for-hair-prosthesis\/","title":{"rendered":"Ghostbuster Remover pour proth\u00e8ses capillaires"},"content":{"rendered":"<h2>Ghostbuster Remover pour proth\u00e8ses capillaires<\/h2>\n<p><strong>Ghostbuster<\/strong> est un solvant adh\u00e9sif aux agrumes \u00e0 <strong>action rapide<\/strong> con\u00e7u <strong>uniquement pour nettoyer les syst\u00e8mes capillaires<\/strong>. Il est con\u00e7u pour vous aider dans la maintenance de votre unit\u00e9 capillaire, facilitant l\u2019\u00e9limination des r\u00e9sidus d\u2019adh\u00e9sif de mani\u00e8re pratique et cibl\u00e9e.<\/p>\n<p>La formule est d\u00e9crite comme <strong>hautement raffin\u00e9e<\/strong> et, contrairement \u00e0 d\u2019autres produits, <strong>ne contient pas d\u2019aloe ni de lanoline<\/strong>: des ingr\u00e9dients qui ont d\u00e9montr\u00e9 pouvoir laisser <strong>des r\u00e9sidus huileux lourds<\/strong> sur les syst\u00e8mes capillaires. De plus, Ghostbuster est indiqu\u00e9 comme un dissolvant qui <strong>n\u2019affecte ni la structure ni la couleur<\/strong> de l\u2019unit\u00e9 capillaire.<\/p>\n<h2>Caract\u00e9ristiques et d\u00e9tails<\/h2>\n<h3>Solvant aux agrumes pour le nettoyage des syst\u00e8mes capillaires<\/h3>\n<p>Ghostbuster est con\u00e7u pour une utilisation sp\u00e9cifique : le <strong>nettoyage de l\u2019unit\u00e9 capillaire<\/strong>. Le param\u00e8tre \u00ab uniquement pour syst\u00e8mes capillaires \u00bb le rend adapt\u00e9 \u00e0 ceux qui souhaitent un produit d\u00e9di\u00e9 \u00e0 la maintenance, sans recourir \u00e0 des solutions g\u00e9n\u00e9riques.<\/p>\n<h3>Formule raffin\u00e9e sans aloe ni lanoline<\/h3>\n<p>L\u2019un des points distinctifs est l\u2019absence de <strong>aloe<\/strong> e <strong>lanoline<\/strong>, des substances qui peuvent contribuer \u00e0 laisser une sensation de gras et des r\u00e9sidus difficiles \u00e0 g\u00e9rer. Ce choix de formulation est pens\u00e9 pour favoriser un nettoyage plus lin\u00e9aire et une gestion plus simple des \u00e9tapes suivantes (\u00e9limination des r\u00e9sidus et pr\u00e9paration \u00e0 la nouvelle fixation).<\/p>\n<h3>Ne modifie pas la structure ou la couleur de l\u2019unit\u00e9 capillaire<\/h3>\n<p>Ghostbuster est d\u00e9crit comme un produit qui <strong>n\u2019affecte ni la structure ni la couleur<\/strong> de l\u2019unit\u00e9 capillaire. Cet aspect est important lorsqu\u2019on cherche un dissolvant qui agit sur l\u2019adh\u00e9sif, en gardant l\u2019attention sur le soin du syst\u00e8me capillaire pendant l\u2019entretien.<\/p>\n<h3>Contr\u00f4le de l\u2019humidit\u00e9 et temp\u00e9rature de fusion \u00e9lev\u00e9e<\/h3>\n<p>Parmi les caract\u00e9ristiques mentionn\u00e9es, Ghostbuster inclut <strong>contr\u00f4le de l\u2019humidit\u00e9<\/strong> et un <strong>temp\u00e9rature de fusion plus \u00e9lev\u00e9e<\/strong>. Ces \u00e9l\u00e9ments sont indiqu\u00e9s comme faisant partie de ses caract\u00e9ristiques distinctives, utiles pour une gestion plus stable du produit lors de l\u2019utilisation.<\/p>\n<h2>Applications<\/h2>\n<p>Ghostbuster est indiqu\u00e9 pour :<\/p>\n<ul>\n<li><strong>nettoyer les syst\u00e8mes capillaires<\/strong> en enlevant les r\u00e9sidus d\u2019adh\u00e9sif de l\u2019unit\u00e9 capillaire ;<\/li>\n<li>soutenir la <strong>entretien<\/strong> et la pr\u00e9paration de l\u2019unit\u00e9 avant les \u00e9tapes suivantes (nettoyage complet et nouvelle utilisation).<\/li>\n<\/ul>\n<p><strong>Note importante :<\/strong> le produit est indiqu\u00e9 comme s\u00fbr \u00e0 utiliser <strong>exclusivement sur l\u2019unit\u00e9 capillaire<\/strong>. Pour la zone du cuir chevelu, il est conseill\u00e9 d\u2019utiliser <strong>Ultra-Safe<\/strong>, formul\u00e9 pour ces zones plus sensibles.<\/p>\n<h2>Avantages<\/h2>\n<ul>\n<li><strong>Action rapide<\/strong>: aide \u00e0 dissoudre l\u2019adh\u00e9sif en r\u00e9duisant le temps consacr\u00e9 au nettoyage et en rendant la proc\u00e9dure plus fluide.<\/li>\n<li><strong>Moins de r\u00e9sidus huileux<\/strong>: l\u2019absence d\u2019aloe et de lanoline est pens\u00e9e pour \u00e9viter les r\u00e9sidus huileux lourds sur le syst\u00e8me capillaire.<\/li>\n<li><strong>Respect de l\u2019unit\u00e9 capillaire<\/strong>: indiqu\u00e9 comme dissolvant qui n\u2019affecte pas <strong>structure<\/strong> e <strong>couleur<\/strong> de l\u2019unit\u00e9.<\/li>\n<li><strong>Produit d\u00e9di\u00e9<\/strong>: con\u00e7u sp\u00e9cifiquement pour le nettoyage des syst\u00e8mes capillaires, pour une maintenance plus cibl\u00e9e.<\/li>\n<\/ul>\n<h2>Utilisation et notes<\/h2>\n<h3>Comment utiliser Ghostbuster sur la proth\u00e8se<\/h3>\n<p>Pour obtenir les meilleurs r\u00e9sultats, appliquez Ghostbuster <strong>directement sur l\u2019unit\u00e9 capillaire<\/strong> et laissez agir le solvant pendant quelques minutes. Ensuite, retirez soigneusement l\u2019adh\u00e9sif dissous, afin de compl\u00e9ter le nettoyage et pr\u00e9parer l\u2019unit\u00e9 pour les \u00e9tapes suivantes.<\/p>\n<h3>Consignes de s\u00e9curit\u00e9 et compatibilit\u00e9 d\u2019utilisation<\/h3>\n<ul>\n<li>Utilisez Ghostbuster <strong>uniquement sur le syst\u00e8me capillaire<\/strong>, comme indiqu\u00e9.<\/li>\n<li>Pour le <strong>cuir chevelu<\/strong>, un produit d\u00e9di\u00e9 est recommand\u00e9 comme <strong>Ultra-Safe<\/strong>.<\/li>\n<\/ul>\n<p>Si vous cherchez un <strong>solvant adh\u00e9sif de haute qualit\u00e9<\/strong> pour le nettoyage des syst\u00e8mes capillaires, Ghostbuster est un choix orient\u00e9 vers une maintenance pr\u00e9cise, avec une formule con\u00e7ue pour \u00e9viter les r\u00e9sidus huileux et pr\u00e9server l\u2019apparence de l\u2019unit\u00e9.<\/p>\n<h3>FAQ \u2013 Questions fr\u00e9quentes<\/h3>\n<h4>Ghostbuster est-il adapt\u00e9 pour le nettoyage de la proth\u00e8se capillaire ?<\/h4>\n<p>Oui. Ghostbuster est con\u00e7u uniquement pour nettoyer les syst\u00e8mes capillaires et dissoudre les r\u00e9sidus d\u2019adh\u00e9sif sur l\u2019unit\u00e9 capillaire lors de la maintenance.<\/p>\n<h4>Ghostbuster peut-il \u00eatre utilis\u00e9 sur le cuir chevelu ?<\/h4>\n<p>Il est indiqu\u00e9 comme s\u00fbr \u00e0 utiliser exclusivement sur l\u2019unit\u00e9 capillaire. Pour la zone du cuir chevelu, l\u2019utilisation d\u2019Ultra-Safe est recommand\u00e9e, formul\u00e9 pour ces zones sensibles.<\/p>\n<h4>Ghostbuster contient-il de l\u2019aloe ou de la lanoline ?<\/h4>\n<p>Non. Ghostbuster ne contient ni aloe ni lanoline, des ingr\u00e9dients qui ont d\u00e9montr\u00e9 pouvoir laisser des r\u00e9sidus huileux lourds sur les syst\u00e8mes capillaires.<\/p>\n<h4>Ghostbuster alt\u00e8re-t-il la couleur ou la structure de l\u2019unit\u00e9 capillaire ?<\/h4>\n<p>Non. Le produit est d\u00e9crit comme un dissolvant qui n'affecte pas la structure ni la couleur de l'unit\u00e9 capillaire.<\/p>\n<h4>Comment utiliser Ghostbuster pour enlever l'adh\u00e9sif de la proth\u00e8se ?<\/h4>\n<p>Appliquez Ghostbuster directement sur l'unit\u00e9 capillaire, laissez agir quelques minutes puis retirez soigneusement l'adh\u00e9sif dissous pour compl\u00e9ter le nettoyage.<\/p>\n<p><script type=\"application\/ld+json\">\n{\"@context\":\"https:\/\/schema.org\",\"@type\":\"FAQPage\",\"mainEntity\":[{\"@type\":\"Question\",\"name\":\"Ghostbuster \u00e8 adatto per la pulizia della protesi per capelli?\",\"acceptedAnswer\":{\"@type\":\"Answer\",\"text\":\"S\u00ec. Ghostbuster \u00e8 progettato solo per pulire i sistemi capillari e per sciogliere i residui di adesivo sull\u2019unit\u00e0 capillare durante la manutenzione.\"}},{\"@type\":\"Question\",\"name\":\"Ghostbuster pu\u00f2 essere usato sul cuoio capelluto?\",\"acceptedAnswer\":{\"@type\":\"Answer\",\"text\":\"\u00c8 indicato come sicuro da utilizzare esclusivamente sull\u2019unit\u00e0 capillare. Per l\u2019area del cuoio capelluto viene consigliato l\u2019uso di Ultra-Safe, formulato per quelle aree sensibili.\"}},{\"@type\":\"Question\",\"name\":\"Ghostbuster contiene aloe o lanolina?\",\"acceptedAnswer\":{\"@type\":\"Answer\",\"text\":\"No. Ghostbuster non contiene aloe o lanolina, ingredienti che hanno dimostrato di poter lasciare residui oleosi pesanti sui sistemi capillari.\"}},{\"@type\":\"Question\",\"name\":\"Ghostbuster altera il colore o la struttura dell\u2019unit\u00e0 capillare?\",\"acceptedAnswer\":{\"@type\":\"Answer\",\"text\":\"No. Il prodotto \u00e8 descritto come un remover che non influisce sulla struttura o sul colore dell\u2019unit\u00e0 capillare.\"}},{\"@type\":\"Question\",\"name\":\"Come si usa Ghostbuster per rimuovere l\u2019adesivo dalla protesi?\",\"acceptedAnswer\":{\"@type\":\"Answer\",\"text\":\"Applica Ghostbuster direttamente sull\u2019unit\u00e0 capillare, lascialo agire per qualche minuto e poi rimuovi con cura l\u2019adesivo sciolto per completare la pulizia.\"}}]}\n<\/script><\/p>","protected":false},"excerpt":{"rendered":"<p>Ghostbuster Remover est un solvant adh\u00e9sif aux agrumes \u00e0 action rapide, con\u00e7u exclusivement pour le nettoyage des syst\u00e8mes capillaires. Sa formule hautement raffin\u00e9e ne contient ni aloe ni lanoline, des ingr\u00e9dients qui peuvent laisser des r\u00e9sidus huileux lourds sur l\u2019unit\u00e9 capillaire. Il est indiqu\u00e9 pour dissoudre les r\u00e9sidus d\u2019adh\u00e9sif lors de la maintenance, aidant \u00e0 maintenir le syst\u00e8me propre et pr\u00eat pour les \u00e9tapes suivantes. Ghostbuster est d\u00e9crit comme un dissolvant qui n\u2019affecte ni la structure ni la couleur de l\u2019unit\u00e9. Pour une utilisation sur le cuir chevelu, un produit d\u00e9di\u00e9 comme Ultra-Safe est recommand\u00e9.<\/p>","protected":false},"featured_media":47022,"comment_status":"open","ping_status":"closed","template":"","meta":{"_acf_changed":false,"_monsterinsights_skip_tracking":false,"_monsterinsights_sitenote_active":false,"_monsterinsights_sitenote_note":"","_monsterinsights_sitenote_category":0},"product_brand":[],"product_cat":[72,77],"product_tag":[],"class_list":{"0":"post-47021","1":"product","2":"type-product","3":"status-publish","4":"has-post-thumbnail","6":"product_cat-accessori","7":"product_cat-solventi","9":"first","10":"instock","11":"shipping-taxable","12":"purchasable","13":"product-type-simple"},"acf":[],"yoast_head":"<!-- This site is optimized with the Yoast SEO Premium plugin v26.1 (Yoast SEO v26.1.1) - https:\/\/yoast.com\/wordpress\/plugins\/seo\/ -->\n<title>Ghostbuster Remover per protesi capelli | Solvente adesivo<\/title>\n<meta name=\"description\" content=\"Solvente adesivo agli agrumi per pulire i sistemi capillari. Formula raffinata senza aloe o lanolina, non influisce su struttura o colore dell\u2019unit\u00e0.\" \/>\n<meta name=\"robots\" content=\"index, follow, max-snippet:-1, max-image-preview:large, max-video-preview:-1\" \/>\n<link rel=\"canonical\" href=\"https:\/\/www.newfreestyle.it\/fr\/produit\/ghostbuster-remover-for-hair-prosthesis\/\" \/>\n<meta property=\"og:locale\" content=\"fr_FR\" \/>\n<meta property=\"og:type\" content=\"article\" \/>\n<meta property=\"og:title\" content=\"Ghostbuster Remover per protesi capelli\" \/>\n<meta property=\"og:description\" content=\"Ghostbuster Remover \u00e8 un solvente adesivo agli agrumi ad azione rapida, progettato esclusivamente per la pulizia dei sistemi capillari. La sua formula altamente raffinata non contiene aloe o lanolina, ingredienti che possono lasciare residui oleosi pesanti sull\u2019unit\u00e0 capillare. \u00c8 indicato per sciogliere i residui di adesivo durante la manutenzione, aiutando a mantenere il sistema pulito e pronto ai passaggi successivi. Ghostbuster \u00e8 descritto come un remover che non influisce sulla struttura o sul colore dell\u2019unit\u00e0. Per l\u2019uso sul cuoio capelluto, viene consigliato un prodotto dedicato come Ultra-Safe.\" \/>\n<meta property=\"og:url\" content=\"https:\/\/www.newfreestyle.it\/fr\/produit\/ghostbuster-remover-for-hair-prosthesis\/\" \/>\n<meta property=\"og:site_name\" content=\"Newfreestyle Hair System\" \/>\n<meta property=\"article:publisher\" content=\"https:\/\/www.facebook.com\/newfreestyle.it\/\" \/>\n<meta property=\"article:modified_time\" content=\"2026-02-16T14:52:20+00:00\" \/>\n<meta property=\"og:image\" content=\"https:\/\/www.newfreestyle.it\/wp-content\/uploads\/2023\/11\/ghostbuster-remover.png\" \/>\n\t<meta property=\"og:image:width\" content=\"787\" \/>\n\t<meta property=\"og:image:height\" content=\"787\" \/>\n\t<meta property=\"og:image:type\" content=\"image\/png\" \/>\n<meta name=\"twitter:card\" content=\"summary_large_image\" \/>\n<meta name=\"twitter:label1\" content=\"Prix\" \/>\n\t<meta name=\"twitter:data1\" content=\"25.00&euro;\" \/>\n\t<meta name=\"twitter:label2\" content=\"Disponibilit\u00e9\" \/>\n\t<meta name=\"twitter:data2\" content=\"En stock\" \/>\n<script type=\"application\/ld+json\" class=\"yoast-schema-graph\">{\"@context\":\"https:\/\/schema.org\",\"@graph\":[{\"@type\":\"WebPage\",\"@id\":\"https:\/\/www.newfreestyle.it\/prodotto\/ghostbuster-remover-per-protesi-capelli\/\",\"url\":\"https:\/\/www.newfreestyle.it\/prodotto\/ghostbuster-remover-per-protesi-capelli\/\",\"name\":\"Ghostbuster Remover per protesi capelli | Solvente adesivo\",\"isPartOf\":{\"@id\":\"https:\/\/www.newfreestyle.it\/en\/#website\"},\"primaryImageOfPage\":{\"@id\":\"https:\/\/www.newfreestyle.it\/prodotto\/ghostbuster-remover-per-protesi-capelli\/#primaryimage\"},\"image\":{\"@id\":\"https:\/\/www.newfreestyle.it\/prodotto\/ghostbuster-remover-per-protesi-capelli\/#primaryimage\"},\"thumbnailUrl\":\"https:\/\/www.newfreestyle.it\/wp-content\/uploads\/2023\/11\/ghostbuster-remover.png\",\"datePublished\":\"2023-11-02T11:47:15+00:00\",\"dateModified\":\"2026-02-16T14:52:20+00:00\",\"description\":\"Solvente adesivo agli agrumi per pulire i sistemi capillari. Formula raffinata senza aloe o lanolina, non influisce su struttura o colore dell\u2019unit\u00e0.\",\"breadcrumb\":{\"@id\":\"https:\/\/www.newfreestyle.it\/prodotto\/ghostbuster-remover-per-protesi-capelli\/#breadcrumb\"},\"inLanguage\":\"fr-FR\",\"potentialAction\":[{\"@type\":\"ReadAction\",\"target\":[\"https:\/\/www.newfreestyle.it\/prodotto\/ghostbuster-remover-per-protesi-capelli\/\"]}]},{\"@type\":\"ImageObject\",\"inLanguage\":\"fr-FR\",\"@id\":\"https:\/\/www.newfreestyle.it\/prodotto\/ghostbuster-remover-per-protesi-capelli\/#primaryimage\",\"url\":\"https:\/\/www.newfreestyle.it\/wp-content\/uploads\/2023\/11\/ghostbuster-remover.png\",\"contentUrl\":\"https:\/\/www.newfreestyle.it\/wp-content\/uploads\/2023\/11\/ghostbuster-remover.png\",\"width\":787,\"height\":787},{\"@type\":\"BreadcrumbList\",\"@id\":\"https:\/\/www.newfreestyle.it\/prodotto\/ghostbuster-remover-per-protesi-capelli\/#breadcrumb\",\"itemListElement\":[{\"@type\":\"ListItem\",\"position\":1,\"name\":\"Home\",\"item\":\"https:\/\/www.newfreestyle.it\/\"},{\"@type\":\"ListItem\",\"position\":2,\"name\":\"Shop\",\"item\":\"https:\/\/www.newfreestyle.it\/en\/shop\/\"},{\"@type\":\"ListItem\",\"position\":3,\"name\":\"Ghostbuster Remover per protesi capelli\"}]},{\"@type\":\"WebSite\",\"@id\":\"https:\/\/www.newfreestyle.it\/en\/#website\",\"url\":\"https:\/\/www.newfreestyle.it\/en\/\",\"name\":\"Protesi Capelli Uomo Impianti Capillari\",\"description\":\"Risolviamo ogni tipologia di Calvizie mediante l\u2019ausilio di protesi capillari non chirurgiche anche chiamata patch cutaneo.\",\"publisher\":{\"@id\":\"https:\/\/www.newfreestyle.it\/en\/#organization\"},\"potentialAction\":[{\"@type\":\"SearchAction\",\"target\":{\"@type\":\"EntryPoint\",\"urlTemplate\":\"https:\/\/www.newfreestyle.it\/en\/?s={search_term_string}\"},\"query-input\":{\"@type\":\"PropertyValueSpecification\",\"valueRequired\":true,\"valueName\":\"search_term_string\"}}],\"inLanguage\":\"fr-FR\"},{\"@type\":[\"Organization\",\"Place\"],\"@id\":\"https:\/\/www.newfreestyle.it\/en\/#organization\",\"name\":\"Newfreestyle Hair System\",\"alternateName\":\"Protesi Capelli Uomo Personalizzate\",\"url\":\"https:\/\/www.newfreestyle.it\/en\/\",\"logo\":{\"@id\":\"https:\/\/www.newfreestyle.it\/prodotto\/ghostbuster-remover-per-protesi-capelli\/#local-main-organization-logo\"},\"image\":{\"@id\":\"https:\/\/www.newfreestyle.it\/prodotto\/ghostbuster-remover-per-protesi-capelli\/#local-main-organization-logo\"},\"sameAs\":[\"https:\/\/www.facebook.com\/newfreestyle.it\/\",\"https:\/\/www.instagram.com\/newfreestyle_hairsystem\/\"],\"address\":{\"@id\":\"https:\/\/www.newfreestyle.it\/prodotto\/ghostbuster-remover-per-protesi-capelli\/#local-main-place-address\"},\"geo\":{\"@type\":\"GeoCoordinates\",\"latitude\":\"45.5086608\",\"longitude\":\"9.2005743\"},\"telephone\":[\"3297256048\"],\"openingHoursSpecification\":[{\"@type\":\"OpeningHoursSpecification\",\"dayOfWeek\":[\"Monday\",\"Tuesday\",\"Wednesday\",\"Thursday\",\"Friday\",\"Saturday\"],\"opens\":\"09:00\",\"closes\":\"19:00\"},{\"@type\":\"OpeningHoursSpecification\",\"dayOfWeek\":[\"Sunday\"],\"opens\":\"00:00\",\"closes\":\"00:00\"}],\"email\":\"direzione@newfreestyle.it\",\"vatID\":\"IT11145080963\",\"taxID\":\"SCIMST69H67I690R\"},{\"@type\":\"PostalAddress\",\"@id\":\"https:\/\/www.newfreestyle.it\/prodotto\/ghostbuster-remover-per-protesi-capelli\/#local-main-place-address\",\"streetAddress\":\"Via Cino da Pistoia, 18\",\"addressLocality\":\"Milano\",\"postalCode\":\"20162\",\"addressRegion\":\"MI\",\"addressCountry\":\"IT\"},{\"@type\":\"ImageObject\",\"inLanguage\":\"fr-FR\",\"@id\":\"https:\/\/www.newfreestyle.it\/prodotto\/ghostbuster-remover-per-protesi-capelli\/#local-main-organization-logo\",\"url\":\"https:\/\/www.newfreestyle.it\/wp-content\/uploads\/2023\/09\/cropped-newfreestyle-150x145-1.png\",\"contentUrl\":\"https:\/\/www.newfreestyle.it\/wp-content\/uploads\/2023\/09\/cropped-newfreestyle-150x145-1.png\",\"width\":512,\"height\":512,\"caption\":\"Newfreestyle Hair System\"}]}<\/script>\n<meta property=\"product:price:amount\" content=\"25.00\" \/>\n<meta property=\"product:price:currency\" content=\"EUR\" \/>\n<meta property=\"og:availability\" content=\"instock\" \/>\n<meta property=\"product:availability\" content=\"instock\" \/>\n<meta property=\"product:condition\" content=\"new\" \/>\n<meta name=\"geo.placename\" content=\"Milano\" \/>\n<meta name=\"geo.position\" content=\"45.5086608;9.2005743\" \/>\n<meta name=\"geo.region\" content=\"Italie\" \/>\n<!-- \/ Yoast SEO Premium plugin. -->","yoast_head_json":{"title":"Ghostbuster Remover pour proth\u00e8ses capillaires | Solvant adh\u00e9sif","description":"Solvant adh\u00e9sif aux agrumes pour nettoyer les syst\u00e8mes capillaires. Formule raffin\u00e9e sans aloe ni lanoline, n'affecte pas la structure ni la couleur de l'unit\u00e9.","robots":{"index":"index","follow":"follow","max-snippet":"max-snippet:-1","max-image-preview":"max-image-preview:large","max-video-preview":"max-video-preview:-1"},"canonical":"https:\/\/www.newfreestyle.it\/fr\/produit\/ghostbuster-remover-for-hair-prosthesis\/","og_locale":"fr_FR","og_type":"article","og_title":"Ghostbuster Remover per protesi capelli","og_description":"Ghostbuster Remover \u00e8 un solvente adesivo agli agrumi ad azione rapida, progettato esclusivamente per la pulizia dei sistemi capillari. La sua formula altamente raffinata non contiene aloe o lanolina, ingredienti che possono lasciare residui oleosi pesanti sull\u2019unit\u00e0 capillare. \u00c8 indicato per sciogliere i residui di adesivo durante la manutenzione, aiutando a mantenere il sistema pulito e pronto ai passaggi successivi. Ghostbuster \u00e8 descritto come un remover che non influisce sulla struttura o sul colore dell\u2019unit\u00e0. Per l\u2019uso sul cuoio capelluto, viene consigliato un prodotto dedicato come Ultra-Safe.","og_url":"https:\/\/www.newfreestyle.it\/fr\/produit\/ghostbuster-remover-for-hair-prosthesis\/","og_site_name":"Newfreestyle Hair System","article_publisher":"https:\/\/www.facebook.com\/newfreestyle.it\/","article_modified_time":"2026-02-16T14:52:20+00:00","og_image":[{"width":787,"height":787,"url":"https:\/\/www.newfreestyle.it\/wp-content\/uploads\/2023\/11\/ghostbuster-remover.png","type":"image\/png"}],"twitter_card":"summary_large_image","twitter_misc":{"Prix":"25.00&euro;","Disponibilit\u00e9":"En stock"},"schema":{"@context":"https:\/\/schema.org","@graph":[{"@type":"WebPage","@id":"https:\/\/www.newfreestyle.it\/prodotto\/ghostbuster-remover-per-protesi-capelli\/","url":"https:\/\/www.newfreestyle.it\/prodotto\/ghostbuster-remover-per-protesi-capelli\/","name":"Ghostbuster Remover pour proth\u00e8ses capillaires | Solvant adh\u00e9sif","isPartOf":{"@id":"https:\/\/www.newfreestyle.it\/en\/#website"},"primaryImageOfPage":{"@id":"https:\/\/www.newfreestyle.it\/prodotto\/ghostbuster-remover-per-protesi-capelli\/#primaryimage"},"image":{"@id":"https:\/\/www.newfreestyle.it\/prodotto\/ghostbuster-remover-per-protesi-capelli\/#primaryimage"},"thumbnailUrl":"https:\/\/www.newfreestyle.it\/wp-content\/uploads\/2023\/11\/ghostbuster-remover.png","datePublished":"2023-11-02T11:47:15+00:00","dateModified":"2026-02-16T14:52:20+00:00","description":"Solvant adh\u00e9sif aux agrumes pour nettoyer les syst\u00e8mes capillaires. Formule raffin\u00e9e sans aloe ni lanoline, n'affecte pas la structure ni la couleur de l'unit\u00e9.","breadcrumb":{"@id":"https:\/\/www.newfreestyle.it\/prodotto\/ghostbuster-remover-per-protesi-capelli\/#breadcrumb"},"inLanguage":"fr-FR","potentialAction":[{"@type":"ReadAction","target":["https:\/\/www.newfreestyle.it\/prodotto\/ghostbuster-remover-per-protesi-capelli\/"]}]},{"@type":"ImageObject","inLanguage":"fr-FR","@id":"https:\/\/www.newfreestyle.it\/prodotto\/ghostbuster-remover-per-protesi-capelli\/#primaryimage","url":"https:\/\/www.newfreestyle.it\/wp-content\/uploads\/2023\/11\/ghostbuster-remover.png","contentUrl":"https:\/\/www.newfreestyle.it\/wp-content\/uploads\/2023\/11\/ghostbuster-remover.png","width":787,"height":787},{"@type":"BreadcrumbList","@id":"https:\/\/www.newfreestyle.it\/prodotto\/ghostbuster-remover-per-protesi-capelli\/#breadcrumb","itemListElement":[{"@type":"ListItem","position":1,"name":"Home","item":"https:\/\/www.newfreestyle.it\/"},{"@type":"ListItem","position":2,"name":"Shop","item":"https:\/\/www.newfreestyle.it\/en\/shop\/"},{"@type":"ListItem","position":3,"name":"Ghostbuster Remover per protesi capelli"}]},{"@type":"WebSite","@id":"https:\/\/www.newfreestyle.it\/en\/#website","url":"https:\/\/www.newfreestyle.it\/en\/","name":"Implants capillaires pour hommes Implants capillaires","description":"Nous r\u00e9solvons tous les types de calvitie \u00e0 l'aide d'implants capillaires non chirurgicaux, \u00e9galement appel\u00e9s patchs cutan\u00e9s.","publisher":{"@id":"https:\/\/www.newfreestyle.it\/en\/#organization"},"potentialAction":[{"@type":"SearchAction","target":{"@type":"EntryPoint","urlTemplate":"https:\/\/www.newfreestyle.it\/en\/?s={search_term_string}"},"query-input":{"@type":"PropertyValueSpecification","valueRequired":true,"valueName":"search_term_string"}}],"inLanguage":"fr-FR"},{"@type":["Organization","Place"],"@id":"https:\/\/www.newfreestyle.it\/en\/#organization","name":"Syst\u00e8me capillaire Newfreestyle","alternateName":"Protesi Capelli Uomo Personalizzate","url":"https:\/\/www.newfreestyle.it\/en\/","logo":{"@id":"https:\/\/www.newfreestyle.it\/prodotto\/ghostbuster-remover-per-protesi-capelli\/#local-main-organization-logo"},"image":{"@id":"https:\/\/www.newfreestyle.it\/prodotto\/ghostbuster-remover-per-protesi-capelli\/#local-main-organization-logo"},"sameAs":["https:\/\/www.facebook.com\/newfreestyle.it\/","https:\/\/www.instagram.com\/newfreestyle_hairsystem\/"],"address":{"@id":"https:\/\/www.newfreestyle.it\/prodotto\/ghostbuster-remover-per-protesi-capelli\/#local-main-place-address"},"geo":{"@type":"GeoCoordinates","latitude":"45.5086608","longitude":"9.2005743"},"telephone":["3297256048"],"openingHoursSpecification":[{"@type":"OpeningHoursSpecification","dayOfWeek":["Monday","Tuesday","Wednesday","Thursday","Friday","Saturday"],"opens":"09:00","closes":"19:00"},{"@type":"OpeningHoursSpecification","dayOfWeek":["Sunday"],"opens":"00:00","closes":"00:00"}],"email":"direzione@newfreestyle.it","vatID":"IT11145080963","taxID":"SCIMST69H67I690R"},{"@type":"PostalAddress","@id":"https:\/\/www.newfreestyle.it\/prodotto\/ghostbuster-remover-per-protesi-capelli\/#local-main-place-address","streetAddress":"Via Cino da Pistoia, 18","addressLocality":"Milano","postalCode":"20162","addressRegion":"MI","addressCountry":"IT"},{"@type":"ImageObject","inLanguage":"fr-FR","@id":"https:\/\/www.newfreestyle.it\/prodotto\/ghostbuster-remover-per-protesi-capelli\/#local-main-organization-logo","url":"https:\/\/www.newfreestyle.it\/wp-content\/uploads\/2023\/09\/cropped-newfreestyle-150x145-1.png","contentUrl":"https:\/\/www.newfreestyle.it\/wp-content\/uploads\/2023\/09\/cropped-newfreestyle-150x145-1.png","width":512,"height":512,"caption":"Newfreestyle Hair System"}]},"product_price_amount":"25.00","product_price_currency":"EUR","og_availability":"instock","product_availability":"instock","product_condition":"new","geo.placename":"Milano","geo.position":{"lat":"45.5086608","long":"9.2005743"},"geo.region":"Italie"},"_links":{"self":[{"href":"https:\/\/www.newfreestyle.it\/fr\/wp-json\/wp\/v2\/product\/47021","targetHints":{"allow":["GET"]}}],"collection":[{"href":"https:\/\/www.newfreestyle.it\/fr\/wp-json\/wp\/v2\/product"}],"about":[{"href":"https:\/\/www.newfreestyle.it\/fr\/wp-json\/wp\/v2\/types\/product"}],"replies":[{"embeddable":true,"href":"https:\/\/www.newfreestyle.it\/fr\/wp-json\/wp\/v2\/comments?post=47021"}],"wp:featuredmedia":[{"embeddable":true,"href":"https:\/\/www.newfreestyle.it\/fr\/wp-json\/wp\/v2\/media\/47022"}],"wp:attachment":[{"href":"https:\/\/www.newfreestyle.it\/fr\/wp-json\/wp\/v2\/media?parent=47021"}],"wp:term":[{"taxonomy":"product_brand","embeddable":true,"href":"https:\/\/www.newfreestyle.it\/fr\/wp-json\/wp\/v2\/product_brand?post=47021"},{"taxonomy":"product_cat","embeddable":true,"href":"https:\/\/www.newfreestyle.it\/fr\/wp-json\/wp\/v2\/product_cat?post=47021"},{"taxonomy":"product_tag","embeddable":true,"href":"https:\/\/www.newfreestyle.it\/fr\/wp-json\/wp\/v2\/product_tag?post=47021"}],"curies":[{"name":"wp","href":"https:\/\/api.w.org\/{rel}","templated":true}]}}