
{"id":46324,"date":"2023-10-17T09:50:20","date_gmt":"2023-10-17T07:50:20","guid":{"rendered":"https:\/\/www.newfreestyle.it\/?post_type=product&#038;p=46324"},"modified":"2026-02-16T16:52:23","modified_gmt":"2026-02-16T14:52:23","slug":"lt97-4x4inch-silk-top-with-injection-moulded-leather-with-straight-silk-weave-polyester-lining-perimeter-base-10a-fb5-womens-topper","status":"publish","type":"product","link":"https:\/\/www.newfreestyle.it\/fr\/produit\/lt97-4x4inch-silk-top-with-injection-moulded-leather-with-straight-silk-weave-polyester-lining-perimeter-base-10a-fb5-womens-topper\/","title":{"rendered":"LT97 4X4INCH SOIE MOUL\u00c9E PAR INJECTION AVEC TISSAGE DROIT EN SOIE, DOUBLURE POLYESTER BASE P\u00c9RIM\u00c9TRIQUE 10A F#B5 TOPPER FEMME"},"content":{"rendered":"<p>Le topper femme <strong>LT97<\/strong> est un syst\u00e8me capillaire con\u00e7u pour offrir un r\u00e9sultat soign\u00e9 et une gestion pratique dans la routine quotidienne. La base combine <strong>top en soie avec cuir inject\u00e9<\/strong> et une structure <strong>tiss\u00e9e<\/strong>, avec <strong>rev\u00eatement en polyester<\/strong> e <strong>base p\u00e9rim\u00e9trale<\/strong>: une configuration pens\u00e9e pour une application soign\u00e9e et un confort constant pendant l\u2019usage.<\/p>\n<p>R\u00e9alis\u00e9 avec <strong>100% cheveux humains<\/strong>, LT97 est indiqu\u00e9 pour ceux qui d\u00e9sirent un topper \u00e0 l\u2019aspect naturel, avec une attention particuli\u00e8re au rendu de l\u2019attache et \u00e0 la sensation de la base au contact du cuir chevelu.<\/p>\n<h2>Caract\u00e9ristiques et d\u00e9tails du topper LT97<\/h2>\n<h3>Structure de la base<\/h3>\n<ul>\n<li><strong>Type de base :<\/strong> cuir de soie et base tress\u00e9e (tiss\u00e9e)<\/li>\n<li><strong>Top :<\/strong> top en soie avec cuir inject\u00e9<\/li>\n<li><strong>Rev\u00eatement :<\/strong> polyester<\/li>\n<li><strong>Construction :<\/strong> base p\u00e9rim\u00e9trale<\/li>\n<li><strong>Dimensions de la base :<\/strong> 17,018 cm<\/li>\n<\/ul>\n<h3>Cheveux<\/h3>\n<ul>\n<li><strong>Mat\u00e9riau des cheveux :<\/strong> 100% cheveux humains<\/li>\n<li><strong>Longueur des cheveux :<\/strong> 40,64 cm (dans l\u2019image montr\u00e9e la longueur est de 16\u2033 ; la longueur peut \u00eatre personnalis\u00e9e selon les pr\u00e9f\u00e9rences)<\/li>\n<li><strong>Densit\u00e9 des cheveux :<\/strong> 140%<\/li>\n<li><strong>Bouclage des cheveux :<\/strong> FO<\/li>\n<li><strong>Forme avant :<\/strong> CC<\/li>\n<li><strong>Couleur des cheveux :<\/strong> F#1B\\2\\4\\60\\B10\\B2\\B5\\B7\\7P10\\P116<\/li>\n<\/ul>\n<h2>Applications<\/h2>\n<p>LT97 est un <strong>topper pour femme<\/strong> pens\u00e9 pour int\u00e9grer et valoriser la chevelure dans les zones sup\u00e9rieures, avec une base qui allie soie\/cuir inject\u00e9 et trame. C\u2019est une solution adapt\u00e9e \u00e0 ceux qui recherchent :<\/p>\n<ul>\n<li>un syst\u00e8me avec <strong>implantation \u00e0 effet naturel<\/strong> et discret;<\/li>\n<li>une base d\u00e9crite comme <strong>douce et confortable<\/strong>;<\/li>\n<li>un topper maniable m\u00eame en phase de <strong>coupe et de l\u2019adaptation<\/strong> \u00e0 ses propres besoins.<\/li>\n<\/ul>\n<h2>Avantages du top en soie avec cuir inject\u00e9<\/h2>\n<p>La configuration <strong>top en soie avec cuir inject\u00e9<\/strong> est appr\u00e9ci\u00e9e pour le rendu esth\u00e9tique et la sensation au toucher. En particulier, pour LT97, les points forts suivants sont indiqu\u00e9s :<\/p>\n<ul>\n<li><strong>Cheveux 100 % humains%<\/strong> et mat\u00e9riaux de qualit\u00e9.<\/li>\n<li><strong>Attachement naturel et invisible<\/strong>.<\/li>\n<li><strong>Base douce et confortable<\/strong>, d\u00e9crite comme facile \u00e0 appliquer et facile \u00e0 couper.<\/li>\n<li>Structure en <strong>cuir de soie et tiss\u00e9<\/strong>, indiqu\u00e9e comme <strong>r\u00e9sistant et respirant<\/strong>.<\/li>\n<\/ul>\n<h2>Utilisation et notes importantes<\/h2>\n<h3>Personnalisation et support<\/h3>\n<p>La longueur peut \u00eatre <strong>personnalis\u00e9e<\/strong> selon les pr\u00e9f\u00e9rences. Si vous souhaitez voir <strong>plus de couleurs<\/strong> o <strong>plus d\u2019images<\/strong> de la proth\u00e8se capillaire, vous pouvez <a href=\"https:\/\/www.newfreestyle.it\/fr\/contacts\/\">nous contacter<\/a> ou nous \u00e9crire sur <a href=\"https:\/\/api.whatsapp.com\/send?phone=393297256048\">WhatsApp<\/a>.<\/p>\n<h3>D\u00e9lais de livraison<\/h3>\n<p>Le produit est <strong>g\u00e9n\u00e9ralement livr\u00e9 sous 5 \u00e0 10 jours<\/strong> apr\u00e8s avoir pass\u00e9 une commande.<\/p>\n<h3>Note sur les images et le rendu<\/h3>\n<p>Les images ont une fonction illustrative : le rendu final peut varier en fonction de la coupe, du coiffage et de l'adaptation aux pr\u00e9f\u00e9rences personnelles.<\/p>\n<h3>FAQ \u2013 Questions fr\u00e9quentes<\/h3>\n<h4>De quel type est la base du topper LT97 ?<\/h4>\n<p>La base est en cuir de soie avec une structure tiss\u00e9e (base tress\u00e9e). Il y a un dessus en soie avec cuir inject\u00e9, avec un rev\u00eatement en polyester et une base p\u00e9rim\u00e9trique.<\/p>\n<h4>Les cheveux du topper LT97 sont-ils naturels ?<\/h4>\n<p>Oui, le mat\u00e9riau des cheveux est indiqu\u00e9 comme 100% cheveux humains.<\/p>\n<h4>Quelle est la longueur des cheveux du topper LT97 ?<\/h4>\n<p>La longueur indiqu\u00e9e est de 40,64 cm ; sur l'image montr\u00e9e, la longueur est de 16\u2033. Il est \u00e9galement pr\u00e9cis\u00e9 que la longueur peut \u00eatre personnalis\u00e9e selon les pr\u00e9f\u00e9rences.<\/p>\n<h4>Quelles couleurs sont disponibles pour LT97 ?<\/h4>\n<p>La couleur des cheveux est indiqu\u00e9e comme F#1B\\2\\4\\60\\B10\\B2\\B5\\B7\\7P10\\P116. Si vous souhaitez voir plus de couleurs ou d'images, vous pouvez nous contacter ou nous \u00e9crire sur WhatsApp.<\/p>\n<h4>En combien de temps le topper LT97 est-il livr\u00e9 ?<\/h4>\n<p>La livraison est g\u00e9n\u00e9ralement indiqu\u00e9e dans un d\u00e9lai de 5 \u00e0 10 jours apr\u00e8s avoir pass\u00e9 une commande.<\/p>\n<p><script type=\"application\/ld+json\">\n{\"@context\":\"https:\/\/schema.org\",\"@type\":\"FAQPage\",\"mainEntity\":[{\"@type\":\"Question\",\"name\":\"Di che tipo \u00e8 la base del topper LT97?\",\"acceptedAnswer\":{\"@type\":\"Answer\",\"text\":\"La base \u00e8 in pelle di seta con struttura tramata (base intrecciata). \u00c8 presente un top in seta con pelle a iniezione, con rivestimento in poliestere e base perimetrale.\"}},{\"@type\":\"Question\",\"name\":\"I capelli del topper LT97 sono naturali?\",\"acceptedAnswer\":{\"@type\":\"Answer\",\"text\":\"S\u00ec, il materiale dei capelli \u00e8 indicato come 100% capelli umani.\"}},{\"@type\":\"Question\",\"name\":\"Qual \u00e8 la lunghezza dei capelli del topper LT97?\",\"acceptedAnswer\":{\"@type\":\"Answer\",\"text\":\"La lunghezza indicata \u00e8 40,64 cm; nell\u2019immagine mostrata la lunghezza \u00e8 16\u2033. \u00c8 inoltre specificato che la lunghezza pu\u00f2 essere personalizzata in base alle preferenze.\"}},{\"@type\":\"Question\",\"name\":\"Quali colori sono disponibili per LT97?\",\"acceptedAnswer\":{\"@type\":\"Answer\",\"text\":\"Il colore dei capelli \u00e8 indicato come F#1B\\\\2\\\\4\\\\60\\\\B10\\\\B2\\\\B5\\\\B7\\\\7P10\\\\P116. Se desideri vedere pi\u00f9 colori o immagini, puoi contattarci o scriverci su WhatsApp.\"}},{\"@type\":\"Question\",\"name\":\"In quanto tempo viene consegnato il topper LT97?\",\"acceptedAnswer\":{\"@type\":\"Answer\",\"text\":\"La consegna \u00e8 indicata solitamente entro 5 ~ 10 giorni dopo aver effettuato un ordine.\"}}]}\n<\/script><\/p>","protected":false},"excerpt":{"rendered":"<p>LT97 est un topper femme avec une base en cuir de soie et une structure tiss\u00e9e, con\u00e7u pour un r\u00e9sultat soign\u00e9 et une gestion pratique. Le top en soie avec cuir inject\u00e9 est pens\u00e9 pour une attache \u00e0 effet naturel et discret, tandis que la base est d\u00e9crite comme douce et confortable, facile \u00e0 appliquer et \u00e0 couper. R\u00e9alis\u00e9 avec 100% cheveux humains, il offre une densit\u00e9 indiqu\u00e9e \u00e0 140% et une longueur montr\u00e9e en photo de 16\u2033 (personnalisable). Pour voir plus de couleurs ou d\u2019images, contactez-nous ou \u00e9crivez-nous sur WhatsApp.<\/p>","protected":false},"featured_media":46332,"comment_status":"open","ping_status":"closed","template":"","meta":{"_acf_changed":false,"_monsterinsights_skip_tracking":false,"_monsterinsights_sitenote_active":false,"_monsterinsights_sitenote_note":"","_monsterinsights_sitenote_category":0},"product_brand":[],"product_cat":[71],"product_tag":[],"class_list":{"0":"post-46324","1":"product","2":"type-product","3":"status-publish","4":"has-post-thumbnail","6":"product_cat-protesi-capelli-donna","8":"first","9":"instock","10":"shipping-taxable","11":"product-type-simple"},"acf":[],"yoast_head":"<!-- This site is optimized with the Yoast SEO Premium plugin v26.1 (Yoast SEO v26.1.1) - https:\/\/yoast.com\/wordpress\/plugins\/seo\/ -->\n<title>Topper donna LT97 in seta e pelle a iniezione | New Freestyle<\/title>\n<meta name=\"description\" content=\"Topper donna LT97 con top in seta e pelle a iniezione, base tramata e 100% capelli umani. Contattaci per colori e immagini disponibili.\" \/>\n<meta name=\"robots\" content=\"index, follow, max-snippet:-1, max-image-preview:large, max-video-preview:-1\" \/>\n<link rel=\"canonical\" href=\"https:\/\/www.newfreestyle.it\/fr\/produit\/lt97-4x4inch-silk-top-with-injection-moulded-leather-with-straight-silk-weave-polyester-lining-perimeter-base-10a-fb5-womens-topper\/\" \/>\n<meta property=\"og:locale\" content=\"fr_FR\" \/>\n<meta property=\"og:type\" content=\"article\" \/>\n<meta property=\"og:title\" content=\"LT97 4X4INCH TOP IN SETA CON PELLE A INIEZIONE CON TRAMA IN SETA DRITTA, RIVESTIMENTO IN POLIESTERE BASE PERIMETRALE 10A F#B5 TOPPER DONNA\" \/>\n<meta property=\"og:description\" content=\"LT97 \u00e8 un topper donna con base in pelle di seta e struttura tramata, progettato per un risultato ordinato e una gestione pratica. Il top in seta con pelle a iniezione \u00e8 pensato per un\u2019attaccatura dall\u2019effetto naturale e discreto, mentre la base \u00e8 descritta come morbida e confortevole, facile da applicare e da tagliare. Realizzato con 100% capelli umani, offre una densit\u00e0 indicata al 140% e una lunghezza mostrata in foto di 16\u2033 (personalizzabile). Per vedere pi\u00f9 colori o immagini, contattaci o scrivici su WhatsApp.\" \/>\n<meta property=\"og:url\" content=\"https:\/\/www.newfreestyle.it\/fr\/produit\/lt97-4x4inch-silk-top-with-injection-moulded-leather-with-straight-silk-weave-polyester-lining-perimeter-base-10a-fb5-womens-topper\/\" \/>\n<meta property=\"og:site_name\" content=\"Newfreestyle Hair System\" \/>\n<meta property=\"article:publisher\" content=\"https:\/\/www.facebook.com\/newfreestyle.it\/\" \/>\n<meta property=\"article:modified_time\" content=\"2026-02-16T14:52:23+00:00\" \/>\n<meta property=\"og:image\" content=\"https:\/\/www.newfreestyle.it\/wp-content\/uploads\/2023\/10\/71.jpg\" \/>\n\t<meta property=\"og:image:width\" content=\"751\" \/>\n\t<meta property=\"og:image:height\" content=\"708\" \/>\n\t<meta property=\"og:image:type\" content=\"image\/jpeg\" \/>\n<meta name=\"twitter:card\" content=\"summary_large_image\" \/>\n<meta name=\"twitter:label1\" content=\"Prix\" \/>\n\t<meta name=\"twitter:data1\" content=\"\" \/>\n\t<meta name=\"twitter:label2\" content=\"Disponibilit\u00e9\" \/>\n\t<meta name=\"twitter:data2\" content=\"En stock\" \/>\n<script type=\"application\/ld+json\" class=\"yoast-schema-graph\">{\"@context\":\"https:\/\/schema.org\",\"@graph\":[{\"@type\":\"WebPage\",\"@id\":\"https:\/\/www.newfreestyle.it\/prodotto\/lt97-4x4inch-top-in-seta-con-pelle-a-iniezione-con-trama-in-seta-dritta-rivestimento-in-poliestere-base-perimetrale-10a-fb5-topper-donna\/\",\"url\":\"https:\/\/www.newfreestyle.it\/prodotto\/lt97-4x4inch-top-in-seta-con-pelle-a-iniezione-con-trama-in-seta-dritta-rivestimento-in-poliestere-base-perimetrale-10a-fb5-topper-donna\/\",\"name\":\"Topper donna LT97 in seta e pelle a iniezione | New Freestyle\",\"isPartOf\":{\"@id\":\"https:\/\/www.newfreestyle.it\/en\/#website\"},\"primaryImageOfPage\":{\"@id\":\"https:\/\/www.newfreestyle.it\/prodotto\/lt97-4x4inch-top-in-seta-con-pelle-a-iniezione-con-trama-in-seta-dritta-rivestimento-in-poliestere-base-perimetrale-10a-fb5-topper-donna\/#primaryimage\"},\"image\":{\"@id\":\"https:\/\/www.newfreestyle.it\/prodotto\/lt97-4x4inch-top-in-seta-con-pelle-a-iniezione-con-trama-in-seta-dritta-rivestimento-in-poliestere-base-perimetrale-10a-fb5-topper-donna\/#primaryimage\"},\"thumbnailUrl\":\"https:\/\/www.newfreestyle.it\/wp-content\/uploads\/2023\/10\/71.jpg\",\"datePublished\":\"2023-10-17T07:50:20+00:00\",\"dateModified\":\"2026-02-16T14:52:23+00:00\",\"description\":\"Topper donna LT97 con top in seta e pelle a iniezione, base tramata e 100% capelli umani. Contattaci per colori e immagini disponibili.\",\"breadcrumb\":{\"@id\":\"https:\/\/www.newfreestyle.it\/prodotto\/lt97-4x4inch-top-in-seta-con-pelle-a-iniezione-con-trama-in-seta-dritta-rivestimento-in-poliestere-base-perimetrale-10a-fb5-topper-donna\/#breadcrumb\"},\"inLanguage\":\"fr-FR\",\"potentialAction\":[{\"@type\":\"ReadAction\",\"target\":[\"https:\/\/www.newfreestyle.it\/prodotto\/lt97-4x4inch-top-in-seta-con-pelle-a-iniezione-con-trama-in-seta-dritta-rivestimento-in-poliestere-base-perimetrale-10a-fb5-topper-donna\/\"]}]},{\"@type\":\"ImageObject\",\"inLanguage\":\"fr-FR\",\"@id\":\"https:\/\/www.newfreestyle.it\/prodotto\/lt97-4x4inch-top-in-seta-con-pelle-a-iniezione-con-trama-in-seta-dritta-rivestimento-in-poliestere-base-perimetrale-10a-fb5-topper-donna\/#primaryimage\",\"url\":\"https:\/\/www.newfreestyle.it\/wp-content\/uploads\/2023\/10\/71.jpg\",\"contentUrl\":\"https:\/\/www.newfreestyle.it\/wp-content\/uploads\/2023\/10\/71.jpg\",\"width\":751,\"height\":708},{\"@type\":\"BreadcrumbList\",\"@id\":\"https:\/\/www.newfreestyle.it\/prodotto\/lt97-4x4inch-top-in-seta-con-pelle-a-iniezione-con-trama-in-seta-dritta-rivestimento-in-poliestere-base-perimetrale-10a-fb5-topper-donna\/#breadcrumb\",\"itemListElement\":[{\"@type\":\"ListItem\",\"position\":1,\"name\":\"Home\",\"item\":\"https:\/\/www.newfreestyle.it\/\"},{\"@type\":\"ListItem\",\"position\":2,\"name\":\"Shop\",\"item\":\"https:\/\/www.newfreestyle.it\/en\/shop\/\"},{\"@type\":\"ListItem\",\"position\":3,\"name\":\"LT97 4X4INCH TOP IN SETA CON PELLE A INIEZIONE CON TRAMA IN SETA DRITTA, RIVESTIMENTO IN POLIESTERE BASE PERIMETRALE 10A F#B5 TOPPER DONNA\"}]},{\"@type\":\"WebSite\",\"@id\":\"https:\/\/www.newfreestyle.it\/en\/#website\",\"url\":\"https:\/\/www.newfreestyle.it\/en\/\",\"name\":\"Protesi Capelli Uomo Impianti Capillari\",\"description\":\"Risolviamo ogni tipologia di Calvizie mediante l\u2019ausilio di protesi capillari non chirurgiche anche chiamata patch cutaneo.\",\"publisher\":{\"@id\":\"https:\/\/www.newfreestyle.it\/en\/#organization\"},\"potentialAction\":[{\"@type\":\"SearchAction\",\"target\":{\"@type\":\"EntryPoint\",\"urlTemplate\":\"https:\/\/www.newfreestyle.it\/en\/?s={search_term_string}\"},\"query-input\":{\"@type\":\"PropertyValueSpecification\",\"valueRequired\":true,\"valueName\":\"search_term_string\"}}],\"inLanguage\":\"fr-FR\"},{\"@type\":[\"Organization\",\"Place\"],\"@id\":\"https:\/\/www.newfreestyle.it\/en\/#organization\",\"name\":\"Newfreestyle Hair System\",\"alternateName\":\"Protesi Capelli Uomo Personalizzate\",\"url\":\"https:\/\/www.newfreestyle.it\/en\/\",\"logo\":{\"@id\":\"https:\/\/www.newfreestyle.it\/prodotto\/lt97-4x4inch-top-in-seta-con-pelle-a-iniezione-con-trama-in-seta-dritta-rivestimento-in-poliestere-base-perimetrale-10a-fb5-topper-donna\/#local-main-organization-logo\"},\"image\":{\"@id\":\"https:\/\/www.newfreestyle.it\/prodotto\/lt97-4x4inch-top-in-seta-con-pelle-a-iniezione-con-trama-in-seta-dritta-rivestimento-in-poliestere-base-perimetrale-10a-fb5-topper-donna\/#local-main-organization-logo\"},\"sameAs\":[\"https:\/\/www.facebook.com\/newfreestyle.it\/\",\"https:\/\/www.instagram.com\/newfreestyle_hairsystem\/\"],\"address\":{\"@id\":\"https:\/\/www.newfreestyle.it\/prodotto\/lt97-4x4inch-top-in-seta-con-pelle-a-iniezione-con-trama-in-seta-dritta-rivestimento-in-poliestere-base-perimetrale-10a-fb5-topper-donna\/#local-main-place-address\"},\"geo\":{\"@type\":\"GeoCoordinates\",\"latitude\":\"45.5086608\",\"longitude\":\"9.2005743\"},\"telephone\":[\"3297256048\"],\"openingHoursSpecification\":[{\"@type\":\"OpeningHoursSpecification\",\"dayOfWeek\":[\"Monday\",\"Tuesday\",\"Wednesday\",\"Thursday\",\"Friday\",\"Saturday\"],\"opens\":\"09:00\",\"closes\":\"19:00\"},{\"@type\":\"OpeningHoursSpecification\",\"dayOfWeek\":[\"Sunday\"],\"opens\":\"00:00\",\"closes\":\"00:00\"}],\"email\":\"direzione@newfreestyle.it\",\"vatID\":\"IT11145080963\",\"taxID\":\"SCIMST69H67I690R\"},{\"@type\":\"PostalAddress\",\"@id\":\"https:\/\/www.newfreestyle.it\/prodotto\/lt97-4x4inch-top-in-seta-con-pelle-a-iniezione-con-trama-in-seta-dritta-rivestimento-in-poliestere-base-perimetrale-10a-fb5-topper-donna\/#local-main-place-address\",\"streetAddress\":\"Via Cino da Pistoia, 18\",\"addressLocality\":\"Milano\",\"postalCode\":\"20162\",\"addressRegion\":\"MI\",\"addressCountry\":\"IT\"},{\"@type\":\"ImageObject\",\"inLanguage\":\"fr-FR\",\"@id\":\"https:\/\/www.newfreestyle.it\/prodotto\/lt97-4x4inch-top-in-seta-con-pelle-a-iniezione-con-trama-in-seta-dritta-rivestimento-in-poliestere-base-perimetrale-10a-fb5-topper-donna\/#local-main-organization-logo\",\"url\":\"https:\/\/www.newfreestyle.it\/wp-content\/uploads\/2023\/09\/cropped-newfreestyle-150x145-1.png\",\"contentUrl\":\"https:\/\/www.newfreestyle.it\/wp-content\/uploads\/2023\/09\/cropped-newfreestyle-150x145-1.png\",\"width\":512,\"height\":512,\"caption\":\"Newfreestyle Hair System\"}]}<\/script>\n<meta property=\"product:price:currency\" content=\"EUR\" \/>\n<meta property=\"og:availability\" content=\"instock\" \/>\n<meta property=\"product:availability\" content=\"instock\" \/>\n<meta property=\"product:condition\" content=\"new\" \/>\n<meta name=\"geo.placename\" content=\"Milano\" \/>\n<meta name=\"geo.position\" content=\"45.5086608;9.2005743\" \/>\n<meta name=\"geo.region\" content=\"Italie\" \/>\n<!-- \/ Yoast SEO Premium plugin. -->","yoast_head_json":{"title":"Topper femme LT97 en soie et cuir inject\u00e9 | New Freestyle","description":"Topper femme LT97 avec dessus en soie et cuir inject\u00e9, base tiss\u00e9e et 100% cheveux humains. Contactez-nous pour les couleurs et images disponibles.","robots":{"index":"index","follow":"follow","max-snippet":"max-snippet:-1","max-image-preview":"max-image-preview:large","max-video-preview":"max-video-preview:-1"},"canonical":"https:\/\/www.newfreestyle.it\/fr\/produit\/lt97-4x4inch-silk-top-with-injection-moulded-leather-with-straight-silk-weave-polyester-lining-perimeter-base-10a-fb5-womens-topper\/","og_locale":"fr_FR","og_type":"article","og_title":"LT97 4X4INCH TOP IN SETA CON PELLE A INIEZIONE CON TRAMA IN SETA DRITTA, RIVESTIMENTO IN POLIESTERE BASE PERIMETRALE 10A F#B5 TOPPER DONNA","og_description":"LT97 \u00e8 un topper donna con base in pelle di seta e struttura tramata, progettato per un risultato ordinato e una gestione pratica. Il top in seta con pelle a iniezione \u00e8 pensato per un\u2019attaccatura dall\u2019effetto naturale e discreto, mentre la base \u00e8 descritta come morbida e confortevole, facile da applicare e da tagliare. Realizzato con 100% capelli umani, offre una densit\u00e0 indicata al 140% e una lunghezza mostrata in foto di 16\u2033 (personalizzabile). Per vedere pi\u00f9 colori o immagini, contattaci o scrivici su WhatsApp.","og_url":"https:\/\/www.newfreestyle.it\/fr\/produit\/lt97-4x4inch-silk-top-with-injection-moulded-leather-with-straight-silk-weave-polyester-lining-perimeter-base-10a-fb5-womens-topper\/","og_site_name":"Newfreestyle Hair System","article_publisher":"https:\/\/www.facebook.com\/newfreestyle.it\/","article_modified_time":"2026-02-16T14:52:23+00:00","og_image":[{"width":751,"height":708,"url":"https:\/\/www.newfreestyle.it\/wp-content\/uploads\/2023\/10\/71.jpg","type":"image\/jpeg"}],"twitter_card":"summary_large_image","twitter_misc":{"Prix":"","Disponibilit\u00e9":"En stock"},"schema":{"@context":"https:\/\/schema.org","@graph":[{"@type":"WebPage","@id":"https:\/\/www.newfreestyle.it\/prodotto\/lt97-4x4inch-top-in-seta-con-pelle-a-iniezione-con-trama-in-seta-dritta-rivestimento-in-poliestere-base-perimetrale-10a-fb5-topper-donna\/","url":"https:\/\/www.newfreestyle.it\/prodotto\/lt97-4x4inch-top-in-seta-con-pelle-a-iniezione-con-trama-in-seta-dritta-rivestimento-in-poliestere-base-perimetrale-10a-fb5-topper-donna\/","name":"Topper femme LT97 en soie et cuir inject\u00e9 | New Freestyle","isPartOf":{"@id":"https:\/\/www.newfreestyle.it\/en\/#website"},"primaryImageOfPage":{"@id":"https:\/\/www.newfreestyle.it\/prodotto\/lt97-4x4inch-top-in-seta-con-pelle-a-iniezione-con-trama-in-seta-dritta-rivestimento-in-poliestere-base-perimetrale-10a-fb5-topper-donna\/#primaryimage"},"image":{"@id":"https:\/\/www.newfreestyle.it\/prodotto\/lt97-4x4inch-top-in-seta-con-pelle-a-iniezione-con-trama-in-seta-dritta-rivestimento-in-poliestere-base-perimetrale-10a-fb5-topper-donna\/#primaryimage"},"thumbnailUrl":"https:\/\/www.newfreestyle.it\/wp-content\/uploads\/2023\/10\/71.jpg","datePublished":"2023-10-17T07:50:20+00:00","dateModified":"2026-02-16T14:52:23+00:00","description":"Topper femme LT97 avec dessus en soie et cuir inject\u00e9, base tiss\u00e9e et 100% cheveux humains. Contactez-nous pour les couleurs et images disponibles.","breadcrumb":{"@id":"https:\/\/www.newfreestyle.it\/prodotto\/lt97-4x4inch-top-in-seta-con-pelle-a-iniezione-con-trama-in-seta-dritta-rivestimento-in-poliestere-base-perimetrale-10a-fb5-topper-donna\/#breadcrumb"},"inLanguage":"fr-FR","potentialAction":[{"@type":"ReadAction","target":["https:\/\/www.newfreestyle.it\/prodotto\/lt97-4x4inch-top-in-seta-con-pelle-a-iniezione-con-trama-in-seta-dritta-rivestimento-in-poliestere-base-perimetrale-10a-fb5-topper-donna\/"]}]},{"@type":"ImageObject","inLanguage":"fr-FR","@id":"https:\/\/www.newfreestyle.it\/prodotto\/lt97-4x4inch-top-in-seta-con-pelle-a-iniezione-con-trama-in-seta-dritta-rivestimento-in-poliestere-base-perimetrale-10a-fb5-topper-donna\/#primaryimage","url":"https:\/\/www.newfreestyle.it\/wp-content\/uploads\/2023\/10\/71.jpg","contentUrl":"https:\/\/www.newfreestyle.it\/wp-content\/uploads\/2023\/10\/71.jpg","width":751,"height":708},{"@type":"BreadcrumbList","@id":"https:\/\/www.newfreestyle.it\/prodotto\/lt97-4x4inch-top-in-seta-con-pelle-a-iniezione-con-trama-in-seta-dritta-rivestimento-in-poliestere-base-perimetrale-10a-fb5-topper-donna\/#breadcrumb","itemListElement":[{"@type":"ListItem","position":1,"name":"Home","item":"https:\/\/www.newfreestyle.it\/"},{"@type":"ListItem","position":2,"name":"Shop","item":"https:\/\/www.newfreestyle.it\/en\/shop\/"},{"@type":"ListItem","position":3,"name":"LT97 4X4INCH TOP IN SETA CON PELLE A INIEZIONE CON TRAMA IN SETA DRITTA, RIVESTIMENTO IN POLIESTERE BASE PERIMETRALE 10A F#B5 TOPPER DONNA"}]},{"@type":"WebSite","@id":"https:\/\/www.newfreestyle.it\/en\/#website","url":"https:\/\/www.newfreestyle.it\/en\/","name":"Implants capillaires pour hommes Implants capillaires","description":"Nous r\u00e9solvons tous les types de calvitie \u00e0 l'aide d'implants capillaires non chirurgicaux, \u00e9galement appel\u00e9s patchs cutan\u00e9s.","publisher":{"@id":"https:\/\/www.newfreestyle.it\/en\/#organization"},"potentialAction":[{"@type":"SearchAction","target":{"@type":"EntryPoint","urlTemplate":"https:\/\/www.newfreestyle.it\/en\/?s={search_term_string}"},"query-input":{"@type":"PropertyValueSpecification","valueRequired":true,"valueName":"search_term_string"}}],"inLanguage":"fr-FR"},{"@type":["Organization","Place"],"@id":"https:\/\/www.newfreestyle.it\/en\/#organization","name":"Syst\u00e8me capillaire Newfreestyle","alternateName":"Protesi Capelli Uomo Personalizzate","url":"https:\/\/www.newfreestyle.it\/en\/","logo":{"@id":"https:\/\/www.newfreestyle.it\/prodotto\/lt97-4x4inch-top-in-seta-con-pelle-a-iniezione-con-trama-in-seta-dritta-rivestimento-in-poliestere-base-perimetrale-10a-fb5-topper-donna\/#local-main-organization-logo"},"image":{"@id":"https:\/\/www.newfreestyle.it\/prodotto\/lt97-4x4inch-top-in-seta-con-pelle-a-iniezione-con-trama-in-seta-dritta-rivestimento-in-poliestere-base-perimetrale-10a-fb5-topper-donna\/#local-main-organization-logo"},"sameAs":["https:\/\/www.facebook.com\/newfreestyle.it\/","https:\/\/www.instagram.com\/newfreestyle_hairsystem\/"],"address":{"@id":"https:\/\/www.newfreestyle.it\/prodotto\/lt97-4x4inch-top-in-seta-con-pelle-a-iniezione-con-trama-in-seta-dritta-rivestimento-in-poliestere-base-perimetrale-10a-fb5-topper-donna\/#local-main-place-address"},"geo":{"@type":"GeoCoordinates","latitude":"45.5086608","longitude":"9.2005743"},"telephone":["3297256048"],"openingHoursSpecification":[{"@type":"OpeningHoursSpecification","dayOfWeek":["Monday","Tuesday","Wednesday","Thursday","Friday","Saturday"],"opens":"09:00","closes":"19:00"},{"@type":"OpeningHoursSpecification","dayOfWeek":["Sunday"],"opens":"00:00","closes":"00:00"}],"email":"direzione@newfreestyle.it","vatID":"IT11145080963","taxID":"SCIMST69H67I690R"},{"@type":"PostalAddress","@id":"https:\/\/www.newfreestyle.it\/prodotto\/lt97-4x4inch-top-in-seta-con-pelle-a-iniezione-con-trama-in-seta-dritta-rivestimento-in-poliestere-base-perimetrale-10a-fb5-topper-donna\/#local-main-place-address","streetAddress":"Via Cino da Pistoia, 18","addressLocality":"Milano","postalCode":"20162","addressRegion":"MI","addressCountry":"IT"},{"@type":"ImageObject","inLanguage":"fr-FR","@id":"https:\/\/www.newfreestyle.it\/prodotto\/lt97-4x4inch-top-in-seta-con-pelle-a-iniezione-con-trama-in-seta-dritta-rivestimento-in-poliestere-base-perimetrale-10a-fb5-topper-donna\/#local-main-organization-logo","url":"https:\/\/www.newfreestyle.it\/wp-content\/uploads\/2023\/09\/cropped-newfreestyle-150x145-1.png","contentUrl":"https:\/\/www.newfreestyle.it\/wp-content\/uploads\/2023\/09\/cropped-newfreestyle-150x145-1.png","width":512,"height":512,"caption":"Newfreestyle Hair System"}]},"product_price_currency":"EUR","og_availability":"instock","product_availability":"instock","product_condition":"new","geo.placename":"Milano","geo.position":{"lat":"45.5086608","long":"9.2005743"},"geo.region":"Italie"},"_links":{"self":[{"href":"https:\/\/www.newfreestyle.it\/fr\/wp-json\/wp\/v2\/product\/46324","targetHints":{"allow":["GET"]}}],"collection":[{"href":"https:\/\/www.newfreestyle.it\/fr\/wp-json\/wp\/v2\/product"}],"about":[{"href":"https:\/\/www.newfreestyle.it\/fr\/wp-json\/wp\/v2\/types\/product"}],"replies":[{"embeddable":true,"href":"https:\/\/www.newfreestyle.it\/fr\/wp-json\/wp\/v2\/comments?post=46324"}],"wp:featuredmedia":[{"embeddable":true,"href":"https:\/\/www.newfreestyle.it\/fr\/wp-json\/wp\/v2\/media\/46332"}],"wp:attachment":[{"href":"https:\/\/www.newfreestyle.it\/fr\/wp-json\/wp\/v2\/media?parent=46324"}],"wp:term":[{"taxonomy":"product_brand","embeddable":true,"href":"https:\/\/www.newfreestyle.it\/fr\/wp-json\/wp\/v2\/product_brand?post=46324"},{"taxonomy":"product_cat","embeddable":true,"href":"https:\/\/www.newfreestyle.it\/fr\/wp-json\/wp\/v2\/product_cat?post=46324"},{"taxonomy":"product_tag","embeddable":true,"href":"https:\/\/www.newfreestyle.it\/fr\/wp-json\/wp\/v2\/product_tag?post=46324"}],"curies":[{"name":"wp","href":"https:\/\/api.w.org\/{rel}","templated":true}]}}