
{"id":46308,"date":"2023-10-17T09:39:30","date_gmt":"2023-10-17T07:39:30","guid":{"rendered":"https:\/\/www.newfreestyle.it\/?post_type=product&#038;p=46308"},"modified":"2026-02-16T16:52:25","modified_gmt":"2026-02-16T14:52:25","slug":"prothese-capillaire-pour-femme-base-soie-top-avec-texture","status":"publish","type":"product","link":"https:\/\/www.newfreestyle.it\/fr\/produit\/prothese-capillaire-pour-femme-base-soie-top-avec-texture\/","title":{"rendered":"Proth\u00e8se capillaire Silk Top de base pour femme avec texture"},"content":{"rendered":"<h2>Proth\u00e8se capillaire Silk Top de base pour femme avec texture<\/h2>\n<p>La <strong>base LT103<\/strong> est une proth\u00e8se cheveux pour femme r\u00e9alis\u00e9e avec <strong>base en soie (Silk Top) et trame<\/strong>. C\u2019est un syst\u00e8me capillaire <strong>r\u00e9alis\u00e9 \u00e0 la main \u00e0 100%<\/strong>, con\u00e7u pour offrir un r\u00e9sultat soign\u00e9 et une gestion pratique lors de l\u2019application et de l\u2019entretien.<\/p>\n<p>Si vous souhaitez voir <strong>plus de couleurs<\/strong> o <strong>plus d\u2019images<\/strong> de la proth\u00e8se capillaire, vous pouvez <a href=\"https:\/\/www.newfreestyle.it\/fr\/contacts\/\">nous contacter<\/a> ou nous \u00e9crire sur <a href=\"https:\/\/api.whatsapp.com\/send?phone=393297256048\">WhatsApp<\/a>.<\/p>\n<h2>Caract\u00e9ristiques et d\u00e9tails<\/h2>\n<h3>Sp\u00e9cifications du syst\u00e8me<\/h3>\n<ul>\n<li><strong>Type de base :<\/strong> Trame avec base en soie<\/li>\n<li><strong>Dimensions de la base :<\/strong> 17,018cm<\/li>\n<li><strong>Mat\u00e9riau des cheveux :<\/strong> 100% cheveux humains<\/li>\n<li><strong>Longueur des cheveux :<\/strong> 40,64cm<\/li>\n<li><strong>Couleur des cheveux :<\/strong> F#NC\\2\\60\\4T60<\/li>\n<li><strong>Densit\u00e9 des cheveux :<\/strong> 140%<\/li>\n<li><strong>Bouclage des cheveux :<\/strong> FO<\/li>\n<li><strong>Forme avant :<\/strong> CC<\/li>\n<\/ul>\n<h3>Construction et fabrication<\/h3>\n<p>Ce syst\u00e8me capillaire est <strong>r\u00e9alis\u00e9 \u00e0 la main \u00e0 100%<\/strong>. La fabrication est pens\u00e9e pour maintenir un aspect naturel et un bon ajustement, avec une base con\u00e7ue pour \u00eatre confortable pendant l\u2019usage.<\/p>\n<p>Comme indiqu\u00e9 par le fabricant, <strong>nous recueillons chaque cheveu<\/strong> pour maintenir une haute qualit\u00e9 du mat\u00e9riau et pr\u00e9server autant que possible la flexibilit\u00e9 originale.<\/p>\n<h3>Structure de la base<\/h3>\n<p>Le syst\u00e8me est d\u00e9crit comme <strong>mono fin<\/strong> avec une <strong>base p\u00e9rim\u00e9trale en rev\u00eatement polyester<\/strong>, con\u00e7ue pour contribuer \u00e0 la r\u00e9sistance et \u00e0 la respirabilit\u00e9.<\/p>\n<h2>Applications<\/h2>\n<p>La Proth\u00e8se Cheveux Femme base Silk Top avec trame est indiqu\u00e9e pour celles qui d\u00e9sirent un syst\u00e8me capillaire f\u00e9minin avec :<\/p>\n<ul>\n<li><strong>cheveux humains<\/strong> pour un rendu esth\u00e9tique naturel et une gestion similaire aux cheveux ;<\/li>\n<li>une base en <strong>soie<\/strong> (Silk Top) associ\u00e9e \u00e0 <strong>tissage<\/strong>;<\/li>\n<li>un r\u00e9glage adapt\u00e9 \u00e0 celles qui recherchent une<strong>ligne frontale<\/strong> \u00e0 l\u2019effet discret.<\/li>\n<\/ul>\n<p>C\u2019est une solution adapt\u00e9e aussi bien \u00e0 celles qui utilisent des proth\u00e8ses capillaires r\u00e9guli\u00e8rement, qu\u2019\u00e0 celles qui d\u00e9sirent un syst\u00e8me \u00e0 int\u00e9grer dans leur routine de coiffage et d\u2019entretien.<\/p>\n<h2>Avantages<\/h2>\n<ul>\n<li><strong>Cheveux 100 % humains%<\/strong> et des mat\u00e9riaux de haute qualit\u00e9 (comme indiqu\u00e9 dans la description du produit).<\/li>\n<li><strong>Attachement naturel et invisible<\/strong>, con\u00e7ue pour ne pas se faire facilement remarquer.<\/li>\n<li><strong>Base douce et confortable<\/strong>, d\u00e9crite comme <strong>facile \u00e0 appliquer<\/strong> e <strong>facile \u00e0 couper<\/strong> pour l\u2019adaptation.<\/li>\n<li><strong>Durabilit\u00e9<\/strong>: le produit est indiqu\u00e9 comme capable de durer <strong>6-9 mois<\/strong> (variable selon l\u2019utilisation et l\u2019entretien).<\/li>\n<li><strong>D\u00e9lais de livraison<\/strong>: g\u00e9n\u00e9ralement <strong>sous 5 ~ 10 jours<\/strong> apr\u00e8s avoir pass\u00e9 une commande.<\/li>\n<\/ul>\n<h2>Utilisation et notes<\/h2>\n<h3>Adaptation et application<\/h3>\n<p>La base est d\u00e9crite comme <strong>facile \u00e0 appliquer<\/strong> e <strong>facile \u00e0 couper<\/strong>, caract\u00e9ristiques utiles lorsque l\u2019on souhaite adapter le syst\u00e8me \u00e0 sa zone d\u2019application. Pour un r\u00e9sultat optimal, il est conseill\u00e9 de proc\u00e9der avec pr\u00e9caution lors de la coupe et d\u2019envisager un soutien professionnel en cas de manque d\u2019exp\u00e9rience.<\/p>\n<h3>Attache et rendu esth\u00e9tique<\/h3>\n<p>L'<strong>attache des cheveux<\/strong> est indiqu\u00e9e comme <strong>naturelle et invisible<\/strong>, donc con\u00e7ue pour \u00eatre peu visible. La <strong>forme avant CC<\/strong> et le<strong>bouclage FO&lt;\/strong font partie des sp\u00e9cifications du mod\u00e8le.<\/strong><\/p>\n<h3>Personnalisations<\/h3>\n<p>Si vous souhaitez <strong>personnaliser un autre type<\/strong>, l\u2019option est disponible <strong>personnaliser<\/strong> (comme indiqu\u00e9 dans la description originale). Pour \u00e9valuer les couleurs et images suppl\u00e9mentaires, nous vous invitons \u00e0 <a href=\"https:\/\/www.newfreestyle.it\/fr\/contacts\/\">nous contacter<\/a> ou \u00e0 nous \u00e9crire sur <a href=\"https:\/\/api.whatsapp.com\/send?phone=393297256048\">WhatsApp<\/a>.<\/p>\n<h3>FAQ \u2013 Questions fr\u00e9quentes<\/h3>\n<h4>Quel type de base a la proth\u00e8se LT103 ?<\/h4>\n<p>La LT103 est indiqu\u00e9e avec une base en soie (Silk Top) associ\u00e9e \u00e0 une structure \u00e0 trame. Les sp\u00e9cifications indiquent \u00e9galement que le syst\u00e8me est mono fin avec une base p\u00e9rim\u00e9trale en rev\u00eatement polyester.<\/p>\n<h4>Les cheveux sont-ils naturels ?<\/h4>\n<p>Oui, le mat\u00e9riau des cheveux est indiqu\u00e9 comme 100% cheveux humains.<\/p>\n<h4>Quelles sont la longueur et la densit\u00e9 des cheveux ?<\/h4>\n<p>La longueur des cheveux est indiqu\u00e9e comme 40,64 cm et la densit\u00e9 comme 140%.<\/p>\n<h4>Combien de temps cette proth\u00e8se peut-elle durer ?<\/h4>\n<p>La description du produit indique qu\u2019elle est durable et peut durer 6-9 mois. La dur\u00e9e effective peut varier selon l\u2019utilisation et l\u2019entretien.<\/p>\n<h4>En combien de temps est-elle livr\u00e9e apr\u00e8s la commande ?<\/h4>\n<p>Il est indiqu\u00e9 qu\u2019elle est g\u00e9n\u00e9ralement livr\u00e9e sous 5 \u00e0 10 jours apr\u00e8s la commande.<\/p>\n<p><script type=\"application\/ld+json\">\n{\"@context\":\"https:\/\/schema.org\",\"@type\":\"FAQPage\",\"mainEntity\":[{\"@type\":\"Question\",\"name\":\"Che tipo di base ha la protesi LT103?\",\"acceptedAnswer\":{\"@type\":\"Answer\",\"text\":\"La LT103 \u00e8 indicata con base in seta (Silk Top) abbinata a una struttura a trama. Nelle specifiche \u00e8 riportato anche che il sistema \u00e8 mono fine con base perimetrale in rivestimento in poliestere.\"}},{\"@type\":\"Question\",\"name\":\"I capelli sono naturali?\",\"acceptedAnswer\":{\"@type\":\"Answer\",\"text\":\"S\u00ec, il materiale dei capelli \u00e8 indicato come 100% capelli umani.\"}},{\"@type\":\"Question\",\"name\":\"Quali sono lunghezza e densit\u00e0 dei capelli?\",\"acceptedAnswer\":{\"@type\":\"Answer\",\"text\":\"La lunghezza dei capelli \u00e8 indicata come 40,64cm e la densit\u00e0 come 140%.\"}},{\"@type\":\"Question\",\"name\":\"Quanto pu\u00f2 durare questa protesi?\",\"acceptedAnswer\":{\"@type\":\"Answer\",\"text\":\"Nella descrizione del prodotto \u00e8 indicato che \u00e8 durevole e pu\u00f2 durare 6-9 mesi. La durata effettiva pu\u00f2 variare in base a utilizzo e manutenzione.\"}},{\"@type\":\"Question\",\"name\":\"In quanto tempo viene consegnata dopo l\u2019ordine?\",\"acceptedAnswer\":{\"@type\":\"Answer\",\"text\":\"\u00c8 indicato che viene consegnata solitamente entro 5 ~ 10 giorni dopo aver effettuato un ordine.\"}}]}\n<\/script><\/p>","protected":false},"excerpt":{"rendered":"<p>La Proth\u00e8se Cheveux Femme LT103 avec base Silk Top et trame est un syst\u00e8me capillaire r\u00e9alis\u00e9 \u00e0 la main \u00e0 100%, con\u00e7u pour un r\u00e9sultat soign\u00e9 et une gestion pratique. Elle utilise 100% cheveux humains et une base en soie avec structure en trame, avec une attache indiqu\u00e9e comme naturelle et peu visible. La base est d\u00e9crite comme douce et confortable, ainsi que facile \u00e0 appliquer et \u00e0 couper pour l\u2019adaptation. Pour voir plus d\u2019images ou \u00e9valuer d\u2019autres couleurs, contactez-nous depuis la page contacts ou \u00e9crivez-nous sur WhatsApp.<\/p>","protected":false},"featured_media":46309,"comment_status":"open","ping_status":"closed","template":"","meta":{"_acf_changed":false,"_monsterinsights_skip_tracking":false,"_monsterinsights_sitenote_active":false,"_monsterinsights_sitenote_note":"","_monsterinsights_sitenote_category":0},"product_brand":[],"product_cat":[71],"product_tag":[],"class_list":{"0":"post-46308","1":"product","2":"type-product","3":"status-publish","4":"has-post-thumbnail","6":"product_cat-protesi-capelli-donna","8":"first","9":"instock","10":"shipping-taxable","11":"product-type-simple"},"acf":[],"yoast_head":"<!-- This site is optimized with the Yoast SEO Premium plugin v26.1 (Yoast SEO v26.1.1) - https:\/\/yoast.com\/wordpress\/plugins\/seo\/ -->\n<title>Protesi Capelli Donna Silk Top con Trama | LT103<\/title>\n<meta name=\"description\" content=\"Protesi capelli donna LT103 con base Silk Top e trama, 100% capelli umani. Attaccatura naturale, base confortevole e facile da adattare.\" \/>\n<meta name=\"robots\" content=\"index, follow, max-snippet:-1, max-image-preview:large, max-video-preview:-1\" \/>\n<link rel=\"canonical\" href=\"https:\/\/www.newfreestyle.it\/fr\/produit\/prothese-capillaire-pour-femme-base-soie-top-avec-texture\/\" \/>\n<meta property=\"og:locale\" content=\"fr_FR\" \/>\n<meta property=\"og:type\" content=\"article\" \/>\n<meta property=\"og:title\" content=\"Protesi Capelli Donna base Silk Top con trama\" \/>\n<meta property=\"og:description\" content=\"La Protesi Capelli Donna LT103 con base Silk Top e trama \u00e8 un sistema capillare realizzato a mano al 100%, pensato per un risultato curato e una gestione pratica. Utilizza 100% capelli umani e una base in seta con struttura a trama, con attaccatura indicata come naturale e poco visibile. La base \u00e8 descritta come morbida e confortevole, oltre che facile da applicare e da tagliare per l\u2019adattamento. Per vedere pi\u00f9 immagini o valutare altri colori, contattaci dalla pagina contatti o scrivici su WhatsApp.\" \/>\n<meta property=\"og:url\" content=\"https:\/\/www.newfreestyle.it\/fr\/produit\/prothese-capillaire-pour-femme-base-soie-top-avec-texture\/\" \/>\n<meta property=\"og:site_name\" content=\"Newfreestyle Hair System\" \/>\n<meta property=\"article:publisher\" content=\"https:\/\/www.facebook.com\/newfreestyle.it\/\" \/>\n<meta property=\"article:modified_time\" content=\"2026-02-16T14:52:25+00:00\" \/>\n<meta property=\"og:image\" content=\"https:\/\/www.newfreestyle.it\/wp-content\/uploads\/2023\/10\/IMG_7325.jpg\" \/>\n\t<meta property=\"og:image:width\" content=\"751\" \/>\n\t<meta property=\"og:image:height\" content=\"708\" \/>\n\t<meta property=\"og:image:type\" content=\"image\/jpeg\" \/>\n<meta name=\"twitter:card\" content=\"summary_large_image\" \/>\n<meta name=\"twitter:label1\" content=\"Prix\" \/>\n\t<meta name=\"twitter:data1\" content=\"\" \/>\n\t<meta name=\"twitter:label2\" content=\"Disponibilit\u00e9\" \/>\n\t<meta name=\"twitter:data2\" content=\"En stock\" \/>\n<script type=\"application\/ld+json\" class=\"yoast-schema-graph\">{\"@context\":\"https:\/\/schema.org\",\"@graph\":[{\"@type\":\"WebPage\",\"@id\":\"https:\/\/www.newfreestyle.it\/prodotto\/protesi-capelli-donna-base-silk-top-con-trama\/\",\"url\":\"https:\/\/www.newfreestyle.it\/prodotto\/protesi-capelli-donna-base-silk-top-con-trama\/\",\"name\":\"Protesi Capelli Donna Silk Top con Trama | LT103\",\"isPartOf\":{\"@id\":\"https:\/\/www.newfreestyle.it\/en\/#website\"},\"primaryImageOfPage\":{\"@id\":\"https:\/\/www.newfreestyle.it\/prodotto\/protesi-capelli-donna-base-silk-top-con-trama\/#primaryimage\"},\"image\":{\"@id\":\"https:\/\/www.newfreestyle.it\/prodotto\/protesi-capelli-donna-base-silk-top-con-trama\/#primaryimage\"},\"thumbnailUrl\":\"https:\/\/www.newfreestyle.it\/wp-content\/uploads\/2023\/10\/IMG_7325.jpg\",\"datePublished\":\"2023-10-17T07:39:30+00:00\",\"dateModified\":\"2026-02-16T14:52:25+00:00\",\"description\":\"Protesi capelli donna LT103 con base Silk Top e trama, 100% capelli umani. Attaccatura naturale, base confortevole e facile da adattare.\",\"breadcrumb\":{\"@id\":\"https:\/\/www.newfreestyle.it\/prodotto\/protesi-capelli-donna-base-silk-top-con-trama\/#breadcrumb\"},\"inLanguage\":\"fr-FR\",\"potentialAction\":[{\"@type\":\"ReadAction\",\"target\":[\"https:\/\/www.newfreestyle.it\/prodotto\/protesi-capelli-donna-base-silk-top-con-trama\/\"]}]},{\"@type\":\"ImageObject\",\"inLanguage\":\"fr-FR\",\"@id\":\"https:\/\/www.newfreestyle.it\/prodotto\/protesi-capelli-donna-base-silk-top-con-trama\/#primaryimage\",\"url\":\"https:\/\/www.newfreestyle.it\/wp-content\/uploads\/2023\/10\/IMG_7325.jpg\",\"contentUrl\":\"https:\/\/www.newfreestyle.it\/wp-content\/uploads\/2023\/10\/IMG_7325.jpg\",\"width\":751,\"height\":708},{\"@type\":\"BreadcrumbList\",\"@id\":\"https:\/\/www.newfreestyle.it\/prodotto\/protesi-capelli-donna-base-silk-top-con-trama\/#breadcrumb\",\"itemListElement\":[{\"@type\":\"ListItem\",\"position\":1,\"name\":\"Home\",\"item\":\"https:\/\/www.newfreestyle.it\/\"},{\"@type\":\"ListItem\",\"position\":2,\"name\":\"Shop\",\"item\":\"https:\/\/www.newfreestyle.it\/en\/shop\/\"},{\"@type\":\"ListItem\",\"position\":3,\"name\":\"Protesi Capelli Donna base Silk Top con trama\"}]},{\"@type\":\"WebSite\",\"@id\":\"https:\/\/www.newfreestyle.it\/en\/#website\",\"url\":\"https:\/\/www.newfreestyle.it\/en\/\",\"name\":\"Protesi Capelli Uomo Impianti Capillari\",\"description\":\"Risolviamo ogni tipologia di Calvizie mediante l\u2019ausilio di protesi capillari non chirurgiche anche chiamata patch cutaneo.\",\"publisher\":{\"@id\":\"https:\/\/www.newfreestyle.it\/en\/#organization\"},\"potentialAction\":[{\"@type\":\"SearchAction\",\"target\":{\"@type\":\"EntryPoint\",\"urlTemplate\":\"https:\/\/www.newfreestyle.it\/en\/?s={search_term_string}\"},\"query-input\":{\"@type\":\"PropertyValueSpecification\",\"valueRequired\":true,\"valueName\":\"search_term_string\"}}],\"inLanguage\":\"fr-FR\"},{\"@type\":[\"Organization\",\"Place\"],\"@id\":\"https:\/\/www.newfreestyle.it\/en\/#organization\",\"name\":\"Newfreestyle Hair System\",\"alternateName\":\"Protesi Capelli Uomo Personalizzate\",\"url\":\"https:\/\/www.newfreestyle.it\/en\/\",\"logo\":{\"@id\":\"https:\/\/www.newfreestyle.it\/prodotto\/protesi-capelli-donna-base-silk-top-con-trama\/#local-main-organization-logo\"},\"image\":{\"@id\":\"https:\/\/www.newfreestyle.it\/prodotto\/protesi-capelli-donna-base-silk-top-con-trama\/#local-main-organization-logo\"},\"sameAs\":[\"https:\/\/www.facebook.com\/newfreestyle.it\/\",\"https:\/\/www.instagram.com\/newfreestyle_hairsystem\/\"],\"address\":{\"@id\":\"https:\/\/www.newfreestyle.it\/prodotto\/protesi-capelli-donna-base-silk-top-con-trama\/#local-main-place-address\"},\"geo\":{\"@type\":\"GeoCoordinates\",\"latitude\":\"45.5086608\",\"longitude\":\"9.2005743\"},\"telephone\":[\"3297256048\"],\"openingHoursSpecification\":[{\"@type\":\"OpeningHoursSpecification\",\"dayOfWeek\":[\"Monday\",\"Tuesday\",\"Wednesday\",\"Thursday\",\"Friday\",\"Saturday\"],\"opens\":\"09:00\",\"closes\":\"19:00\"},{\"@type\":\"OpeningHoursSpecification\",\"dayOfWeek\":[\"Sunday\"],\"opens\":\"00:00\",\"closes\":\"00:00\"}],\"email\":\"direzione@newfreestyle.it\",\"vatID\":\"IT11145080963\",\"taxID\":\"SCIMST69H67I690R\"},{\"@type\":\"PostalAddress\",\"@id\":\"https:\/\/www.newfreestyle.it\/prodotto\/protesi-capelli-donna-base-silk-top-con-trama\/#local-main-place-address\",\"streetAddress\":\"Via Cino da Pistoia, 18\",\"addressLocality\":\"Milano\",\"postalCode\":\"20162\",\"addressRegion\":\"MI\",\"addressCountry\":\"IT\"},{\"@type\":\"ImageObject\",\"inLanguage\":\"fr-FR\",\"@id\":\"https:\/\/www.newfreestyle.it\/prodotto\/protesi-capelli-donna-base-silk-top-con-trama\/#local-main-organization-logo\",\"url\":\"https:\/\/www.newfreestyle.it\/wp-content\/uploads\/2023\/09\/cropped-newfreestyle-150x145-1.png\",\"contentUrl\":\"https:\/\/www.newfreestyle.it\/wp-content\/uploads\/2023\/09\/cropped-newfreestyle-150x145-1.png\",\"width\":512,\"height\":512,\"caption\":\"Newfreestyle Hair System\"}]}<\/script>\n<meta property=\"product:price:currency\" content=\"EUR\" \/>\n<meta property=\"og:availability\" content=\"instock\" \/>\n<meta property=\"product:availability\" content=\"instock\" \/>\n<meta property=\"product:condition\" content=\"new\" \/>\n<meta name=\"geo.placename\" content=\"Milano\" \/>\n<meta name=\"geo.position\" content=\"45.5086608;9.2005743\" \/>\n<meta name=\"geo.region\" content=\"Italie\" \/>\n<!-- \/ Yoast SEO Premium plugin. -->","yoast_head_json":{"title":"Proth\u00e8se cheveux femme Silk Top avec trame | LT103","description":"Proth\u00e8se cheveux femme LT103 avec base Silk Top et trame, 100% cheveux humains. Attache naturelle, base confortable et facile \u00e0 adapter.","robots":{"index":"index","follow":"follow","max-snippet":"max-snippet:-1","max-image-preview":"max-image-preview:large","max-video-preview":"max-video-preview:-1"},"canonical":"https:\/\/www.newfreestyle.it\/fr\/produit\/prothese-capillaire-pour-femme-base-soie-top-avec-texture\/","og_locale":"fr_FR","og_type":"article","og_title":"Protesi Capelli Donna base Silk Top con trama","og_description":"La Protesi Capelli Donna LT103 con base Silk Top e trama \u00e8 un sistema capillare realizzato a mano al 100%, pensato per un risultato curato e una gestione pratica. Utilizza 100% capelli umani e una base in seta con struttura a trama, con attaccatura indicata come naturale e poco visibile. La base \u00e8 descritta come morbida e confortevole, oltre che facile da applicare e da tagliare per l\u2019adattamento. Per vedere pi\u00f9 immagini o valutare altri colori, contattaci dalla pagina contatti o scrivici su WhatsApp.","og_url":"https:\/\/www.newfreestyle.it\/fr\/produit\/prothese-capillaire-pour-femme-base-soie-top-avec-texture\/","og_site_name":"Newfreestyle Hair System","article_publisher":"https:\/\/www.facebook.com\/newfreestyle.it\/","article_modified_time":"2026-02-16T14:52:25+00:00","og_image":[{"width":751,"height":708,"url":"https:\/\/www.newfreestyle.it\/wp-content\/uploads\/2023\/10\/IMG_7325.jpg","type":"image\/jpeg"}],"twitter_card":"summary_large_image","twitter_misc":{"Prix":"","Disponibilit\u00e9":"En stock"},"schema":{"@context":"https:\/\/schema.org","@graph":[{"@type":"WebPage","@id":"https:\/\/www.newfreestyle.it\/prodotto\/protesi-capelli-donna-base-silk-top-con-trama\/","url":"https:\/\/www.newfreestyle.it\/prodotto\/protesi-capelli-donna-base-silk-top-con-trama\/","name":"Proth\u00e8se cheveux femme Silk Top avec trame | LT103","isPartOf":{"@id":"https:\/\/www.newfreestyle.it\/en\/#website"},"primaryImageOfPage":{"@id":"https:\/\/www.newfreestyle.it\/prodotto\/protesi-capelli-donna-base-silk-top-con-trama\/#primaryimage"},"image":{"@id":"https:\/\/www.newfreestyle.it\/prodotto\/protesi-capelli-donna-base-silk-top-con-trama\/#primaryimage"},"thumbnailUrl":"https:\/\/www.newfreestyle.it\/wp-content\/uploads\/2023\/10\/IMG_7325.jpg","datePublished":"2023-10-17T07:39:30+00:00","dateModified":"2026-02-16T14:52:25+00:00","description":"Proth\u00e8se cheveux femme LT103 avec base Silk Top et trame, 100% cheveux humains. Attache naturelle, base confortable et facile \u00e0 adapter.","breadcrumb":{"@id":"https:\/\/www.newfreestyle.it\/prodotto\/protesi-capelli-donna-base-silk-top-con-trama\/#breadcrumb"},"inLanguage":"fr-FR","potentialAction":[{"@type":"ReadAction","target":["https:\/\/www.newfreestyle.it\/prodotto\/protesi-capelli-donna-base-silk-top-con-trama\/"]}]},{"@type":"ImageObject","inLanguage":"fr-FR","@id":"https:\/\/www.newfreestyle.it\/prodotto\/protesi-capelli-donna-base-silk-top-con-trama\/#primaryimage","url":"https:\/\/www.newfreestyle.it\/wp-content\/uploads\/2023\/10\/IMG_7325.jpg","contentUrl":"https:\/\/www.newfreestyle.it\/wp-content\/uploads\/2023\/10\/IMG_7325.jpg","width":751,"height":708},{"@type":"BreadcrumbList","@id":"https:\/\/www.newfreestyle.it\/prodotto\/protesi-capelli-donna-base-silk-top-con-trama\/#breadcrumb","itemListElement":[{"@type":"ListItem","position":1,"name":"Home","item":"https:\/\/www.newfreestyle.it\/"},{"@type":"ListItem","position":2,"name":"Shop","item":"https:\/\/www.newfreestyle.it\/en\/shop\/"},{"@type":"ListItem","position":3,"name":"Protesi Capelli Donna base Silk Top con trama"}]},{"@type":"WebSite","@id":"https:\/\/www.newfreestyle.it\/en\/#website","url":"https:\/\/www.newfreestyle.it\/en\/","name":"Implants capillaires pour hommes Implants capillaires","description":"Nous r\u00e9solvons tous les types de calvitie \u00e0 l'aide d'implants capillaires non chirurgicaux, \u00e9galement appel\u00e9s patchs cutan\u00e9s.","publisher":{"@id":"https:\/\/www.newfreestyle.it\/en\/#organization"},"potentialAction":[{"@type":"SearchAction","target":{"@type":"EntryPoint","urlTemplate":"https:\/\/www.newfreestyle.it\/en\/?s={search_term_string}"},"query-input":{"@type":"PropertyValueSpecification","valueRequired":true,"valueName":"search_term_string"}}],"inLanguage":"fr-FR"},{"@type":["Organization","Place"],"@id":"https:\/\/www.newfreestyle.it\/en\/#organization","name":"Syst\u00e8me capillaire Newfreestyle","alternateName":"Protesi Capelli Uomo Personalizzate","url":"https:\/\/www.newfreestyle.it\/en\/","logo":{"@id":"https:\/\/www.newfreestyle.it\/prodotto\/protesi-capelli-donna-base-silk-top-con-trama\/#local-main-organization-logo"},"image":{"@id":"https:\/\/www.newfreestyle.it\/prodotto\/protesi-capelli-donna-base-silk-top-con-trama\/#local-main-organization-logo"},"sameAs":["https:\/\/www.facebook.com\/newfreestyle.it\/","https:\/\/www.instagram.com\/newfreestyle_hairsystem\/"],"address":{"@id":"https:\/\/www.newfreestyle.it\/prodotto\/protesi-capelli-donna-base-silk-top-con-trama\/#local-main-place-address"},"geo":{"@type":"GeoCoordinates","latitude":"45.5086608","longitude":"9.2005743"},"telephone":["3297256048"],"openingHoursSpecification":[{"@type":"OpeningHoursSpecification","dayOfWeek":["Monday","Tuesday","Wednesday","Thursday","Friday","Saturday"],"opens":"09:00","closes":"19:00"},{"@type":"OpeningHoursSpecification","dayOfWeek":["Sunday"],"opens":"00:00","closes":"00:00"}],"email":"direzione@newfreestyle.it","vatID":"IT11145080963","taxID":"SCIMST69H67I690R"},{"@type":"PostalAddress","@id":"https:\/\/www.newfreestyle.it\/prodotto\/protesi-capelli-donna-base-silk-top-con-trama\/#local-main-place-address","streetAddress":"Via Cino da Pistoia, 18","addressLocality":"Milano","postalCode":"20162","addressRegion":"MI","addressCountry":"IT"},{"@type":"ImageObject","inLanguage":"fr-FR","@id":"https:\/\/www.newfreestyle.it\/prodotto\/protesi-capelli-donna-base-silk-top-con-trama\/#local-main-organization-logo","url":"https:\/\/www.newfreestyle.it\/wp-content\/uploads\/2023\/09\/cropped-newfreestyle-150x145-1.png","contentUrl":"https:\/\/www.newfreestyle.it\/wp-content\/uploads\/2023\/09\/cropped-newfreestyle-150x145-1.png","width":512,"height":512,"caption":"Newfreestyle Hair System"}]},"product_price_currency":"EUR","og_availability":"instock","product_availability":"instock","product_condition":"new","geo.placename":"Milano","geo.position":{"lat":"45.5086608","long":"9.2005743"},"geo.region":"Italie"},"_links":{"self":[{"href":"https:\/\/www.newfreestyle.it\/fr\/wp-json\/wp\/v2\/product\/46308","targetHints":{"allow":["GET"]}}],"collection":[{"href":"https:\/\/www.newfreestyle.it\/fr\/wp-json\/wp\/v2\/product"}],"about":[{"href":"https:\/\/www.newfreestyle.it\/fr\/wp-json\/wp\/v2\/types\/product"}],"replies":[{"embeddable":true,"href":"https:\/\/www.newfreestyle.it\/fr\/wp-json\/wp\/v2\/comments?post=46308"}],"wp:featuredmedia":[{"embeddable":true,"href":"https:\/\/www.newfreestyle.it\/fr\/wp-json\/wp\/v2\/media\/46309"}],"wp:attachment":[{"href":"https:\/\/www.newfreestyle.it\/fr\/wp-json\/wp\/v2\/media?parent=46308"}],"wp:term":[{"taxonomy":"product_brand","embeddable":true,"href":"https:\/\/www.newfreestyle.it\/fr\/wp-json\/wp\/v2\/product_brand?post=46308"},{"taxonomy":"product_cat","embeddable":true,"href":"https:\/\/www.newfreestyle.it\/fr\/wp-json\/wp\/v2\/product_cat?post=46308"},{"taxonomy":"product_tag","embeddable":true,"href":"https:\/\/www.newfreestyle.it\/fr\/wp-json\/wp\/v2\/product_tag?post=46308"}],"curies":[{"name":"wp","href":"https:\/\/api.w.org\/{rel}","templated":true}]}}