
{"id":39881,"date":"2023-10-05T14:24:57","date_gmt":"2023-10-05T12:24:57","guid":{"rendered":"https:\/\/www.newfreestyle.it\/?post_type=product&#038;p=39881"},"modified":"2026-02-16T16:54:39","modified_gmt":"2026-02-16T14:54:39","slug":"noue-0-06-0-08-mm-prothese-capillaire-pour-homme","status":"publish","type":"product","link":"https:\/\/www.newfreestyle.it\/fr\/produit\/noue-0-06-0-08-mm-prothese-capillaire-pour-homme\/","title":{"rendered":"Proth\u00e8se de cheveux nou\u00e9s pour homme 0.06-0.08 MM"},"content":{"rendered":"<h2>Proth\u00e8se de cheveux nou\u00e9s pour homme 0.06-0.08 MM<\/h2>\n<p>La <strong>Proth\u00e8se de cheveux nou\u00e9s pour homme 0.06-0.08 MM<\/strong> est une implantation capillaire avec <strong>base enti\u00e8rement en PU<\/strong> et un travail <strong>\u00e0 n\u0153uds<\/strong>, con\u00e7u pour ceux qui souhaitent une solution pratique dans la gestion quotidienne et l\u2019entretien. La base est indiqu\u00e9e comme <strong>ultra fine 0,06-0,08 mm<\/strong> et est d\u00e9crite comme <strong>douce<\/strong>, <strong>confortable<\/strong> e <strong>facile \u00e0 appliquer<\/strong>. Les cheveux sont <strong>100% cheveux humains<\/strong> (cheveux indiens), pour un r\u00e9sultat d\u2019aspect naturel et une bonne maniabilit\u00e9 lors de la coupe et du coiffage.<\/p>\n<p>Si vous souhaitez voir <strong>plus de couleurs<\/strong> o <strong>plus d\u2019images<\/strong> de la proth\u00e8se capillaire, vous pouvez <a href=\"https:\/\/www.newfreestyle.it\/fr\/contacts\/\">nous contacter<\/a>.<\/p>\n<h2>Caract\u00e9ristiques et d\u00e9tails<\/h2>\n<p>Vous trouverez ci-dessous les sp\u00e9cifications et les informations disponibles pour ce mod\u00e8le.<\/p>\n<h3>Base et construction<\/h3>\n<ul>\n<li><strong>Type de base :<\/strong> base avec n\u0153uds en PU de <strong>0,06-0,08 mm<\/strong><\/li>\n<li><strong>Mat\u00e9riau de base :<\/strong> PU (\u00e9galement indiqu\u00e9 comme peau \/ polyester \/ polyur\u00e9thane)<\/li>\n<li><strong>Dimensions de la base :<\/strong> <strong>8*10 pouces<\/strong><\/li>\n<li><strong>Forme avant :<\/strong> <strong>CC<\/strong><\/li>\n<\/ul>\n<h3>Cheveux<\/h3>\n<ul>\n<li><strong>Mat\u00e9riau des cheveux :<\/strong> <strong>100% cheveux humains<\/strong> (cheveux indiens)<\/li>\n<li><strong>Longueur des cheveux :<\/strong> <strong>6 pouces<\/strong><\/li>\n<li><strong>Densit\u00e9 des cheveux :<\/strong> <strong>110%<\/strong><\/li>\n<li><strong>Bouclage des cheveux :<\/strong> <strong>32 mm<\/strong><\/li>\n<\/ul>\n<h3>Couleurs disponibles et cheveux gris<\/h3>\n<p>Le produit est disponible en plusieurs teintes. Selon les donn\u00e9es fournies, les couleurs incluent :<\/p>\n<ul>\n<li><strong>#1<\/strong>, <strong>#1B<\/strong>, <strong>#2<\/strong>, <strong>#3<\/strong>, <strong>#4<\/strong>, <strong>#4ASH<\/strong>, <strong>#5<\/strong>, <strong>#6<\/strong>, <strong>#7<\/strong>, <strong>#7ASH<\/strong>, <strong>#17<\/strong>, <strong>#18<\/strong>, <strong>#20<\/strong>, <strong>#22<\/strong>, <strong>#22R<\/strong>, <strong>#613<\/strong><\/li>\n<\/ul>\n<p>La s\u00e9lection de la <strong>pourcentage de cheveux gris<\/strong> est \u00e9galement pr\u00e9vue <strong>0%<\/strong>, <strong>10%<\/strong>, <strong>20%<\/strong>, <strong>30%<\/strong>, <strong>40%<\/strong>, <strong>50%<\/strong>, <strong>80%<\/strong>.<\/p>\n<h3>Disponibilit\u00e9 et exp\u00e9dition<\/h3>\n<ul>\n<li><strong>entre :<\/strong><\/li>\n<li><strong>Prise en charge de FEDEX, DHL ou UPS, etc.<\/strong><\/li>\n<li><strong>G\u00e9n\u00e9ralement livr\u00e9s dans les 5 \u00e0 10 jours suivant la commande<\/strong><\/li>\n<\/ul>\n<h2>Applications<\/h2>\n<p>Support stock et personnaliser <strong>facile \u00e0 appliquer<\/strong> e <strong>facile \u00e0 couper<\/strong>Cette proth\u00e8se est indiqu\u00e9e pour ceux qui recherchent un implant capillaire \u00e0 int\u00e9grer dans leur routine, avec une base en PU d\u00e9crite comme confortable et un travail \u00e0 n\u0153uds con\u00e7u pour une gestion plus ordonn\u00e9e des cheveux. C\u2019est un choix adapt\u00e9 aussi \u00e0 ceux qui souhaitent un produit<\/p>\n<h2>Avantages<\/h2>\n<ul>\n<li><strong>Cheveux 100 % humains%<\/strong>, d\u00e9crits comme flexibles, l\u00e9gers et fluides<\/li>\n<li><strong>Attachement naturel et invisible<\/strong> avec travail \u00e0 n\u0153uds<\/li>\n<li><strong>Base en PU<\/strong> indiqu\u00e9e comme douce et confortable, avec une \u201cbasse sensibilit\u00e9\u201d des mat\u00e9riaux<\/li>\n<li><strong>Facile \u00e0 appliquer<\/strong> e <strong>facile \u00e0 couper<\/strong><\/li>\n<li><strong>Durable<\/strong> et indiqu\u00e9e avec une dur\u00e9e de <strong>3-5 mois<\/strong><\/li>\n<\/ul>\n<h2>Utilisation et notes<\/h2>\n<p>La base est r\u00e9alis\u00e9e en <strong>PU<\/strong> (\u00e9galement appel\u00e9e cuir\/polyester\/polyur\u00e9thane) et est d\u00e9crite comme pratique \u00e0 l\u2019application. Le travail <strong>\u00e0 n\u0153uds<\/strong> est indiqu\u00e9 comme un processus qui <strong>r\u00e9duit la chute de la perruque<\/strong> et aide \u00e0 la maintenir en bon \u00e9tat.<\/p>\n<h3>Note sur la qualit\u00e9 des cheveux<\/h3>\n<p>Selon les informations disponibles, les cheveux sont collect\u00e9s individuellement pour maintenir une haute qualit\u00e9 du mat\u00e9riau et pr\u00e9server autant que possible la flexibilit\u00e9 originale.<\/p>\n<h3>Conseil pour le choix de la couleur<\/h3>\n<p>Pour une s\u00e9lection plus pr\u00e9cise de la teinte (et du pourcentage \u00e9ventuel de gris), il est conseill\u00e9 de comparer les codes couleur disponibles et, si n\u00e9cessaire, de demander de l\u2019aide : <a href=\"https:\/\/www.newfreestyle.it\/fr\/contacts\/\">nous contacter<\/a> pour voir plus d\u2019images ou de variantes de couleur.<\/p>\n<h3>FAQ \u2013 Questions fr\u00e9quentes<\/h3>\n<h4>De quel mat\u00e9riau est la base de la Proth\u00e8se Capillaire Homme Nou\u00e9e 0.06-0.08 MM ?<\/h4>\n<p>La base est enti\u00e8rement r\u00e9alis\u00e9e en PU (\u00e9galement appel\u00e9 cuir\/polyester\/polyur\u00e9thane) et est d\u00e9crite comme ultra fine 0,06-0,08 mm.<\/p>\n<h4>Quel type de cheveux cette proth\u00e8se utilise-t-elle ?<\/h4>\n<p>Le produit utilise 100% cheveux humains, indiqu\u00e9s comme cheveux indiens.<\/p>\n<h4>Quelles sont les dimensions et la forme avant de la base ?<\/h4>\n<p>Les dimensions de la base sont 8*10 pouces et la forme avant est indiqu\u00e9e comme CC.<\/p>\n<h4>Quelles couleurs et pourcentages de cheveux gris sont disponibles ?<\/h4>\n<p>Diff\u00e9rentes teintes sont disponibles (dont #1, #1B, #2, #3, #4, #4ASH, #5, #6, #7, #7ASH, #17, #18, #20, #22, #22R, #613). Le pourcentage de cheveux gris est s\u00e9lectionnable entre 0%, 10%, 20%, 30%, 40%, 50% et 80%.<\/p>\n<h4>En combien de temps est-elle livr\u00e9e et quels transporteurs sont support\u00e9s ?<\/h4>\n<p>La livraison est g\u00e9n\u00e9ralement indiqu\u00e9e dans les 5~10 jours suivant la commande. FEDEX, DHL ou UPS, etc. sont support\u00e9s.<\/p>\n<p><script type=\"application\/ld+json\">\n{\"@context\":\"https:\/\/schema.org\",\"@type\":\"FAQPage\",\"mainEntity\":[{\"@type\":\"Question\",\"name\":\"Di che materiale \u00e8 la base della Protesi Capelli Uomo Annodata 0.06-0.08 MM?\",\"acceptedAnswer\":{\"@type\":\"Answer\",\"text\":\"La base \u00e8 realizzata interamente in PU (indicato anche come pelle\/poliestere\/poliuretano) ed \u00e8 descritta come sottile ultra 0,06-0,08 mm.\"}},{\"@type\":\"Question\",\"name\":\"Che tipo di capelli monta questa protesi?\",\"acceptedAnswer\":{\"@type\":\"Answer\",\"text\":\"Il prodotto utilizza 100% capelli umani, indicati come capelli indiani.\"}},{\"@type\":\"Question\",\"name\":\"Quali sono dimensioni e forma anteriore della base?\",\"acceptedAnswer\":{\"@type\":\"Answer\",\"text\":\"Le dimensioni base sono 8*10 pollici e la forma anteriore \u00e8 indicata come CC.\"}},{\"@type\":\"Question\",\"name\":\"Quali colori e percentuali di capelli grigi sono disponibili?\",\"acceptedAnswer\":{\"@type\":\"Answer\",\"text\":\"Sono disponibili diverse tonalit\u00e0 (tra cui #1, #1B, #2, #3, #4, #4ASH, #5, #6, #7, #7ASH, #17, #18, #20, #22, #22R, #613). La percentuale di capelli grigi \u00e8 selezionabile tra 0%, 10%, 20%, 30%, 40%, 50% e 80%.\"}},{\"@type\":\"Question\",\"name\":\"In quanto tempo viene consegnata e quali corrieri sono supportati?\",\"acceptedAnswer\":{\"@type\":\"Answer\",\"text\":\"La consegna \u00e8 indicata solitamente entro 5~10 giorni dall\u2019ordine. Sono supportati FEDEX, DHL o UPS e cos\u00ec via.\"}}]}\n<\/script><\/p>","protected":false},"excerpt":{"rendered":"<p><strong>Proth\u00e8se de cheveux nou\u00e9s pour homme 0.06-0.08 MM<\/strong> avec <strong>base enti\u00e8rement en PU<\/strong> et un travail <strong>\u00e0 n\u0153uds<\/strong>, con\u00e7ue pour une application pratique et une gestion ordonn\u00e9e de l\u2019implant. La base est indiqu\u00e9e comme <strong>ultra fine 0,06-0,08 mm<\/strong> et d\u00e9crite comme douce et confortable. Cheveux en <strong>100% cheveux humains<\/strong> (cheveux indiens), avec <strong>densit\u00e9 110%<\/strong>, <strong>longueur 6 pouces<\/strong> e <strong>bouclage 32 mm<\/strong>. Disponible en plusieurs teintes (ex. #1, #1B, #2, #3, #4, #4ASH, #5, #6, #7, #7ASH, #17, #18, #20, #22R, #613) et avec des options de <strong>cheveux gris<\/strong> s\u00e9lectionnables. Pour plus d\u2019images ou de couleurs, <a href=\"https:\/\/www.newfreestyle.it\/fr\/contacts\/\">nous contacter<\/a>.<\/p>","protected":false},"featured_media":39882,"comment_status":"open","ping_status":"closed","template":"","meta":{"_acf_changed":false,"_monsterinsights_skip_tracking":false,"_monsterinsights_sitenote_active":false,"_monsterinsights_sitenote_note":"","_monsterinsights_sitenote_category":0},"product_brand":[],"product_cat":[61],"product_tag":[],"class_list":{"0":"post-39881","1":"product","2":"type-product","3":"status-publish","4":"has-post-thumbnail","6":"product_cat-protesi-capelli-uomo","8":"first","9":"instock","10":"shipping-taxable","11":"purchasable","12":"product-type-variable"},"acf":[],"yoast_head":"<!-- This site is optimized with the Yoast SEO Premium plugin v26.1 (Yoast SEO v26.1.1) - https:\/\/yoast.com\/wordpress\/plugins\/seo\/ -->\n<title>Protesi Capelli Uomo Annodata 0.06-0.08 MM in PU<\/title>\n<meta name=\"description\" content=\"Protesi capelli uomo annodata con base in PU 0,06-0,08 mm e capelli umani. Vari colori e opzioni capelli grigi. Contattaci per immagini.\" \/>\n<meta name=\"robots\" content=\"index, follow, max-snippet:-1, max-image-preview:large, max-video-preview:-1\" \/>\n<link rel=\"canonical\" href=\"https:\/\/www.newfreestyle.it\/fr\/produit\/noue-0-06-0-08-mm-prothese-capillaire-pour-homme\/\" \/>\n<meta property=\"og:locale\" content=\"fr_FR\" \/>\n<meta property=\"og:type\" content=\"article\" \/>\n<meta property=\"og:title\" content=\"Protesi Capelli Uomo Annodata 0.06-0.08 MM\" \/>\n<meta property=\"og:description\" content=\"Protesi Capelli Uomo Annodata 0.06-0.08 MM con base interamente in PU e lavorazione a nodi, pensata per un\u2019applicazione pratica e una gestione ordinata dell\u2019impianto. La base \u00e8 indicata come sottile ultra 0,06-0,08 mm e descritta come morbida e confortevole. Capelli in 100% capelli umani (capelli indiani), con densit\u00e0 110%, lunghezza 6 pollici e arricciatura 32 mm. Disponibile in diverse tonalit\u00e0 (es. #1, #1B, #2, #3, #4, #4ASH, #5, #6, #7, #7ASH, #17, #18, #20, #22R, #613) e con opzioni di capelli grigi selezionabili. Per pi\u00f9 immagini o colori, contattaci.\" \/>\n<meta property=\"og:url\" content=\"https:\/\/www.newfreestyle.it\/fr\/produit\/noue-0-06-0-08-mm-prothese-capillaire-pour-homme\/\" \/>\n<meta property=\"og:site_name\" content=\"Newfreestyle Hair System\" \/>\n<meta property=\"article:publisher\" content=\"https:\/\/www.facebook.com\/newfreestyle.it\/\" \/>\n<meta property=\"article:modified_time\" content=\"2026-02-16T14:54:39+00:00\" \/>\n<meta property=\"og:image\" content=\"https:\/\/www.newfreestyle.it\/wp-content\/uploads\/2023\/10\/01-1-1.jpg\" \/>\n\t<meta property=\"og:image:width\" content=\"751\" \/>\n\t<meta property=\"og:image:height\" content=\"708\" \/>\n\t<meta property=\"og:image:type\" content=\"image\/jpeg\" \/>\n<meta name=\"twitter:card\" content=\"summary_large_image\" \/>\n<meta name=\"twitter:label1\" content=\"Disponibilit\u00e9\" \/>\n\t<meta name=\"twitter:data1\" content=\"En stock\" \/>\n<script type=\"application\/ld+json\" class=\"yoast-schema-graph\">{\"@context\":\"https:\/\/schema.org\",\"@graph\":[{\"@type\":\"WebPage\",\"@id\":\"https:\/\/www.newfreestyle.it\/prodotto\/annodata-0-06-0-08-mm-protesi-capelli-uomo\/\",\"url\":\"https:\/\/www.newfreestyle.it\/prodotto\/annodata-0-06-0-08-mm-protesi-capelli-uomo\/\",\"name\":\"Protesi Capelli Uomo Annodata 0.06-0.08 MM in PU\",\"isPartOf\":{\"@id\":\"https:\/\/www.newfreestyle.it\/en\/#website\"},\"primaryImageOfPage\":{\"@id\":\"https:\/\/www.newfreestyle.it\/prodotto\/annodata-0-06-0-08-mm-protesi-capelli-uomo\/#primaryimage\"},\"image\":{\"@id\":\"https:\/\/www.newfreestyle.it\/prodotto\/annodata-0-06-0-08-mm-protesi-capelli-uomo\/#primaryimage\"},\"thumbnailUrl\":\"https:\/\/www.newfreestyle.it\/wp-content\/uploads\/2023\/10\/01-1-1.jpg\",\"datePublished\":\"2023-10-05T12:24:57+00:00\",\"dateModified\":\"2026-02-16T14:54:39+00:00\",\"description\":\"Protesi capelli uomo annodata con base in PU 0,06-0,08 mm e capelli umani. Vari colori e opzioni capelli grigi. Contattaci per immagini.\",\"breadcrumb\":{\"@id\":\"https:\/\/www.newfreestyle.it\/prodotto\/annodata-0-06-0-08-mm-protesi-capelli-uomo\/#breadcrumb\"},\"inLanguage\":\"fr-FR\",\"potentialAction\":[{\"@type\":\"ReadAction\",\"target\":[\"https:\/\/www.newfreestyle.it\/prodotto\/annodata-0-06-0-08-mm-protesi-capelli-uomo\/\"]}]},{\"@type\":\"ImageObject\",\"inLanguage\":\"fr-FR\",\"@id\":\"https:\/\/www.newfreestyle.it\/prodotto\/annodata-0-06-0-08-mm-protesi-capelli-uomo\/#primaryimage\",\"url\":\"https:\/\/www.newfreestyle.it\/wp-content\/uploads\/2023\/10\/01-1-1.jpg\",\"contentUrl\":\"https:\/\/www.newfreestyle.it\/wp-content\/uploads\/2023\/10\/01-1-1.jpg\",\"width\":751,\"height\":708},{\"@type\":\"BreadcrumbList\",\"@id\":\"https:\/\/www.newfreestyle.it\/prodotto\/annodata-0-06-0-08-mm-protesi-capelli-uomo\/#breadcrumb\",\"itemListElement\":[{\"@type\":\"ListItem\",\"position\":1,\"name\":\"Home\",\"item\":\"https:\/\/www.newfreestyle.it\/\"},{\"@type\":\"ListItem\",\"position\":2,\"name\":\"Shop\",\"item\":\"https:\/\/www.newfreestyle.it\/en\/shop\/\"},{\"@type\":\"ListItem\",\"position\":3,\"name\":\"Protesi Capelli Uomo Annodata 0.06-0.08 MM\"}]},{\"@type\":\"WebSite\",\"@id\":\"https:\/\/www.newfreestyle.it\/en\/#website\",\"url\":\"https:\/\/www.newfreestyle.it\/en\/\",\"name\":\"Protesi Capelli Uomo Impianti Capillari\",\"description\":\"Risolviamo ogni tipologia di Calvizie mediante l\u2019ausilio di protesi capillari non chirurgiche anche chiamata patch cutaneo.\",\"publisher\":{\"@id\":\"https:\/\/www.newfreestyle.it\/en\/#organization\"},\"potentialAction\":[{\"@type\":\"SearchAction\",\"target\":{\"@type\":\"EntryPoint\",\"urlTemplate\":\"https:\/\/www.newfreestyle.it\/en\/?s={search_term_string}\"},\"query-input\":{\"@type\":\"PropertyValueSpecification\",\"valueRequired\":true,\"valueName\":\"search_term_string\"}}],\"inLanguage\":\"fr-FR\"},{\"@type\":[\"Organization\",\"Place\"],\"@id\":\"https:\/\/www.newfreestyle.it\/en\/#organization\",\"name\":\"Newfreestyle Hair System\",\"alternateName\":\"Protesi Capelli Uomo Personalizzate\",\"url\":\"https:\/\/www.newfreestyle.it\/en\/\",\"logo\":{\"@id\":\"https:\/\/www.newfreestyle.it\/prodotto\/annodata-0-06-0-08-mm-protesi-capelli-uomo\/#local-main-organization-logo\"},\"image\":{\"@id\":\"https:\/\/www.newfreestyle.it\/prodotto\/annodata-0-06-0-08-mm-protesi-capelli-uomo\/#local-main-organization-logo\"},\"sameAs\":[\"https:\/\/www.facebook.com\/newfreestyle.it\/\",\"https:\/\/www.instagram.com\/newfreestyle_hairsystem\/\"],\"address\":{\"@id\":\"https:\/\/www.newfreestyle.it\/prodotto\/annodata-0-06-0-08-mm-protesi-capelli-uomo\/#local-main-place-address\"},\"geo\":{\"@type\":\"GeoCoordinates\",\"latitude\":\"45.5086608\",\"longitude\":\"9.2005743\"},\"telephone\":[\"3297256048\"],\"openingHoursSpecification\":[{\"@type\":\"OpeningHoursSpecification\",\"dayOfWeek\":[\"Monday\",\"Tuesday\",\"Wednesday\",\"Thursday\",\"Friday\",\"Saturday\"],\"opens\":\"09:00\",\"closes\":\"19:00\"},{\"@type\":\"OpeningHoursSpecification\",\"dayOfWeek\":[\"Sunday\"],\"opens\":\"00:00\",\"closes\":\"00:00\"}],\"email\":\"direzione@newfreestyle.it\",\"vatID\":\"IT11145080963\",\"taxID\":\"SCIMST69H67I690R\"},{\"@type\":\"PostalAddress\",\"@id\":\"https:\/\/www.newfreestyle.it\/prodotto\/annodata-0-06-0-08-mm-protesi-capelli-uomo\/#local-main-place-address\",\"streetAddress\":\"Via Cino da Pistoia, 18\",\"addressLocality\":\"Milano\",\"postalCode\":\"20162\",\"addressRegion\":\"MI\",\"addressCountry\":\"IT\"},{\"@type\":\"ImageObject\",\"inLanguage\":\"fr-FR\",\"@id\":\"https:\/\/www.newfreestyle.it\/prodotto\/annodata-0-06-0-08-mm-protesi-capelli-uomo\/#local-main-organization-logo\",\"url\":\"https:\/\/www.newfreestyle.it\/wp-content\/uploads\/2023\/09\/cropped-newfreestyle-150x145-1.png\",\"contentUrl\":\"https:\/\/www.newfreestyle.it\/wp-content\/uploads\/2023\/09\/cropped-newfreestyle-150x145-1.png\",\"width\":512,\"height\":512,\"caption\":\"Newfreestyle Hair System\"}]}<\/script>\n<meta property=\"og:availability\" content=\"instock\" \/>\n<meta property=\"product:availability\" content=\"instock\" \/>\n<meta property=\"product:condition\" content=\"new\" \/>\n<meta name=\"geo.placename\" content=\"Milano\" \/>\n<meta name=\"geo.position\" content=\"45.5086608;9.2005743\" \/>\n<meta name=\"geo.region\" content=\"Italie\" \/>\n<!-- \/ Yoast SEO Premium plugin. -->","yoast_head_json":{"title":"Proth\u00e8se Capillaire Homme Nou\u00e9e 0.06-0.08 MM en PU","description":"Proth\u00e8se capillaire homme nou\u00e9e avec base en PU 0,06-0,08 mm et cheveux humains. Plusieurs couleurs et options de cheveux gris. Contactez-nous pour des images.","robots":{"index":"index","follow":"follow","max-snippet":"max-snippet:-1","max-image-preview":"max-image-preview:large","max-video-preview":"max-video-preview:-1"},"canonical":"https:\/\/www.newfreestyle.it\/fr\/produit\/noue-0-06-0-08-mm-prothese-capillaire-pour-homme\/","og_locale":"fr_FR","og_type":"article","og_title":"Protesi Capelli Uomo Annodata 0.06-0.08 MM","og_description":"Protesi Capelli Uomo Annodata 0.06-0.08 MM con base interamente in PU e lavorazione a nodi, pensata per un\u2019applicazione pratica e una gestione ordinata dell\u2019impianto. La base \u00e8 indicata come sottile ultra 0,06-0,08 mm e descritta come morbida e confortevole. Capelli in 100% capelli umani (capelli indiani), con densit\u00e0 110%, lunghezza 6 pollici e arricciatura 32 mm. Disponibile in diverse tonalit\u00e0 (es. #1, #1B, #2, #3, #4, #4ASH, #5, #6, #7, #7ASH, #17, #18, #20, #22R, #613) e con opzioni di capelli grigi selezionabili. Per pi\u00f9 immagini o colori, contattaci.","og_url":"https:\/\/www.newfreestyle.it\/fr\/produit\/noue-0-06-0-08-mm-prothese-capillaire-pour-homme\/","og_site_name":"Newfreestyle Hair System","article_publisher":"https:\/\/www.facebook.com\/newfreestyle.it\/","article_modified_time":"2026-02-16T14:54:39+00:00","og_image":[{"width":751,"height":708,"url":"https:\/\/www.newfreestyle.it\/wp-content\/uploads\/2023\/10\/01-1-1.jpg","type":"image\/jpeg"}],"twitter_card":"summary_large_image","twitter_misc":{"Disponibilit\u00e9":"En stock"},"schema":{"@context":"https:\/\/schema.org","@graph":[{"@type":"WebPage","@id":"https:\/\/www.newfreestyle.it\/prodotto\/annodata-0-06-0-08-mm-protesi-capelli-uomo\/","url":"https:\/\/www.newfreestyle.it\/prodotto\/annodata-0-06-0-08-mm-protesi-capelli-uomo\/","name":"Proth\u00e8se Capillaire Homme Nou\u00e9e 0.06-0.08 MM en PU","isPartOf":{"@id":"https:\/\/www.newfreestyle.it\/en\/#website"},"primaryImageOfPage":{"@id":"https:\/\/www.newfreestyle.it\/prodotto\/annodata-0-06-0-08-mm-protesi-capelli-uomo\/#primaryimage"},"image":{"@id":"https:\/\/www.newfreestyle.it\/prodotto\/annodata-0-06-0-08-mm-protesi-capelli-uomo\/#primaryimage"},"thumbnailUrl":"https:\/\/www.newfreestyle.it\/wp-content\/uploads\/2023\/10\/01-1-1.jpg","datePublished":"2023-10-05T12:24:57+00:00","dateModified":"2026-02-16T14:54:39+00:00","description":"Proth\u00e8se capillaire homme nou\u00e9e avec base en PU 0,06-0,08 mm et cheveux humains. Plusieurs couleurs et options de cheveux gris. Contactez-nous pour des images.","breadcrumb":{"@id":"https:\/\/www.newfreestyle.it\/prodotto\/annodata-0-06-0-08-mm-protesi-capelli-uomo\/#breadcrumb"},"inLanguage":"fr-FR","potentialAction":[{"@type":"ReadAction","target":["https:\/\/www.newfreestyle.it\/prodotto\/annodata-0-06-0-08-mm-protesi-capelli-uomo\/"]}]},{"@type":"ImageObject","inLanguage":"fr-FR","@id":"https:\/\/www.newfreestyle.it\/prodotto\/annodata-0-06-0-08-mm-protesi-capelli-uomo\/#primaryimage","url":"https:\/\/www.newfreestyle.it\/wp-content\/uploads\/2023\/10\/01-1-1.jpg","contentUrl":"https:\/\/www.newfreestyle.it\/wp-content\/uploads\/2023\/10\/01-1-1.jpg","width":751,"height":708},{"@type":"BreadcrumbList","@id":"https:\/\/www.newfreestyle.it\/prodotto\/annodata-0-06-0-08-mm-protesi-capelli-uomo\/#breadcrumb","itemListElement":[{"@type":"ListItem","position":1,"name":"Home","item":"https:\/\/www.newfreestyle.it\/"},{"@type":"ListItem","position":2,"name":"Shop","item":"https:\/\/www.newfreestyle.it\/en\/shop\/"},{"@type":"ListItem","position":3,"name":"Protesi Capelli Uomo Annodata 0.06-0.08 MM"}]},{"@type":"WebSite","@id":"https:\/\/www.newfreestyle.it\/en\/#website","url":"https:\/\/www.newfreestyle.it\/en\/","name":"Implants capillaires pour hommes Implants capillaires","description":"Nous r\u00e9solvons tous les types de calvitie \u00e0 l'aide d'implants capillaires non chirurgicaux, \u00e9galement appel\u00e9s patchs cutan\u00e9s.","publisher":{"@id":"https:\/\/www.newfreestyle.it\/en\/#organization"},"potentialAction":[{"@type":"SearchAction","target":{"@type":"EntryPoint","urlTemplate":"https:\/\/www.newfreestyle.it\/en\/?s={search_term_string}"},"query-input":{"@type":"PropertyValueSpecification","valueRequired":true,"valueName":"search_term_string"}}],"inLanguage":"fr-FR"},{"@type":["Organization","Place"],"@id":"https:\/\/www.newfreestyle.it\/en\/#organization","name":"Syst\u00e8me capillaire Newfreestyle","alternateName":"Protesi Capelli Uomo Personalizzate","url":"https:\/\/www.newfreestyle.it\/en\/","logo":{"@id":"https:\/\/www.newfreestyle.it\/prodotto\/annodata-0-06-0-08-mm-protesi-capelli-uomo\/#local-main-organization-logo"},"image":{"@id":"https:\/\/www.newfreestyle.it\/prodotto\/annodata-0-06-0-08-mm-protesi-capelli-uomo\/#local-main-organization-logo"},"sameAs":["https:\/\/www.facebook.com\/newfreestyle.it\/","https:\/\/www.instagram.com\/newfreestyle_hairsystem\/"],"address":{"@id":"https:\/\/www.newfreestyle.it\/prodotto\/annodata-0-06-0-08-mm-protesi-capelli-uomo\/#local-main-place-address"},"geo":{"@type":"GeoCoordinates","latitude":"45.5086608","longitude":"9.2005743"},"telephone":["3297256048"],"openingHoursSpecification":[{"@type":"OpeningHoursSpecification","dayOfWeek":["Monday","Tuesday","Wednesday","Thursday","Friday","Saturday"],"opens":"09:00","closes":"19:00"},{"@type":"OpeningHoursSpecification","dayOfWeek":["Sunday"],"opens":"00:00","closes":"00:00"}],"email":"direzione@newfreestyle.it","vatID":"IT11145080963","taxID":"SCIMST69H67I690R"},{"@type":"PostalAddress","@id":"https:\/\/www.newfreestyle.it\/prodotto\/annodata-0-06-0-08-mm-protesi-capelli-uomo\/#local-main-place-address","streetAddress":"Via Cino da Pistoia, 18","addressLocality":"Milano","postalCode":"20162","addressRegion":"MI","addressCountry":"IT"},{"@type":"ImageObject","inLanguage":"fr-FR","@id":"https:\/\/www.newfreestyle.it\/prodotto\/annodata-0-06-0-08-mm-protesi-capelli-uomo\/#local-main-organization-logo","url":"https:\/\/www.newfreestyle.it\/wp-content\/uploads\/2023\/09\/cropped-newfreestyle-150x145-1.png","contentUrl":"https:\/\/www.newfreestyle.it\/wp-content\/uploads\/2023\/09\/cropped-newfreestyle-150x145-1.png","width":512,"height":512,"caption":"Newfreestyle Hair System"}]},"og_availability":"instock","product_availability":"instock","product_condition":"new","geo.placename":"Milano","geo.position":{"lat":"45.5086608","long":"9.2005743"},"geo.region":"Italie"},"_links":{"self":[{"href":"https:\/\/www.newfreestyle.it\/fr\/wp-json\/wp\/v2\/product\/39881","targetHints":{"allow":["GET"]}}],"collection":[{"href":"https:\/\/www.newfreestyle.it\/fr\/wp-json\/wp\/v2\/product"}],"about":[{"href":"https:\/\/www.newfreestyle.it\/fr\/wp-json\/wp\/v2\/types\/product"}],"replies":[{"embeddable":true,"href":"https:\/\/www.newfreestyle.it\/fr\/wp-json\/wp\/v2\/comments?post=39881"}],"wp:featuredmedia":[{"embeddable":true,"href":"https:\/\/www.newfreestyle.it\/fr\/wp-json\/wp\/v2\/media\/39882"}],"wp:attachment":[{"href":"https:\/\/www.newfreestyle.it\/fr\/wp-json\/wp\/v2\/media?parent=39881"}],"wp:term":[{"taxonomy":"product_brand","embeddable":true,"href":"https:\/\/www.newfreestyle.it\/fr\/wp-json\/wp\/v2\/product_brand?post=39881"},{"taxonomy":"product_cat","embeddable":true,"href":"https:\/\/www.newfreestyle.it\/fr\/wp-json\/wp\/v2\/product_cat?post=39881"},{"taxonomy":"product_tag","embeddable":true,"href":"https:\/\/www.newfreestyle.it\/fr\/wp-json\/wp\/v2\/product_tag?post=39881"}],"curies":[{"name":"wp","href":"https:\/\/api.w.org\/{rel}","templated":true}]}}