
{"id":39761,"date":"2023-10-05T13:10:15","date_gmt":"2023-10-05T11:10:15","guid":{"rendered":"https:\/\/www.newfreestyle.it\/?post_type=product&#038;p=39761"},"modified":"2026-04-01T17:04:53","modified_gmt":"2026-04-01T15:04:53","slug":"protheses-capillaires-pour-hommes-v-loop-0-02-0-04-mm","status":"publish","type":"product","link":"https:\/\/www.newfreestyle.it\/fr\/produit\/protheses-capillaires-pour-hommes-v-loop-0-02-0-04-mm\/","title":{"rendered":"Proth\u00e8se capillaire pour homme V-Loop 0.02-0.04 MM"},"content":{"rendered":"<h2>Proth\u00e8se capillaire pour homme V-Loop 0.02-0.04 MM<\/h2>\n<p>Cette proth\u00e8se capillaire pour homme est con\u00e7ue pour ceux qui d\u00e9sirent une base en PU (polyur\u00e9thane) tr\u00e8s fine et un rendu de la ligne frontale \u00e0 l'apparence naturelle. Le travail <strong>V-Loop<\/strong> contribue \u00e0 cr\u00e9er un effet r\u00e9aliste, tandis que la structure en <strong>PU<\/strong> est con\u00e7ue pour \u00eatre douce et confortable lors de l'utilisation quotidienne et pendant les phases d'application et d'entretien.<\/p>\n<p>Si vous souhaitez voir plus de couleurs ou plus d'images de l'implantation capillaire, <a href=\"https:\/\/www.newfreestyle.it\/fr\/contacts\/\">nous contacter<\/a>.<\/p>\n<h2>Caract\u00e9ristiques et d\u00e9tails<\/h2>\n<p>Vous trouverez ci-dessous toutes les sp\u00e9cifications disponibles du mod\u00e8le.<\/p>\n<h3>Base et construction<\/h3>\n<ul>\n<li><strong>Type de base :<\/strong> base V-Loop en PU de <strong>0,02-0,04 mm<\/strong><\/li>\n<li><strong>Mat\u00e9riau de base :<\/strong> PU (polyur\u00e9thane) (\u00e9galement indiqu\u00e9 comme peau\/polyester\/polyur\u00e9thane)<\/li>\n<li><strong>Dimensions de la base :<\/strong> <strong>20*15 cm<\/strong><\/li>\n<li><strong>Forme avant :<\/strong> <strong>CC<\/strong><\/li>\n<\/ul>\n<h3>Cheveux<\/h3>\n<ul>\n<li><strong>Mat\u00e9riau des cheveux :<\/strong> <strong>100% cheveux humains<\/strong> (cheveux indiens)<\/li>\n<li><strong>Longueur des cheveux :<\/strong> <strong>15 cm<\/strong><\/li>\n<li><strong>Densit\u00e9 des cheveux :<\/strong> <strong>90%<\/strong><\/li>\n<li><strong>Bouclage des cheveux :<\/strong> <strong>32 mm<\/strong><\/li>\n<\/ul>\n<h3>Couleurs disponibles et pourcentage de cheveux gris<\/h3>\n<p><strong>Couleurs :<\/strong> #1, #1B, #2, #3, #4, #5, #6, #7, #7ASH, #17, #18, #22R, #60RY, #613<\/p>\n<p><strong>Pourcentage de cheveux gris :<\/strong> 0%, 10%, 20%, 30%, 40%, 50%, 80%<\/p>\n<h2>Applications<\/h2>\n<p>La Proth\u00e8se Cheveux Homme V-Loop 0.02-0.04 MM est indiqu\u00e9e pour ceux qui recherchent une solution avec une base en PU et souhaitent un r\u00e9sultat soign\u00e9 particuli\u00e8rement dans la zone frontale. La technologie <strong>V-Loop<\/strong> est con\u00e7ue pour soutenir une implantation au rendu naturel et r\u00e9aliste.<\/p>\n<p>Gr\u00e2ce \u00e0 la structure en PU, le syst\u00e8me est pratique pour ceux qui veulent une proth\u00e8se qui soit <strong>facile \u00e0 appliquer<\/strong> e <strong>facile \u00e0 couper<\/strong> au moment de la personnalisation.<\/p>\n<h2>Avantages<\/h2>\n<ul>\n<li><strong>Cheveux humains 100% :<\/strong> cheveux d\u00e9crits comme flexibles, l\u00e9gers et fluides<\/li>\n<li><strong>Implantation naturelle et invisible :<\/strong> soutenue par la technologie <strong>V-Loop<\/strong><\/li>\n<li><strong>Gestion et personnalisation :<\/strong> indiqu\u00e9e comme facile \u00e0 appliquer et facile \u00e0 couper<\/li>\n<li><strong>Confort :<\/strong> la faible sensibilit\u00e9 des mat\u00e9riaux de la base est indiqu\u00e9e pour une sensation g\u00e9n\u00e9rale confortable<\/li>\n<li><strong>D\u00e9lais de livraison :<\/strong> g\u00e9n\u00e9ralement livr\u00e9 sous <strong>5~10 jours<\/strong> \u00e0 partir de la commande<\/li>\n<\/ul>\n<h2>Utilisation et notes<\/h2>\n<h3>Indications du fabricant<\/h3>\n<ul>\n<li>Chaque cheveu est r\u00e9colt\u00e9 pour maintenir la haute qualit\u00e9 du mat\u00e9riau et pr\u00e9server autant que possible la flexibilit\u00e9 originale.<\/li>\n<li>L\u2019ensemble de la base en PU est r\u00e9alis\u00e9 avec des mat\u00e9riaux PU de haute qualit\u00e9 ; les mat\u00e9riaux sont d\u00e9crits comme doux pour la peau, souples, confortables et faciles \u00e0 appliquer.<\/li>\n<li>La faible sensibilit\u00e9 des mat\u00e9riaux de la base en peau enti\u00e8re est indiqu\u00e9e pour contribuer \u00e0 une sensation g\u00e9n\u00e9rale de confort.<\/li>\n<li>L\u2019implantation et la couronne sont r\u00e9alis\u00e9es \u00e0 la main pour un aspect plus proche des cheveux naturels.<\/li>\n<\/ul>\n<h3>Conseils pratiques<\/h3>\n<p>Pour choisir la couleur la plus adapt\u00e9e et le pourcentage de cheveux gris le plus coh\u00e9rent avec votre look, \u00e9valuez votre base naturelle et l\u2019effet final d\u00e9sir\u00e9. Si vous h\u00e9sitez entre deux teintes ou souhaitez v\u00e9rifier le rendu du front, vous pouvez demander un support et des images suppl\u00e9mentaires via la page <a href=\"https:\/\/www.newfreestyle.it\/fr\/contacts\/\">contacts<\/a>.<\/p>\n<h3>FAQ \u2013 Questions fr\u00e9quentes<\/h3>\n<h4>Quel type de base a cette proth\u00e8se cheveux homme ?<\/h4>\n<p>La base est enti\u00e8rement r\u00e9alis\u00e9e en PU (polyur\u00e9thane) et est une base V-Loop avec une \u00e9paisseur indiqu\u00e9e de 0,02-0,04 mm.<\/p>\n<h4>Quels cheveux sont utilis\u00e9s dans cette proth\u00e8se ?<\/h4>\n<p>Le produit est r\u00e9alis\u00e9 avec 100% cheveux humains, indiqu\u00e9s comme cheveux indiens.<\/p>\n<h4>Quelles sont les dimensions et la longueur des cheveux ?<\/h4>\n<p>Les dimensions de la base sont 20*15 cm et la longueur des cheveux est de 15 cm.<\/p>\n<h4>Des options de couleur et de pourcentage de cheveux gris sont-elles disponibles ?<\/h4>\n<p>Oui. Plusieurs nuances sont disponibles (dont #1, #2, #3, #4, #5, #6, #7, #7ASH, #17, #18, #22R, #60RY, #613) et des pourcentages de cheveux gris 0%, 10%, 20%, 30%, 40%, 50%, 80%.<\/p>\n<h4>En combien de temps est-elle g\u00e9n\u00e9ralement livr\u00e9e ?<\/h4>\n<p>La livraison est g\u00e9n\u00e9ralement indiqu\u00e9e sous 5~10 jours apr\u00e8s la commande.<\/p>\n<p><script type=\"application\/ld+json\">\n{\"@context\":\"https:\/\/schema.org\",\"@type\":\"FAQPage\",\"mainEntity\":[{\"@type\":\"Question\",\"name\":\"Che tipo di base ha questa protesi capelli uomo?\",\"acceptedAnswer\":{\"@type\":\"Answer\",\"text\":\"La base \u00e8 realizzata interamente in PU (poliuretano) ed \u00e8 una base V-Loop con spessore indicato 0,02-0,04 mm.\"}},{\"@type\":\"Question\",\"name\":\"Che capelli vengono utilizzati in questa protesi?\",\"acceptedAnswer\":{\"@type\":\"Answer\",\"text\":\"Il prodotto \u00e8 realizzato con 100% capelli umani, indicati come capelli indiani.\"}},{\"@type\":\"Question\",\"name\":\"Quali sono dimensioni e lunghezza dei capelli?\",\"acceptedAnswer\":{\"@type\":\"Answer\",\"text\":\"Le dimensioni della base sono 20*15 cm e la lunghezza dei capelli \u00e8 15 cm.\"}},{\"@type\":\"Question\",\"name\":\"Sono disponibili opzioni di colore e percentuale di capelli grigi?\",\"acceptedAnswer\":{\"@type\":\"Answer\",\"text\":\"S\u00ec. Sono disponibili diverse tonalit\u00e0 (tra cui #1, #2, #3, #4, #5, #6, #7, #7ASH, #17, #18, #22R, #60RY, #613) e percentuali di capelli grigi 0%, 10%, 20%, 30%, 40%, 50%, 80%.\"}},{\"@type\":\"Question\",\"name\":\"In quanto tempo viene consegnata solitamente?\",\"acceptedAnswer\":{\"@type\":\"Answer\",\"text\":\"La consegna \u00e8 indicata solitamente entro 5~10 giorni dall\u2019ordine.\"}}]}\n<\/script><\/p>","protected":false},"excerpt":{"rendered":"<p>La <strong>Proth\u00e8se capillaire pour homme V-Loop 0.02-0.04 MM<\/strong> c'est une implantation capillaire avec une base enti\u00e8rement en <strong>PU<\/strong> et un travail <strong>V-Loop<\/strong>, con\u00e7u pour une ligne frontale \u00e0 l'apparence naturelle et r\u00e9aliste. R\u00e9alis\u00e9 avec <strong>100% cheveux humains (cheveux indiens)<\/strong>, il offre une structure douce et confortable et est pratique lors des phases d'application et de coupe. Disponible en plusieurs teintes et avec des options de <strong>pourcentage de cheveux gris<\/strong>, c'est une solution adapt\u00e9e \u00e0 ceux qui souhaitent personnaliser le r\u00e9sultat de mani\u00e8re pr\u00e9cise. Pour d'autres couleurs ou images, vous pouvez nous contacter.<\/p>","protected":false},"featured_media":39762,"comment_status":"open","ping_status":"closed","template":"","meta":{"_acf_changed":false,"_monsterinsights_skip_tracking":false,"_monsterinsights_sitenote_active":false,"_monsterinsights_sitenote_note":"","_monsterinsights_sitenote_category":0},"product_brand":[],"product_cat":[61],"product_tag":[],"class_list":{"0":"post-39761","1":"product","2":"type-product","3":"status-publish","4":"has-post-thumbnail","6":"product_cat-protesi-capelli-uomo","8":"first","9":"instock","10":"shipping-taxable","11":"purchasable","12":"product-type-variable"},"acf":[],"yoast_head":"<!-- This site is optimized with the Yoast SEO Premium plugin v26.1 (Yoast SEO v26.1.1) - https:\/\/yoast.com\/wordpress\/plugins\/seo\/ -->\n<title>Protesi Capelli Uomo V-Loop 0.02-0.04 MM<\/title>\n<meta name=\"description\" content=\"Protesi capelli uomo in PU con tecnologia V-Loop, 100% capelli umani. Base 0,02-0,04 mm, varie tonalit\u00e0 e opzioni capelli grigi.\" \/>\n<meta name=\"robots\" content=\"index, follow, max-snippet:-1, max-image-preview:large, max-video-preview:-1\" \/>\n<link rel=\"canonical\" href=\"https:\/\/www.newfreestyle.it\/fr\/produit\/protheses-capillaires-pour-hommes-v-loop-0-02-0-04-mm\/\" \/>\n<meta property=\"og:locale\" content=\"fr_FR\" \/>\n<meta property=\"og:type\" content=\"article\" \/>\n<meta property=\"og:title\" content=\"Protesi Capelli Uomo V-Loop 0.02-0.04 MM\" \/>\n<meta property=\"og:description\" content=\"La Protesi Capelli Uomo V-Loop 0.02-0.04 MM \u00e8 un impianto capillare con base interamente in PU e lavorazione V-Loop, pensata per un\u2019attaccatura dall\u2019aspetto naturale e realistico. Realizzata con 100% capelli umani (capelli indiani), offre una struttura morbida e confortevole e risulta pratica nelle fasi di applicazione e taglio. Disponibile in diverse tonalit\u00e0 e con opzioni di percentuale capelli grigi, \u00e8 una soluzione adatta a chi desidera personalizzare il risultato in modo accurato. Per altri colori o immagini, puoi contattarci.\" \/>\n<meta property=\"og:url\" content=\"https:\/\/www.newfreestyle.it\/fr\/produit\/protheses-capillaires-pour-hommes-v-loop-0-02-0-04-mm\/\" \/>\n<meta property=\"og:site_name\" content=\"Newfreestyle Hair System\" \/>\n<meta property=\"article:publisher\" content=\"https:\/\/www.facebook.com\/newfreestyle.it\/\" \/>\n<meta property=\"article:modified_time\" content=\"2026-04-01T15:04:53+00:00\" \/>\n<meta property=\"og:image\" content=\"https:\/\/www.newfreestyle.it\/wp-content\/uploads\/2023\/10\/01-34.jpg\" \/>\n\t<meta property=\"og:image:width\" content=\"751\" \/>\n\t<meta property=\"og:image:height\" content=\"708\" \/>\n\t<meta property=\"og:image:type\" content=\"image\/jpeg\" \/>\n<meta name=\"twitter:card\" content=\"summary_large_image\" \/>\n<meta name=\"twitter:label1\" content=\"Disponibilit\u00e9\" \/>\n\t<meta name=\"twitter:data1\" content=\"En stock\" \/>\n<script type=\"application\/ld+json\" class=\"yoast-schema-graph\">{\"@context\":\"https:\/\/schema.org\",\"@graph\":[{\"@type\":\"WebPage\",\"@id\":\"https:\/\/www.newfreestyle.it\/prodotto\/protesi-capelli-uomo-v-loop-0-02-0-04-mm\/\",\"url\":\"https:\/\/www.newfreestyle.it\/prodotto\/protesi-capelli-uomo-v-loop-0-02-0-04-mm\/\",\"name\":\"Protesi Capelli Uomo V-Loop 0.02-0.04 MM\",\"isPartOf\":{\"@id\":\"https:\/\/www.newfreestyle.it\/en\/#website\"},\"primaryImageOfPage\":{\"@id\":\"https:\/\/www.newfreestyle.it\/prodotto\/protesi-capelli-uomo-v-loop-0-02-0-04-mm\/#primaryimage\"},\"image\":{\"@id\":\"https:\/\/www.newfreestyle.it\/prodotto\/protesi-capelli-uomo-v-loop-0-02-0-04-mm\/#primaryimage\"},\"thumbnailUrl\":\"https:\/\/www.newfreestyle.it\/wp-content\/uploads\/2023\/10\/01-34.jpg\",\"datePublished\":\"2023-10-05T11:10:15+00:00\",\"dateModified\":\"2026-04-01T15:04:53+00:00\",\"description\":\"Protesi capelli uomo in PU con tecnologia V-Loop, 100% capelli umani. Base 0,02-0,04 mm, varie tonalit\u00e0 e opzioni capelli grigi.\",\"breadcrumb\":{\"@id\":\"https:\/\/www.newfreestyle.it\/prodotto\/protesi-capelli-uomo-v-loop-0-02-0-04-mm\/#breadcrumb\"},\"inLanguage\":\"fr-FR\",\"potentialAction\":[{\"@type\":\"ReadAction\",\"target\":[\"https:\/\/www.newfreestyle.it\/prodotto\/protesi-capelli-uomo-v-loop-0-02-0-04-mm\/\"]}]},{\"@type\":\"ImageObject\",\"inLanguage\":\"fr-FR\",\"@id\":\"https:\/\/www.newfreestyle.it\/prodotto\/protesi-capelli-uomo-v-loop-0-02-0-04-mm\/#primaryimage\",\"url\":\"https:\/\/www.newfreestyle.it\/wp-content\/uploads\/2023\/10\/01-34.jpg\",\"contentUrl\":\"https:\/\/www.newfreestyle.it\/wp-content\/uploads\/2023\/10\/01-34.jpg\",\"width\":751,\"height\":708},{\"@type\":\"BreadcrumbList\",\"@id\":\"https:\/\/www.newfreestyle.it\/prodotto\/protesi-capelli-uomo-v-loop-0-02-0-04-mm\/#breadcrumb\",\"itemListElement\":[{\"@type\":\"ListItem\",\"position\":1,\"name\":\"Home\",\"item\":\"https:\/\/www.newfreestyle.it\/\"},{\"@type\":\"ListItem\",\"position\":2,\"name\":\"Shop\",\"item\":\"https:\/\/www.newfreestyle.it\/en\/shop\/\"},{\"@type\":\"ListItem\",\"position\":3,\"name\":\"Protesi Capelli Uomo V-Loop 0.02-0.04 MM\"}]},{\"@type\":\"WebSite\",\"@id\":\"https:\/\/www.newfreestyle.it\/en\/#website\",\"url\":\"https:\/\/www.newfreestyle.it\/en\/\",\"name\":\"Protesi Capelli Uomo Impianti Capillari\",\"description\":\"Risolviamo ogni tipologia di Calvizie mediante l\u2019ausilio di protesi capillari non chirurgiche anche chiamata patch cutaneo.\",\"publisher\":{\"@id\":\"https:\/\/www.newfreestyle.it\/en\/#organization\"},\"potentialAction\":[{\"@type\":\"SearchAction\",\"target\":{\"@type\":\"EntryPoint\",\"urlTemplate\":\"https:\/\/www.newfreestyle.it\/en\/?s={search_term_string}\"},\"query-input\":{\"@type\":\"PropertyValueSpecification\",\"valueRequired\":true,\"valueName\":\"search_term_string\"}}],\"inLanguage\":\"fr-FR\"},{\"@type\":[\"Organization\",\"Place\"],\"@id\":\"https:\/\/www.newfreestyle.it\/en\/#organization\",\"name\":\"Newfreestyle Hair System\",\"alternateName\":\"Protesi Capelli Uomo Personalizzate\",\"url\":\"https:\/\/www.newfreestyle.it\/en\/\",\"logo\":{\"@id\":\"https:\/\/www.newfreestyle.it\/prodotto\/protesi-capelli-uomo-v-loop-0-02-0-04-mm\/#local-main-organization-logo\"},\"image\":{\"@id\":\"https:\/\/www.newfreestyle.it\/prodotto\/protesi-capelli-uomo-v-loop-0-02-0-04-mm\/#local-main-organization-logo\"},\"sameAs\":[\"https:\/\/www.facebook.com\/newfreestyle.it\/\",\"https:\/\/www.instagram.com\/newfreestyle_hairsystem\/\"],\"address\":{\"@id\":\"https:\/\/www.newfreestyle.it\/prodotto\/protesi-capelli-uomo-v-loop-0-02-0-04-mm\/#local-main-place-address\"},\"geo\":{\"@type\":\"GeoCoordinates\",\"latitude\":\"45.5086608\",\"longitude\":\"9.2005743\"},\"telephone\":[\"3297256048\"],\"openingHoursSpecification\":[{\"@type\":\"OpeningHoursSpecification\",\"dayOfWeek\":[\"Monday\",\"Tuesday\",\"Wednesday\",\"Thursday\",\"Friday\",\"Saturday\"],\"opens\":\"09:00\",\"closes\":\"19:00\"},{\"@type\":\"OpeningHoursSpecification\",\"dayOfWeek\":[\"Sunday\"],\"opens\":\"00:00\",\"closes\":\"00:00\"}],\"email\":\"direzione@newfreestyle.it\",\"vatID\":\"IT11145080963\",\"taxID\":\"SCIMST69H67I690R\"},{\"@type\":\"PostalAddress\",\"@id\":\"https:\/\/www.newfreestyle.it\/prodotto\/protesi-capelli-uomo-v-loop-0-02-0-04-mm\/#local-main-place-address\",\"streetAddress\":\"Via Cino da Pistoia, 18\",\"addressLocality\":\"Milano\",\"postalCode\":\"20162\",\"addressRegion\":\"MI\",\"addressCountry\":\"IT\"},{\"@type\":\"ImageObject\",\"inLanguage\":\"fr-FR\",\"@id\":\"https:\/\/www.newfreestyle.it\/prodotto\/protesi-capelli-uomo-v-loop-0-02-0-04-mm\/#local-main-organization-logo\",\"url\":\"https:\/\/www.newfreestyle.it\/wp-content\/uploads\/2023\/09\/cropped-newfreestyle-150x145-1.png\",\"contentUrl\":\"https:\/\/www.newfreestyle.it\/wp-content\/uploads\/2023\/09\/cropped-newfreestyle-150x145-1.png\",\"width\":512,\"height\":512,\"caption\":\"Newfreestyle Hair System\"}]}<\/script>\n<meta property=\"og:availability\" content=\"instock\" \/>\n<meta property=\"product:availability\" content=\"instock\" \/>\n<meta property=\"product:condition\" content=\"new\" \/>\n<meta name=\"geo.placename\" content=\"Milano\" \/>\n<meta name=\"geo.position\" content=\"45.5086608;9.2005743\" \/>\n<meta name=\"geo.region\" content=\"Italie\" \/>\n<!-- \/ Yoast SEO Premium plugin. -->","yoast_head_json":{"title":"Proth\u00e8se capillaire pour homme V-Loop 0.02-0.04 MM","description":"Proth\u00e8se cheveux homme en PU avec technologie V-Loop, 100% cheveux humains. Base 0,02-0,04 mm, diverses nuances et options cheveux gris.","robots":{"index":"index","follow":"follow","max-snippet":"max-snippet:-1","max-image-preview":"max-image-preview:large","max-video-preview":"max-video-preview:-1"},"canonical":"https:\/\/www.newfreestyle.it\/fr\/produit\/protheses-capillaires-pour-hommes-v-loop-0-02-0-04-mm\/","og_locale":"fr_FR","og_type":"article","og_title":"Protesi Capelli Uomo V-Loop 0.02-0.04 MM","og_description":"La Protesi Capelli Uomo V-Loop 0.02-0.04 MM \u00e8 un impianto capillare con base interamente in PU e lavorazione V-Loop, pensata per un\u2019attaccatura dall\u2019aspetto naturale e realistico. Realizzata con 100% capelli umani (capelli indiani), offre una struttura morbida e confortevole e risulta pratica nelle fasi di applicazione e taglio. Disponibile in diverse tonalit\u00e0 e con opzioni di percentuale capelli grigi, \u00e8 una soluzione adatta a chi desidera personalizzare il risultato in modo accurato. Per altri colori o immagini, puoi contattarci.","og_url":"https:\/\/www.newfreestyle.it\/fr\/produit\/protheses-capillaires-pour-hommes-v-loop-0-02-0-04-mm\/","og_site_name":"Newfreestyle Hair System","article_publisher":"https:\/\/www.facebook.com\/newfreestyle.it\/","article_modified_time":"2026-04-01T15:04:53+00:00","og_image":[{"width":751,"height":708,"url":"https:\/\/www.newfreestyle.it\/wp-content\/uploads\/2023\/10\/01-34.jpg","type":"image\/jpeg"}],"twitter_card":"summary_large_image","twitter_misc":{"Disponibilit\u00e9":"En stock"},"schema":{"@context":"https:\/\/schema.org","@graph":[{"@type":"WebPage","@id":"https:\/\/www.newfreestyle.it\/prodotto\/protesi-capelli-uomo-v-loop-0-02-0-04-mm\/","url":"https:\/\/www.newfreestyle.it\/prodotto\/protesi-capelli-uomo-v-loop-0-02-0-04-mm\/","name":"Proth\u00e8se capillaire pour homme V-Loop 0.02-0.04 MM","isPartOf":{"@id":"https:\/\/www.newfreestyle.it\/en\/#website"},"primaryImageOfPage":{"@id":"https:\/\/www.newfreestyle.it\/prodotto\/protesi-capelli-uomo-v-loop-0-02-0-04-mm\/#primaryimage"},"image":{"@id":"https:\/\/www.newfreestyle.it\/prodotto\/protesi-capelli-uomo-v-loop-0-02-0-04-mm\/#primaryimage"},"thumbnailUrl":"https:\/\/www.newfreestyle.it\/wp-content\/uploads\/2023\/10\/01-34.jpg","datePublished":"2023-10-05T11:10:15+00:00","dateModified":"2026-04-01T15:04:53+00:00","description":"Proth\u00e8se cheveux homme en PU avec technologie V-Loop, 100% cheveux humains. Base 0,02-0,04 mm, diverses nuances et options cheveux gris.","breadcrumb":{"@id":"https:\/\/www.newfreestyle.it\/prodotto\/protesi-capelli-uomo-v-loop-0-02-0-04-mm\/#breadcrumb"},"inLanguage":"fr-FR","potentialAction":[{"@type":"ReadAction","target":["https:\/\/www.newfreestyle.it\/prodotto\/protesi-capelli-uomo-v-loop-0-02-0-04-mm\/"]}]},{"@type":"ImageObject","inLanguage":"fr-FR","@id":"https:\/\/www.newfreestyle.it\/prodotto\/protesi-capelli-uomo-v-loop-0-02-0-04-mm\/#primaryimage","url":"https:\/\/www.newfreestyle.it\/wp-content\/uploads\/2023\/10\/01-34.jpg","contentUrl":"https:\/\/www.newfreestyle.it\/wp-content\/uploads\/2023\/10\/01-34.jpg","width":751,"height":708},{"@type":"BreadcrumbList","@id":"https:\/\/www.newfreestyle.it\/prodotto\/protesi-capelli-uomo-v-loop-0-02-0-04-mm\/#breadcrumb","itemListElement":[{"@type":"ListItem","position":1,"name":"Home","item":"https:\/\/www.newfreestyle.it\/"},{"@type":"ListItem","position":2,"name":"Shop","item":"https:\/\/www.newfreestyle.it\/en\/shop\/"},{"@type":"ListItem","position":3,"name":"Protesi Capelli Uomo V-Loop 0.02-0.04 MM"}]},{"@type":"WebSite","@id":"https:\/\/www.newfreestyle.it\/en\/#website","url":"https:\/\/www.newfreestyle.it\/en\/","name":"Implants capillaires pour hommes Implants capillaires","description":"Nous r\u00e9solvons tous les types de calvitie \u00e0 l'aide d'implants capillaires non chirurgicaux, \u00e9galement appel\u00e9s patchs cutan\u00e9s.","publisher":{"@id":"https:\/\/www.newfreestyle.it\/en\/#organization"},"potentialAction":[{"@type":"SearchAction","target":{"@type":"EntryPoint","urlTemplate":"https:\/\/www.newfreestyle.it\/en\/?s={search_term_string}"},"query-input":{"@type":"PropertyValueSpecification","valueRequired":true,"valueName":"search_term_string"}}],"inLanguage":"fr-FR"},{"@type":["Organization","Place"],"@id":"https:\/\/www.newfreestyle.it\/en\/#organization","name":"Syst\u00e8me capillaire Newfreestyle","alternateName":"Protesi Capelli Uomo Personalizzate","url":"https:\/\/www.newfreestyle.it\/en\/","logo":{"@id":"https:\/\/www.newfreestyle.it\/prodotto\/protesi-capelli-uomo-v-loop-0-02-0-04-mm\/#local-main-organization-logo"},"image":{"@id":"https:\/\/www.newfreestyle.it\/prodotto\/protesi-capelli-uomo-v-loop-0-02-0-04-mm\/#local-main-organization-logo"},"sameAs":["https:\/\/www.facebook.com\/newfreestyle.it\/","https:\/\/www.instagram.com\/newfreestyle_hairsystem\/"],"address":{"@id":"https:\/\/www.newfreestyle.it\/prodotto\/protesi-capelli-uomo-v-loop-0-02-0-04-mm\/#local-main-place-address"},"geo":{"@type":"GeoCoordinates","latitude":"45.5086608","longitude":"9.2005743"},"telephone":["3297256048"],"openingHoursSpecification":[{"@type":"OpeningHoursSpecification","dayOfWeek":["Monday","Tuesday","Wednesday","Thursday","Friday","Saturday"],"opens":"09:00","closes":"19:00"},{"@type":"OpeningHoursSpecification","dayOfWeek":["Sunday"],"opens":"00:00","closes":"00:00"}],"email":"direzione@newfreestyle.it","vatID":"IT11145080963","taxID":"SCIMST69H67I690R"},{"@type":"PostalAddress","@id":"https:\/\/www.newfreestyle.it\/prodotto\/protesi-capelli-uomo-v-loop-0-02-0-04-mm\/#local-main-place-address","streetAddress":"Via Cino da Pistoia, 18","addressLocality":"Milano","postalCode":"20162","addressRegion":"MI","addressCountry":"IT"},{"@type":"ImageObject","inLanguage":"fr-FR","@id":"https:\/\/www.newfreestyle.it\/prodotto\/protesi-capelli-uomo-v-loop-0-02-0-04-mm\/#local-main-organization-logo","url":"https:\/\/www.newfreestyle.it\/wp-content\/uploads\/2023\/09\/cropped-newfreestyle-150x145-1.png","contentUrl":"https:\/\/www.newfreestyle.it\/wp-content\/uploads\/2023\/09\/cropped-newfreestyle-150x145-1.png","width":512,"height":512,"caption":"Newfreestyle Hair System"}]},"og_availability":"instock","product_availability":"instock","product_condition":"new","geo.placename":"Milano","geo.position":{"lat":"45.5086608","long":"9.2005743"},"geo.region":"Italie"},"_links":{"self":[{"href":"https:\/\/www.newfreestyle.it\/fr\/wp-json\/wp\/v2\/product\/39761","targetHints":{"allow":["GET"]}}],"collection":[{"href":"https:\/\/www.newfreestyle.it\/fr\/wp-json\/wp\/v2\/product"}],"about":[{"href":"https:\/\/www.newfreestyle.it\/fr\/wp-json\/wp\/v2\/types\/product"}],"replies":[{"embeddable":true,"href":"https:\/\/www.newfreestyle.it\/fr\/wp-json\/wp\/v2\/comments?post=39761"}],"wp:featuredmedia":[{"embeddable":true,"href":"https:\/\/www.newfreestyle.it\/fr\/wp-json\/wp\/v2\/media\/39762"}],"wp:attachment":[{"href":"https:\/\/www.newfreestyle.it\/fr\/wp-json\/wp\/v2\/media?parent=39761"}],"wp:term":[{"taxonomy":"product_brand","embeddable":true,"href":"https:\/\/www.newfreestyle.it\/fr\/wp-json\/wp\/v2\/product_brand?post=39761"},{"taxonomy":"product_cat","embeddable":true,"href":"https:\/\/www.newfreestyle.it\/fr\/wp-json\/wp\/v2\/product_cat?post=39761"},{"taxonomy":"product_tag","embeddable":true,"href":"https:\/\/www.newfreestyle.it\/fr\/wp-json\/wp\/v2\/product_tag?post=39761"}],"curies":[{"name":"wp","href":"https:\/\/api.w.org\/{rel}","templated":true}]}}