
{"id":3815,"date":"2019-08-15T10:25:51","date_gmt":"2019-08-15T10:25:51","guid":{"rendered":"https:\/\/www.newfreestyle.it\/?post_type=product&#038;p=3815"},"modified":"2026-04-17T19:12:04","modified_gmt":"2026-04-17T17:12:04","slug":"colle-fantome-xl","status":"publish","type":"product","link":"https:\/\/www.newfreestyle.it\/fr\/produit\/colle-fantome-xl\/","title":{"rendered":"Colle Ghost Bond XL"},"content":{"rendered":"<h2>Colle Ghost Bond XL : adh\u00e9sif liquide \u00e0 base d\u2019eau pour proth\u00e8ses capillaires<\/h2>\n<p>Ghost Bond XL est un <strong>adh\u00e9sif liquide<\/strong> con\u00e7u pour l\u2019application et l\u2019entretien des proth\u00e8ses capillaires. Il se pr\u00e9sente comme une <strong>colle blanche \u00e0 base d\u2019eau<\/strong> et est formul\u00e9 <strong>sans solvants chimiques nocifs pour la peau<\/strong>, une caract\u00e9ristique importante pour ceux qui souhaitent un produit plus doux au contact du cuir chevelu.<\/p>\n<p>Sa particularit\u00e9 est d\u2019aider \u00e0 <strong>garder sous contr\u00f4le la transpiration et l\u2019humidit\u00e9 \u00e9lev\u00e9e<\/strong>, deux facteurs qui peuvent influencer la gestion quotidienne de l\u2019adh\u00e9rence. C\u2019est pourquoi Ghost Bond XL est souvent choisi lorsqu\u2019on recherche un adh\u00e9sif pratique \u00e0 int\u00e9grer dans la routine, avec une approche orient\u00e9e vers la stabilit\u00e9 dans des conditions environnementales difficiles.<\/p>\n<h2>Caract\u00e9ristiques et d\u00e9tails<\/h2>\n<h3>Formule et type<\/h3>\n<ul>\n<li><strong>Adh\u00e9sif liquide<\/strong> pour proth\u00e8ses capillaires.<\/li>\n<li><strong>Colle blanche<\/strong>.<\/li>\n<li><strong>\u00c0 base d\u2019eau<\/strong>.<\/li>\n<li><strong>Sans solvants chimiques nocifs pour la peau<\/strong>.<\/li>\n<\/ul>\n<p>La base d\u2019eau et l\u2019absence de solvants chimiques nocifs pour la peau font de Ghost Bond XL une solution adapt\u00e9e \u00e0 ceux qui accordent une attention particuli\u00e8re au confort cutan\u00e9 lors de l\u2019application et du retrait, tout en conservant une utilisation typique des adh\u00e9sifs liquides pour syst\u00e8mes capillaires.<\/p>\n<h3>Gestion de la transpiration et de l\u2019humidit\u00e9<\/h3>\n<p>Ghost Bond XL est n\u00e9e avec l\u2019objectif de <strong>mieux g\u00e9rer la transpiration et l\u2019humidit\u00e9 \u00e9lev\u00e9e<\/strong>. Dans des contextes o\u00f9 la peau a tendance \u00e0 transpirer ou l\u2019environnement est humide, le choix de l\u2019adh\u00e9sif peut faire la diff\u00e9rence dans la praticit\u00e9 quotidienne : cette colle est con\u00e7ue pr\u00e9cis\u00e9ment pour offrir un soutien dans de telles conditions.<\/p>\n<h2>Applications<\/h2>\n<p>Ghost Bond XL est indiqu\u00e9e comme colle pour l\u2019usage avec <strong>proth\u00e8se capillaire<\/strong>, dans la cat\u00e9gorie <strong>Ruban adh\u00e9sif et colle<\/strong>. Elle peut \u00eatre int\u00e9gr\u00e9e dans la routine de :<\/p>\n<ul>\n<li><strong>Application<\/strong> de la proth\u00e8se (collage).<\/li>\n<li><strong>Maintenance<\/strong> ordinaire, lorsque l\u2019on souhaite r\u00e9tablir l\u2019adh\u00e9sion.<\/li>\n<\/ul>\n<p>\u00c9tant une colle liquide, elle est particuli\u00e8rement utile lorsque l\u2019on pr\u00e9f\u00e8re travailler avec une colle \u00e9talable, \u00e0 manipuler avec soin selon ses habitudes et le type d\u2019installation.<\/p>\n<h2>Avantages<\/h2>\n<ul>\n<li><strong>Base d\u2019eau<\/strong>: choix pratique pour ceux qui pr\u00e9f\u00e8rent les formules \u00e0 base aqueuse.<\/li>\n<li><strong>Sans solvants chimiques nocifs pour la peau<\/strong>: orient\u00e9e vers un contact plus d\u00e9licat avec la peau.<\/li>\n<li><strong>Support en cas de transpiration et d\u2019humidit\u00e9 \u00e9lev\u00e9e<\/strong>: con\u00e7ue pour aider \u00e0 garder ces facteurs sous contr\u00f4le.<\/li>\n<\/ul>\n<p>Dans l\u2019ensemble, Ghost Bond XL est une solution cibl\u00e9e pour ceux qui recherchent une colle liquide avec des caract\u00e9ristiques essentielles et une formulation ax\u00e9e sur le confort et la gestion de l\u2019humidit\u00e9.<\/p>\n<h2>Utilisation et notes<\/h2>\n<h3>Conseils g\u00e9n\u00e9raux d\u2019utilisation<\/h3>\n<p>Pour obtenir un r\u00e9sultat soign\u00e9 et uniforme, il est conseill\u00e9 d\u2019appliquer la colle sur une peau propre et s\u00e8che, en suivant une proc\u00e9dure coh\u00e9rente avec sa propre routine d\u2019installation. En cas de transpiration ou d\u2019humidit\u00e9, pr\u00eater attention \u00e0 la pr\u00e9paration de la zone peut aider \u00e0 valoriser les caract\u00e9ristiques du produit.<\/p>\n<h3>Notes importantes<\/h3>\n<ul>\n<li>Produit destin\u00e9 \u00e0 l\u2019usage comme <strong>colle pour proth\u00e8ses capillaires<\/strong>.<\/li>\n<li>En cas de peau particuli\u00e8rement sensible, il est recommand\u00e9 de proc\u00e9der avec pr\u00e9caution et d\u2019interrompre l\u2019utilisation en cas d\u2019apparition d\u2019irritations.<\/li>\n<\/ul>\n<p>Si vous avez des doutes sur le choix de la colle la plus adapt\u00e9e \u00e0 votre routine (par exemple en relation avec la transpiration ou les conditions environnementales), vous pouvez nous contacter : nous vous aidons \u00e0 vous orienter parmi les options disponibles dans la cat\u00e9gorie Rubans et Colles.<\/p>\n<h3>FAQ \u2013 Questions fr\u00e9quentes<\/h3>\n<h4>Qu\u2019est-ce que Ghost Bond XL ?<\/h4>\n<p>Ghost Bond XL est une colle liquide : une colle blanche \u00e0 base d\u2019eau con\u00e7ue pour l\u2019application et l\u2019entretien des proth\u00e8ses capillaires.<\/p>\n<h4>Ghost Bond XL contient-elle des solvants chimiques ?<\/h4>\n<p>Non. Ghost Bond XL est d\u00e9pourvue de solvants chimiques nocifs pour la peau, selon la description du produit.<\/p>\n<h4>\u00c0 quoi sert la caract\u00e9ristique de contr\u00f4le de la transpiration et de l\u2019humidit\u00e9 ?<\/h4>\n<p>La particularit\u00e9 de Ghost Bond XL est d\u2019aider \u00e0 contr\u00f4ler la transpiration et l\u2019humidit\u00e9 \u00e9lev\u00e9e, des facteurs qui peuvent influencer la gestion de l\u2019adh\u00e9sion dans la routine quotidienne.<\/p>\n<h4>De quelle couleur est la colle Ghost Bond XL ?<\/h4>\n<p>Ghost Bond XL est d\u00e9crite comme une colle blanche.<\/p>\n<h4>Pour quels produits Ghost Bond XL est-elle indiqu\u00e9e ?<\/h4>\n<p>Elle est indiqu\u00e9e comme colle pour proth\u00e8ses capillaires, dans la cat\u00e9gorie Rubans et Colles.<\/p>\n<p><script type=\"application\/ld+json\">\n{\"@context\":\"https:\/\/schema.org\",\"@type\":\"FAQPage\",\"mainEntity\":[{\"@type\":\"Question\",\"name\":\"Che cos\u2019\u00e8 Ghost Bond XL?\",\"acceptedAnswer\":{\"@type\":\"Answer\",\"text\":\"Ghost Bond XL \u00e8 un adesivo liquido: una colla bianca a base d\u2019acqua pensata per l\u2019applicazione e la manutenzione di protesi per capelli.\"}},{\"@type\":\"Question\",\"name\":\"Ghost Bond XL contiene solventi chimici?\",\"acceptedAnswer\":{\"@type\":\"Answer\",\"text\":\"No. Ghost Bond XL \u00e8 priva di solventi chimici dannosi per la pelle, secondo la descrizione del prodotto.\"}},{\"@type\":\"Question\",\"name\":\"A cosa serve la caratteristica di controllo di sudore e umidit\u00e0?\",\"acceptedAnswer\":{\"@type\":\"Answer\",\"text\":\"La prerogativa di Ghost Bond XL \u00e8 aiutare a tenere sotto controllo sudore e umidit\u00e0 elevata, fattori che possono influire sulla gestione dell\u2019adesione nella routine quotidiana.\"}},{\"@type\":\"Question\",\"name\":\"Di che colore \u00e8 la colla Ghost Bond XL?\",\"acceptedAnswer\":{\"@type\":\"Answer\",\"text\":\"Ghost Bond XL \u00e8 descritta come una colla bianca.\"}},{\"@type\":\"Question\",\"name\":\"Per quali prodotti \u00e8 indicata Ghost Bond XL?\",\"acceptedAnswer\":{\"@type\":\"Answer\",\"text\":\"\u00c8 indicata come colla per protesi per capelli, all\u2019interno della categoria Tape e Colle.\"}}]}\n<\/script><\/p>","protected":false},"excerpt":{"rendered":"<p>Ghost Bond XL est une colle liquide pour proth\u00e8ses capillaires : une colle blanche \u00e0 base d\u2019eau, formul\u00e9e sans solvants chimiques nocifs pour la peau. Elle est con\u00e7ue pour ceux qui souhaitent un produit pratique \u00e0 int\u00e9grer dans la routine d\u2019application et d\u2019entretien, avec une attention particuli\u00e8re \u00e0 la gestion de la transpiration et de l\u2019humidit\u00e9 \u00e9lev\u00e9e. Id\u00e9ale lorsque l\u2019on recherche une adh\u00e9rence fiable m\u00eame dans des conditions environnementales difficiles, elle permet de travailler avec une colle \u00e9talable et contr\u00f4lable. Pour un r\u00e9sultat soign\u00e9, il est conseill\u00e9 de l\u2019appliquer sur une peau propre et s\u00e8che, en suivant ses habitudes d\u2019installation.<\/p>","protected":false},"featured_media":3816,"comment_status":"open","ping_status":"closed","template":"","meta":{"_acf_changed":false,"_monsterinsights_skip_tracking":false,"_monsterinsights_sitenote_active":false,"_monsterinsights_sitenote_note":"","_monsterinsights_sitenote_category":0},"product_brand":[],"product_cat":[72,73],"product_tag":[],"class_list":{"0":"post-3815","1":"product","2":"type-product","3":"status-publish","4":"has-post-thumbnail","6":"product_cat-accessori","7":"product_cat-tape-e-colle","9":"first","10":"instock","11":"shipping-taxable","12":"purchasable","13":"product-type-simple"},"acf":[],"yoast_head":"<!-- This site is optimized with the Yoast SEO Premium plugin v26.1 (Yoast SEO v26.1.1) - https:\/\/yoast.com\/wordpress\/plugins\/seo\/ -->\n<title>Colla Ghost Bond XL | Adesivo a base d\u2019acqua<\/title>\n<meta name=\"description\" content=\"Ghost Bond XL: colla bianca a base d\u2019acqua per protesi capelli, senza solventi chimici dannosi per la pelle. Aiuta a gestire sudore e umidit\u00e0.\" \/>\n<meta name=\"robots\" content=\"index, follow, max-snippet:-1, max-image-preview:large, max-video-preview:-1\" \/>\n<link rel=\"canonical\" href=\"https:\/\/www.newfreestyle.it\/fr\/produit\/colle-fantome-xl\/\" \/>\n<meta property=\"og:locale\" content=\"fr_FR\" \/>\n<meta property=\"og:type\" content=\"article\" \/>\n<meta property=\"og:title\" content=\"Colla Ghost Bond XL\" \/>\n<meta property=\"og:description\" content=\"Ghost Bond XL \u00e8 un adesivo liquido per protesi capelli: una colla bianca a base d\u2019acqua, formulata senza solventi chimici dannosi per la pelle. \u00c8 pensata per chi desidera un prodotto pratico da integrare nella routine di applicazione e manutenzione, con un\u2019attenzione specifica alla gestione di sudore e umidit\u00e0 elevata. Ideale quando si cerca un\u2019adesione affidabile anche in condizioni ambientali impegnative, permette di lavorare con una colla stendibile e controllabile. Per un risultato ordinato, \u00e8 consigliabile applicarla su pelle pulita e asciutta, seguendo le proprie abitudini di installazione.\" \/>\n<meta property=\"og:url\" content=\"https:\/\/www.newfreestyle.it\/fr\/produit\/colle-fantome-xl\/\" \/>\n<meta property=\"og:site_name\" content=\"Newfreestyle Hair System\" \/>\n<meta property=\"article:publisher\" content=\"https:\/\/www.facebook.com\/newfreestyle.it\/\" \/>\n<meta property=\"article:modified_time\" content=\"2026-04-17T17:12:04+00:00\" \/>\n<meta property=\"og:image\" content=\"https:\/\/www.newfreestyle.it\/wp-content\/uploads\/2023\/09\/ghost-bond-xl.jpg\" \/>\n\t<meta property=\"og:image:width\" content=\"425\" \/>\n\t<meta property=\"og:image:height\" content=\"425\" \/>\n\t<meta property=\"og:image:type\" content=\"image\/jpeg\" \/>\n<meta name=\"twitter:card\" content=\"summary_large_image\" \/>\n<meta name=\"twitter:label1\" content=\"Prix\" \/>\n\t<meta name=\"twitter:data1\" content=\"29.90&euro;\" \/>\n\t<meta name=\"twitter:label2\" content=\"Disponibilit\u00e9\" \/>\n\t<meta name=\"twitter:data2\" content=\"En stock\" \/>\n<script type=\"application\/ld+json\" class=\"yoast-schema-graph\">{\"@context\":\"https:\/\/schema.org\",\"@graph\":[{\"@type\":\"WebPage\",\"@id\":\"https:\/\/www.newfreestyle.it\/prodotto\/colla-ghost-bond-xl\/\",\"url\":\"https:\/\/www.newfreestyle.it\/prodotto\/colla-ghost-bond-xl\/\",\"name\":\"Colla Ghost Bond XL | Adesivo a base d\u2019acqua\",\"isPartOf\":{\"@id\":\"https:\/\/www.newfreestyle.it\/en\/#website\"},\"primaryImageOfPage\":{\"@id\":\"https:\/\/www.newfreestyle.it\/prodotto\/colla-ghost-bond-xl\/#primaryimage\"},\"image\":{\"@id\":\"https:\/\/www.newfreestyle.it\/prodotto\/colla-ghost-bond-xl\/#primaryimage\"},\"thumbnailUrl\":\"https:\/\/www.newfreestyle.it\/wp-content\/uploads\/2023\/09\/ghost-bond-xl.jpg\",\"datePublished\":\"2019-08-15T10:25:51+00:00\",\"dateModified\":\"2026-04-17T17:12:04+00:00\",\"description\":\"Ghost Bond XL: colla bianca a base d\u2019acqua per protesi capelli, senza solventi chimici dannosi per la pelle. Aiuta a gestire sudore e umidit\u00e0.\",\"breadcrumb\":{\"@id\":\"https:\/\/www.newfreestyle.it\/prodotto\/colla-ghost-bond-xl\/#breadcrumb\"},\"inLanguage\":\"fr-FR\",\"potentialAction\":[{\"@type\":\"ReadAction\",\"target\":[\"https:\/\/www.newfreestyle.it\/prodotto\/colla-ghost-bond-xl\/\"]}]},{\"@type\":\"ImageObject\",\"inLanguage\":\"fr-FR\",\"@id\":\"https:\/\/www.newfreestyle.it\/prodotto\/colla-ghost-bond-xl\/#primaryimage\",\"url\":\"https:\/\/www.newfreestyle.it\/wp-content\/uploads\/2023\/09\/ghost-bond-xl.jpg\",\"contentUrl\":\"https:\/\/www.newfreestyle.it\/wp-content\/uploads\/2023\/09\/ghost-bond-xl.jpg\",\"width\":425,\"height\":425},{\"@type\":\"BreadcrumbList\",\"@id\":\"https:\/\/www.newfreestyle.it\/prodotto\/colla-ghost-bond-xl\/#breadcrumb\",\"itemListElement\":[{\"@type\":\"ListItem\",\"position\":1,\"name\":\"Home\",\"item\":\"https:\/\/www.newfreestyle.it\/\"},{\"@type\":\"ListItem\",\"position\":2,\"name\":\"Shop\",\"item\":\"https:\/\/www.newfreestyle.it\/en\/shop\/\"},{\"@type\":\"ListItem\",\"position\":3,\"name\":\"Colla Ghost Bond XL\"}]},{\"@type\":\"WebSite\",\"@id\":\"https:\/\/www.newfreestyle.it\/en\/#website\",\"url\":\"https:\/\/www.newfreestyle.it\/en\/\",\"name\":\"Protesi Capelli Uomo Impianti Capillari\",\"description\":\"Risolviamo ogni tipologia di Calvizie mediante l\u2019ausilio di protesi capillari non chirurgiche anche chiamata patch cutaneo.\",\"publisher\":{\"@id\":\"https:\/\/www.newfreestyle.it\/en\/#organization\"},\"potentialAction\":[{\"@type\":\"SearchAction\",\"target\":{\"@type\":\"EntryPoint\",\"urlTemplate\":\"https:\/\/www.newfreestyle.it\/en\/?s={search_term_string}\"},\"query-input\":{\"@type\":\"PropertyValueSpecification\",\"valueRequired\":true,\"valueName\":\"search_term_string\"}}],\"inLanguage\":\"fr-FR\"},{\"@type\":[\"Organization\",\"Place\"],\"@id\":\"https:\/\/www.newfreestyle.it\/en\/#organization\",\"name\":\"Newfreestyle Hair System\",\"alternateName\":\"Protesi Capelli Uomo Personalizzate\",\"url\":\"https:\/\/www.newfreestyle.it\/en\/\",\"logo\":{\"@id\":\"https:\/\/www.newfreestyle.it\/prodotto\/colla-ghost-bond-xl\/#local-main-organization-logo\"},\"image\":{\"@id\":\"https:\/\/www.newfreestyle.it\/prodotto\/colla-ghost-bond-xl\/#local-main-organization-logo\"},\"sameAs\":[\"https:\/\/www.facebook.com\/newfreestyle.it\/\",\"https:\/\/www.instagram.com\/newfreestyle_hairsystem\/\"],\"address\":{\"@id\":\"https:\/\/www.newfreestyle.it\/prodotto\/colla-ghost-bond-xl\/#local-main-place-address\"},\"geo\":{\"@type\":\"GeoCoordinates\",\"latitude\":\"45.5086608\",\"longitude\":\"9.2005743\"},\"telephone\":[\"3297256048\"],\"openingHoursSpecification\":[{\"@type\":\"OpeningHoursSpecification\",\"dayOfWeek\":[\"Monday\",\"Tuesday\",\"Wednesday\",\"Thursday\",\"Friday\",\"Saturday\"],\"opens\":\"09:00\",\"closes\":\"19:00\"},{\"@type\":\"OpeningHoursSpecification\",\"dayOfWeek\":[\"Sunday\"],\"opens\":\"00:00\",\"closes\":\"00:00\"}],\"email\":\"direzione@newfreestyle.it\",\"vatID\":\"IT11145080963\",\"taxID\":\"SCIMST69H67I690R\"},{\"@type\":\"PostalAddress\",\"@id\":\"https:\/\/www.newfreestyle.it\/prodotto\/colla-ghost-bond-xl\/#local-main-place-address\",\"streetAddress\":\"Via Cino da Pistoia, 18\",\"addressLocality\":\"Milano\",\"postalCode\":\"20162\",\"addressRegion\":\"MI\",\"addressCountry\":\"IT\"},{\"@type\":\"ImageObject\",\"inLanguage\":\"fr-FR\",\"@id\":\"https:\/\/www.newfreestyle.it\/prodotto\/colla-ghost-bond-xl\/#local-main-organization-logo\",\"url\":\"https:\/\/www.newfreestyle.it\/wp-content\/uploads\/2023\/09\/cropped-newfreestyle-150x145-1.png\",\"contentUrl\":\"https:\/\/www.newfreestyle.it\/wp-content\/uploads\/2023\/09\/cropped-newfreestyle-150x145-1.png\",\"width\":512,\"height\":512,\"caption\":\"Newfreestyle Hair System\"}]}<\/script>\n<meta property=\"product:price:amount\" content=\"29.90\" \/>\n<meta property=\"product:price:currency\" content=\"EUR\" \/>\n<meta property=\"og:availability\" content=\"instock\" \/>\n<meta property=\"product:availability\" content=\"instock\" \/>\n<meta property=\"product:condition\" content=\"new\" \/>\n<meta name=\"geo.placename\" content=\"Milano\" \/>\n<meta name=\"geo.position\" content=\"45.5086608;9.2005743\" \/>\n<meta name=\"geo.region\" content=\"Italie\" \/>\n<!-- \/ Yoast SEO Premium plugin. -->","yoast_head_json":{"title":"Colle Ghost Bond XL | Adh\u00e9sif \u00e0 base d'eau","description":"Ghost Bond XL : colle blanche \u00e0 base d'eau pour proth\u00e8ses capillaires, sans solvants chimiques nocifs pour la peau. Aide \u00e0 g\u00e9rer la transpiration et l'humidit\u00e9.","robots":{"index":"index","follow":"follow","max-snippet":"max-snippet:-1","max-image-preview":"max-image-preview:large","max-video-preview":"max-video-preview:-1"},"canonical":"https:\/\/www.newfreestyle.it\/fr\/produit\/colle-fantome-xl\/","og_locale":"fr_FR","og_type":"article","og_title":"Colla Ghost Bond XL","og_description":"Ghost Bond XL \u00e8 un adesivo liquido per protesi capelli: una colla bianca a base d\u2019acqua, formulata senza solventi chimici dannosi per la pelle. \u00c8 pensata per chi desidera un prodotto pratico da integrare nella routine di applicazione e manutenzione, con un\u2019attenzione specifica alla gestione di sudore e umidit\u00e0 elevata. Ideale quando si cerca un\u2019adesione affidabile anche in condizioni ambientali impegnative, permette di lavorare con una colla stendibile e controllabile. Per un risultato ordinato, \u00e8 consigliabile applicarla su pelle pulita e asciutta, seguendo le proprie abitudini di installazione.","og_url":"https:\/\/www.newfreestyle.it\/fr\/produit\/colle-fantome-xl\/","og_site_name":"Newfreestyle Hair System","article_publisher":"https:\/\/www.facebook.com\/newfreestyle.it\/","article_modified_time":"2026-04-17T17:12:04+00:00","og_image":[{"width":425,"height":425,"url":"https:\/\/www.newfreestyle.it\/wp-content\/uploads\/2023\/09\/ghost-bond-xl.jpg","type":"image\/jpeg"}],"twitter_card":"summary_large_image","twitter_misc":{"Prix":"29.90&euro;","Disponibilit\u00e9":"En stock"},"schema":{"@context":"https:\/\/schema.org","@graph":[{"@type":"WebPage","@id":"https:\/\/www.newfreestyle.it\/prodotto\/colla-ghost-bond-xl\/","url":"https:\/\/www.newfreestyle.it\/prodotto\/colla-ghost-bond-xl\/","name":"Colle Ghost Bond XL | Adh\u00e9sif \u00e0 base d'eau","isPartOf":{"@id":"https:\/\/www.newfreestyle.it\/en\/#website"},"primaryImageOfPage":{"@id":"https:\/\/www.newfreestyle.it\/prodotto\/colla-ghost-bond-xl\/#primaryimage"},"image":{"@id":"https:\/\/www.newfreestyle.it\/prodotto\/colla-ghost-bond-xl\/#primaryimage"},"thumbnailUrl":"https:\/\/www.newfreestyle.it\/wp-content\/uploads\/2023\/09\/ghost-bond-xl.jpg","datePublished":"2019-08-15T10:25:51+00:00","dateModified":"2026-04-17T17:12:04+00:00","description":"Ghost Bond XL : colle blanche \u00e0 base d'eau pour proth\u00e8ses capillaires, sans solvants chimiques nocifs pour la peau. Aide \u00e0 g\u00e9rer la transpiration et l'humidit\u00e9.","breadcrumb":{"@id":"https:\/\/www.newfreestyle.it\/prodotto\/colla-ghost-bond-xl\/#breadcrumb"},"inLanguage":"fr-FR","potentialAction":[{"@type":"ReadAction","target":["https:\/\/www.newfreestyle.it\/prodotto\/colla-ghost-bond-xl\/"]}]},{"@type":"ImageObject","inLanguage":"fr-FR","@id":"https:\/\/www.newfreestyle.it\/prodotto\/colla-ghost-bond-xl\/#primaryimage","url":"https:\/\/www.newfreestyle.it\/wp-content\/uploads\/2023\/09\/ghost-bond-xl.jpg","contentUrl":"https:\/\/www.newfreestyle.it\/wp-content\/uploads\/2023\/09\/ghost-bond-xl.jpg","width":425,"height":425},{"@type":"BreadcrumbList","@id":"https:\/\/www.newfreestyle.it\/prodotto\/colla-ghost-bond-xl\/#breadcrumb","itemListElement":[{"@type":"ListItem","position":1,"name":"Home","item":"https:\/\/www.newfreestyle.it\/"},{"@type":"ListItem","position":2,"name":"Shop","item":"https:\/\/www.newfreestyle.it\/en\/shop\/"},{"@type":"ListItem","position":3,"name":"Colla Ghost Bond XL"}]},{"@type":"WebSite","@id":"https:\/\/www.newfreestyle.it\/en\/#website","url":"https:\/\/www.newfreestyle.it\/en\/","name":"Implants capillaires pour hommes Implants capillaires","description":"Nous r\u00e9solvons tous les types de calvitie \u00e0 l'aide d'implants capillaires non chirurgicaux, \u00e9galement appel\u00e9s patchs cutan\u00e9s.","publisher":{"@id":"https:\/\/www.newfreestyle.it\/en\/#organization"},"potentialAction":[{"@type":"SearchAction","target":{"@type":"EntryPoint","urlTemplate":"https:\/\/www.newfreestyle.it\/en\/?s={search_term_string}"},"query-input":{"@type":"PropertyValueSpecification","valueRequired":true,"valueName":"search_term_string"}}],"inLanguage":"fr-FR"},{"@type":["Organization","Place"],"@id":"https:\/\/www.newfreestyle.it\/en\/#organization","name":"Syst\u00e8me capillaire Newfreestyle","alternateName":"Protesi Capelli Uomo Personalizzate","url":"https:\/\/www.newfreestyle.it\/en\/","logo":{"@id":"https:\/\/www.newfreestyle.it\/prodotto\/colla-ghost-bond-xl\/#local-main-organization-logo"},"image":{"@id":"https:\/\/www.newfreestyle.it\/prodotto\/colla-ghost-bond-xl\/#local-main-organization-logo"},"sameAs":["https:\/\/www.facebook.com\/newfreestyle.it\/","https:\/\/www.instagram.com\/newfreestyle_hairsystem\/"],"address":{"@id":"https:\/\/www.newfreestyle.it\/prodotto\/colla-ghost-bond-xl\/#local-main-place-address"},"geo":{"@type":"GeoCoordinates","latitude":"45.5086608","longitude":"9.2005743"},"telephone":["3297256048"],"openingHoursSpecification":[{"@type":"OpeningHoursSpecification","dayOfWeek":["Monday","Tuesday","Wednesday","Thursday","Friday","Saturday"],"opens":"09:00","closes":"19:00"},{"@type":"OpeningHoursSpecification","dayOfWeek":["Sunday"],"opens":"00:00","closes":"00:00"}],"email":"direzione@newfreestyle.it","vatID":"IT11145080963","taxID":"SCIMST69H67I690R"},{"@type":"PostalAddress","@id":"https:\/\/www.newfreestyle.it\/prodotto\/colla-ghost-bond-xl\/#local-main-place-address","streetAddress":"Via Cino da Pistoia, 18","addressLocality":"Milano","postalCode":"20162","addressRegion":"MI","addressCountry":"IT"},{"@type":"ImageObject","inLanguage":"fr-FR","@id":"https:\/\/www.newfreestyle.it\/prodotto\/colla-ghost-bond-xl\/#local-main-organization-logo","url":"https:\/\/www.newfreestyle.it\/wp-content\/uploads\/2023\/09\/cropped-newfreestyle-150x145-1.png","contentUrl":"https:\/\/www.newfreestyle.it\/wp-content\/uploads\/2023\/09\/cropped-newfreestyle-150x145-1.png","width":512,"height":512,"caption":"Newfreestyle Hair System"}]},"product_price_amount":"29.90","product_price_currency":"EUR","og_availability":"instock","product_availability":"instock","product_condition":"new","geo.placename":"Milano","geo.position":{"lat":"45.5086608","long":"9.2005743"},"geo.region":"Italie"},"_links":{"self":[{"href":"https:\/\/www.newfreestyle.it\/fr\/wp-json\/wp\/v2\/product\/3815","targetHints":{"allow":["GET"]}}],"collection":[{"href":"https:\/\/www.newfreestyle.it\/fr\/wp-json\/wp\/v2\/product"}],"about":[{"href":"https:\/\/www.newfreestyle.it\/fr\/wp-json\/wp\/v2\/types\/product"}],"replies":[{"embeddable":true,"href":"https:\/\/www.newfreestyle.it\/fr\/wp-json\/wp\/v2\/comments?post=3815"}],"wp:featuredmedia":[{"embeddable":true,"href":"https:\/\/www.newfreestyle.it\/fr\/wp-json\/wp\/v2\/media\/3816"}],"wp:attachment":[{"href":"https:\/\/www.newfreestyle.it\/fr\/wp-json\/wp\/v2\/media?parent=3815"}],"wp:term":[{"taxonomy":"product_brand","embeddable":true,"href":"https:\/\/www.newfreestyle.it\/fr\/wp-json\/wp\/v2\/product_brand?post=3815"},{"taxonomy":"product_cat","embeddable":true,"href":"https:\/\/www.newfreestyle.it\/fr\/wp-json\/wp\/v2\/product_cat?post=3815"},{"taxonomy":"product_tag","embeddable":true,"href":"https:\/\/www.newfreestyle.it\/fr\/wp-json\/wp\/v2\/product_tag?post=3815"}],"curies":[{"name":"wp","href":"https:\/\/api.w.org\/{rel}","templated":true}]}}