
{"id":11697,"date":"2020-03-23T10:27:26","date_gmt":"2020-03-23T08:27:26","guid":{"rendered":"https:\/\/www.newfreestyle.it\/?post_type=product&#038;p=11697"},"modified":"2026-02-16T16:58:32","modified_gmt":"2026-02-16T14:58:32","slug":"shampooing-restructurant","status":"publish","type":"product","link":"https:\/\/www.newfreestyle.it\/fr\/produit\/shampooing-restructurant\/","title":{"rendered":"Shampooing restructurant"},"content":{"rendered":"<h2>Shampooing restructurant<\/h2>\n<p>Lo <strong>Shampooing restructurant<\/strong> est con\u00e7u pour le nettoyage et le soin des cheveux qui paraissent <strong>ternes<\/strong>, <strong>rugueux au toucher<\/strong> e <strong>fragiles<\/strong>, m\u00eame en pr\u00e9sence de <strong>pointes fourchues<\/strong> et des difficult\u00e9s de coiffage. La formule est \u00e9tudi\u00e9e pour soutenir la fibre capillaire et contribuer \u00e0 en maintenir la structure, avec une action visant \u00e0 rendre la chevelure plus douce et maniable pendant la routine de lavage.<\/p>\n<p>Dans le cadre d\u2019une routine d\u2019entretien, c\u2019est un produit utile lorsque l\u2019on souhaite un nettoyage qui, en plus de nettoyer, aide \u00e0 <strong>nourrir la fibre<\/strong> et \u00e0 <strong>renforcer la protection<\/strong> du cheveu, m\u00eame dans des contextes o\u00f9 la chevelure est expos\u00e9e \u00e0 des facteurs externes et \u00e0 des traitements cosm\u00e9tiques.<\/p>\n<h3>Caract\u00e9ristiques et d\u00e9tails<\/h3>\n<p>Ce shampooing est formul\u00e9 pour intervenir sur diff\u00e9rentes conditions typiques des cheveux stress\u00e9s ou difficiles \u00e0 g\u00e9rer. En particulier :<\/p>\n<ul>\n<li>aide \u00e0 <strong>conserver la structure du cheveu<\/strong> en nourrissant la fibre avec <strong>des prot\u00e9ines de bl\u00e9<\/strong>;<\/li>\n<li>contribue \u00e0 <strong>renforcer la protection<\/strong> du cheveu;<\/li>\n<li>offre une <strong>d\u00e9fense<\/strong> contre les agressions de l\u2019environnement et les <strong>agressifs chimiques<\/strong> comme <strong>colorations<\/strong>, <strong>permanent<\/strong> e <strong>d\u00e9colorations<\/strong>;<\/li>\n<li><strong>adoucit<\/strong> la chevelure en la rendant <strong>d\u00e9m\u00ealable<\/strong>, utile aussi lorsque l'on souhaite travailler le coiffage et obtenir un \u00ab effet artistique \u00bb.<\/li>\n<\/ul>\n<h4>Ingr\u00e9dients (INCI)<\/h4>\n<p><strong>Aqua<\/strong>, Sodium Laureth Sulfate, Magnesium Laureth Sulfate, Cocamidopropyl Betaine, Cocamide DEA, Potassium cocoyl Hydrolyzed Collagen, Glycol Distearete, Sodium Chloride, Cocamide MEA, Laureth-10, Parfum, <strong>Prot\u00e9ine de bl\u00e9 hydrolys\u00e9e<\/strong>, Amodim\u00e9thicone, Trid\u00e9ceth-12, Chlorure de c\u00e9trimonium, Chlorure de guar hydroxypropyltrimonium, Imidazolidinylur\u00e9e, Disodium EDTA, M\u00e9thylchloroisothiazolinone, M\u00e9thylisothiazolinone, <strong>C.I. 15985<\/strong>, Salicylate de benzyle, Butylph\u00e9nyl m\u00e9thylpropional, Eug\u00e9nol, Limon\u00e8ne, Linalool.<\/p>\n<h3>Applications<\/h3>\n<p>Le Shampooing restructurant est indiqu\u00e9 lorsque les cheveux sont :<\/p>\n<ul>\n<li><strong>ternes<\/strong> peu vitaux ;<\/li>\n<li><strong>rugueux<\/strong> au toucher ;<\/li>\n<li><strong>fragiles<\/strong> et avec <strong>pointes fourchues<\/strong>;<\/li>\n<li><strong>difficiles \u00e0 coiffer<\/strong> et \u00e0 g\u00e9rer lors du coiffage.<\/li>\n<\/ul>\n<p>Il peut \u00eatre int\u00e9gr\u00e9 dans la routine de ceux qui souhaitent un lavage orient\u00e9 aussi vers le soin de la fibre, surtout en p\u00e9riode o\u00f9 la chevelure est soumise \u00e0 des stress environnementaux ou \u00e0 des traitements cosm\u00e9tiques comme les colorations et les permanentes.<\/p>\n<h3>Avantages<\/h3>\n<ul>\n<li><strong>Nettoyage et soutien de la fibre<\/strong>: aide \u00e0 nourrir la fibre capillaire gr\u00e2ce aux prot\u00e9ines de bl\u00e9.<\/li>\n<li><strong>Meilleure maniabilit\u00e9<\/strong>: adoucit la chevelure et la rend plus d\u00e9m\u00ealable.<\/li>\n<li><strong>Protection<\/strong>: contribue \u00e0 renforcer la protection du cheveu, offrant une d\u00e9fense contre les agressions externes et chimiques (colorations, permanentes, d\u00e9colorations).<\/li>\n<\/ul>\n<h3>Utilisation et notes<\/h3>\n<p>Utiliser comme un shampooing normal, <strong>en le r\u00e9partissant sur toute la chevelure<\/strong> et proc\u00e9der au rin\u00e7age.<\/p>\n<ul>\n<li><strong>Avertissement<\/strong>: en cas de contact avec les yeux, <strong>rincer imm\u00e9diatement<\/strong>.<\/li>\n<\/ul>\n<p>Pour une routine ordonn\u00e9e, il est conseill\u00e9 d'appliquer le produit uniform\u00e9ment et de rincer soigneusement, afin de laisser les cheveux propres et pr\u00eats pour les \u00e9tapes suivantes de s\u00e9chage et de coiffage.<\/p>\n<h3>FAQ \u2013 Questions fr\u00e9quentes<\/h3>\n<h4>\u00c0 qui est recommand\u00e9 le Shampooing R\u00e9parateur ?<\/h4>\n<p>Il est indiqu\u00e9 pour les cheveux ternes, rugueux au toucher et fragiles, m\u00eame en pr\u00e9sence de pointes fourchues et lorsqu'ils sont difficiles \u00e0 coiffer.<\/p>\n<h4>Que fait le Shampooing R\u00e9parateur sur les longueurs ?<\/h4>\n<p>Il aide \u00e0 conserver la structure du cheveu en nourrissant la fibre avec des prot\u00e9ines de bl\u00e9 et contribue \u00e0 renforcer sa protection. De plus, il adoucit la chevelure en la rendant plus facile \u00e0 coiffer.<\/p>\n<h4>Est-il utile si les cheveux sont trait\u00e9s avec des colorations ou des d\u00e9colorations ?<\/h4>\n<p>Oui, la description du produit le pr\u00e9sente comme une d\u00e9fense contre les agressions de l'environnement et des agents chimiques tels que colorations, permanentes et d\u00e9colorations.<\/p>\n<h4>Comment utiliser le Shampooing R\u00e9parateur ?<\/h4>\n<p>Il s'utilise comme un shampooing normal, en le r\u00e9partissant sur toute la chevelure et en rin\u00e7ant soigneusement.<\/p>\n<h4>Que faire en cas de contact avec les yeux ?<\/h4>\n<p>En cas de contact avec les yeux, rincer imm\u00e9diatement.<\/p>\n<p><script type=\"application\/ld+json\">\n{\"@context\":\"https:\/\/schema.org\",\"@type\":\"FAQPage\",\"mainEntity\":[{\"@type\":\"Question\",\"name\":\"A chi \u00e8 consigliato lo Shampoo Ristrutturante?\",\"acceptedAnswer\":{\"@type\":\"Answer\",\"text\":\"\u00c8 indicato per capelli spenti, ruvidi al tatto e fragili, anche in presenza di doppie punte e quando risultano difficili da pettinare.\"}},{\"@type\":\"Question\",\"name\":\"Cosa fa lo Shampoo Ristrutturante sulle lunghezze?\",\"acceptedAnswer\":{\"@type\":\"Answer\",\"text\":\"Aiuta a conservare la struttura del capello nutrendo la fibra con proteine di grano e contribuendo a rafforzarne la protezione. Inoltre ammorbidisce la capigliatura rendendola pi\u00f9 pettinabile.\"}},{\"@type\":\"Question\",\"name\":\"\u00c8 utile se i capelli sono trattati con tinture o decolorazioni?\",\"acceptedAnswer\":{\"@type\":\"Answer\",\"text\":\"S\u00ec, la descrizione del prodotto lo presenta come una difesa contro le aggressioni dell\u2019ambiente e degli aggressivi chimici come tinture, permanenti e decolorazioni.\"}},{\"@type\":\"Question\",\"name\":\"Come si usa lo Shampoo Ristrutturante?\",\"acceptedAnswer\":{\"@type\":\"Answer\",\"text\":\"Si usa come un normale shampoo, distribuendolo su tutta la capigliatura e risciacquando accuratamente.\"}},{\"@type\":\"Question\",\"name\":\"Cosa fare in caso di contatto con gli occhi?\",\"acceptedAnswer\":{\"@type\":\"Answer\",\"text\":\"In caso di contatto con gli occhi, risciacquare immediatamente.\"}}]}\n<\/script><\/p>","protected":false},"excerpt":{"rendered":"<p>Le Shampoo R\u00e9parateur est con\u00e7u pour le nettoyage des cheveux ternes, rugueux au toucher et fragiles, m\u00eame avec des pointes fourchues et difficiles \u00e0 coiffer. La formule aide \u00e0 conserver la structure du cheveu en nourrissant la fibre avec des prot\u00e9ines de bl\u00e9 et contribue \u00e0 renforcer sa protection. Il offre une d\u00e9fense contre les agressions de l\u2019environnement et les agressifs chimiques tels que les colorations, les permanentes et les d\u00e9colorations. Il adoucit la chevelure en la rendant plus facile \u00e0 coiffer, utile \u00e9galement lorsque l\u2019on souhaite travailler le coiffage. Il s\u2019utilise comme un shampooing normal sur toute la chevelure.<\/p>","protected":false},"featured_media":46701,"comment_status":"open","ping_status":"closed","template":"","meta":{"_acf_changed":false,"_monsterinsights_skip_tracking":false,"_monsterinsights_sitenote_active":false,"_monsterinsights_sitenote_note":"","_monsterinsights_sitenote_category":0},"product_brand":[],"product_cat":[72,78],"product_tag":[],"class_list":{"0":"post-11697","1":"product","2":"type-product","3":"status-publish","4":"has-post-thumbnail","6":"product_cat-accessori","7":"product_cat-shampoo","9":"first","10":"instock","11":"shipping-taxable","12":"purchasable","13":"product-type-simple"},"acf":[],"yoast_head":"<!-- This site is optimized with the Yoast SEO Premium plugin v26.1 (Yoast SEO v26.1.1) - https:\/\/yoast.com\/wordpress\/plugins\/seo\/ -->\n<title>Shampoo Ristrutturante | Cura e detersione capelli<\/title>\n<meta name=\"description\" content=\"Shampoo ristrutturante per capelli spenti e fragili: nutre la fibra con proteine di grano, ammorbidisce e rende la capigliatura pettinabile.\" \/>\n<meta name=\"robots\" content=\"index, follow, max-snippet:-1, max-image-preview:large, max-video-preview:-1\" \/>\n<link rel=\"canonical\" href=\"https:\/\/www.newfreestyle.it\/fr\/produit\/shampooing-restructurant\/\" \/>\n<meta property=\"og:locale\" content=\"fr_FR\" \/>\n<meta property=\"og:type\" content=\"article\" \/>\n<meta property=\"og:title\" content=\"Shampoo Ristrutturante\" \/>\n<meta property=\"og:description\" content=\"Lo Shampoo Ristrutturante \u00e8 pensato per la detersione di capelli spenti, ruvidi al tatto e fragili, anche con doppie punte e difficili da pettinare. La formula aiuta a conservare la struttura del capello nutrendo la fibra con proteine di grano e contribuendo a rafforzarne la protezione. Offre una difesa rispetto alle aggressioni dell\u2019ambiente e agli aggressivi chimici come tinture, permanenti e decolorazioni. Ammorbidisce la capigliatura rendendola pi\u00f9 pettinabile, utile anche quando si desidera lavorare lo styling. Si utilizza come un normale shampoo su tutta la capigliatura.\" \/>\n<meta property=\"og:url\" content=\"https:\/\/www.newfreestyle.it\/fr\/produit\/shampooing-restructurant\/\" \/>\n<meta property=\"og:site_name\" content=\"Newfreestyle Hair System\" \/>\n<meta property=\"article:publisher\" content=\"https:\/\/www.facebook.com\/newfreestyle.it\/\" \/>\n<meta property=\"article:modified_time\" content=\"2026-02-16T14:58:32+00:00\" \/>\n<meta property=\"og:image\" content=\"https:\/\/www.newfreestyle.it\/wp-content\/uploads\/2020\/03\/ristrutturante.jpg\" \/>\n\t<meta property=\"og:image:width\" content=\"787\" \/>\n\t<meta property=\"og:image:height\" content=\"787\" \/>\n\t<meta property=\"og:image:type\" content=\"image\/jpeg\" \/>\n<meta name=\"twitter:card\" content=\"summary_large_image\" \/>\n<meta name=\"twitter:label1\" content=\"Prix\" \/>\n\t<meta name=\"twitter:data1\" content=\"12.00&euro;\" \/>\n\t<meta name=\"twitter:label2\" content=\"Disponibilit\u00e9\" \/>\n\t<meta name=\"twitter:data2\" content=\"En stock\" \/>\n<script type=\"application\/ld+json\" class=\"yoast-schema-graph\">{\"@context\":\"https:\/\/schema.org\",\"@graph\":[{\"@type\":\"WebPage\",\"@id\":\"https:\/\/www.newfreestyle.it\/prodotto\/shampoo-ristrutturante\/\",\"url\":\"https:\/\/www.newfreestyle.it\/prodotto\/shampoo-ristrutturante\/\",\"name\":\"Shampoo Ristrutturante | Cura e detersione capelli\",\"isPartOf\":{\"@id\":\"https:\/\/www.newfreestyle.it\/en\/#website\"},\"primaryImageOfPage\":{\"@id\":\"https:\/\/www.newfreestyle.it\/prodotto\/shampoo-ristrutturante\/#primaryimage\"},\"image\":{\"@id\":\"https:\/\/www.newfreestyle.it\/prodotto\/shampoo-ristrutturante\/#primaryimage\"},\"thumbnailUrl\":\"https:\/\/www.newfreestyle.it\/wp-content\/uploads\/2020\/03\/ristrutturante.jpg\",\"datePublished\":\"2020-03-23T08:27:26+00:00\",\"dateModified\":\"2026-02-16T14:58:32+00:00\",\"description\":\"Shampoo ristrutturante per capelli spenti e fragili: nutre la fibra con proteine di grano, ammorbidisce e rende la capigliatura pettinabile.\",\"breadcrumb\":{\"@id\":\"https:\/\/www.newfreestyle.it\/prodotto\/shampoo-ristrutturante\/#breadcrumb\"},\"inLanguage\":\"fr-FR\",\"potentialAction\":[{\"@type\":\"ReadAction\",\"target\":[\"https:\/\/www.newfreestyle.it\/prodotto\/shampoo-ristrutturante\/\"]}]},{\"@type\":\"ImageObject\",\"inLanguage\":\"fr-FR\",\"@id\":\"https:\/\/www.newfreestyle.it\/prodotto\/shampoo-ristrutturante\/#primaryimage\",\"url\":\"https:\/\/www.newfreestyle.it\/wp-content\/uploads\/2020\/03\/ristrutturante.jpg\",\"contentUrl\":\"https:\/\/www.newfreestyle.it\/wp-content\/uploads\/2020\/03\/ristrutturante.jpg\",\"width\":787,\"height\":787},{\"@type\":\"BreadcrumbList\",\"@id\":\"https:\/\/www.newfreestyle.it\/prodotto\/shampoo-ristrutturante\/#breadcrumb\",\"itemListElement\":[{\"@type\":\"ListItem\",\"position\":1,\"name\":\"Home\",\"item\":\"https:\/\/www.newfreestyle.it\/\"},{\"@type\":\"ListItem\",\"position\":2,\"name\":\"Shop\",\"item\":\"https:\/\/www.newfreestyle.it\/en\/shop\/\"},{\"@type\":\"ListItem\",\"position\":3,\"name\":\"Shampoo Ristrutturante\"}]},{\"@type\":\"WebSite\",\"@id\":\"https:\/\/www.newfreestyle.it\/en\/#website\",\"url\":\"https:\/\/www.newfreestyle.it\/en\/\",\"name\":\"Protesi Capelli Uomo Impianti Capillari\",\"description\":\"Risolviamo ogni tipologia di Calvizie mediante l\u2019ausilio di protesi capillari non chirurgiche anche chiamata patch cutaneo.\",\"publisher\":{\"@id\":\"https:\/\/www.newfreestyle.it\/en\/#organization\"},\"potentialAction\":[{\"@type\":\"SearchAction\",\"target\":{\"@type\":\"EntryPoint\",\"urlTemplate\":\"https:\/\/www.newfreestyle.it\/en\/?s={search_term_string}\"},\"query-input\":{\"@type\":\"PropertyValueSpecification\",\"valueRequired\":true,\"valueName\":\"search_term_string\"}}],\"inLanguage\":\"fr-FR\"},{\"@type\":[\"Organization\",\"Place\"],\"@id\":\"https:\/\/www.newfreestyle.it\/en\/#organization\",\"name\":\"Newfreestyle Hair System\",\"alternateName\":\"Protesi Capelli Uomo Personalizzate\",\"url\":\"https:\/\/www.newfreestyle.it\/en\/\",\"logo\":{\"@id\":\"https:\/\/www.newfreestyle.it\/prodotto\/shampoo-ristrutturante\/#local-main-organization-logo\"},\"image\":{\"@id\":\"https:\/\/www.newfreestyle.it\/prodotto\/shampoo-ristrutturante\/#local-main-organization-logo\"},\"sameAs\":[\"https:\/\/www.facebook.com\/newfreestyle.it\/\",\"https:\/\/www.instagram.com\/newfreestyle_hairsystem\/\"],\"address\":{\"@id\":\"https:\/\/www.newfreestyle.it\/prodotto\/shampoo-ristrutturante\/#local-main-place-address\"},\"geo\":{\"@type\":\"GeoCoordinates\",\"latitude\":\"45.5086608\",\"longitude\":\"9.2005743\"},\"telephone\":[\"3297256048\"],\"openingHoursSpecification\":[{\"@type\":\"OpeningHoursSpecification\",\"dayOfWeek\":[\"Monday\",\"Tuesday\",\"Wednesday\",\"Thursday\",\"Friday\",\"Saturday\"],\"opens\":\"09:00\",\"closes\":\"19:00\"},{\"@type\":\"OpeningHoursSpecification\",\"dayOfWeek\":[\"Sunday\"],\"opens\":\"00:00\",\"closes\":\"00:00\"}],\"email\":\"direzione@newfreestyle.it\",\"vatID\":\"IT11145080963\",\"taxID\":\"SCIMST69H67I690R\"},{\"@type\":\"PostalAddress\",\"@id\":\"https:\/\/www.newfreestyle.it\/prodotto\/shampoo-ristrutturante\/#local-main-place-address\",\"streetAddress\":\"Via Cino da Pistoia, 18\",\"addressLocality\":\"Milano\",\"postalCode\":\"20162\",\"addressRegion\":\"MI\",\"addressCountry\":\"IT\"},{\"@type\":\"ImageObject\",\"inLanguage\":\"fr-FR\",\"@id\":\"https:\/\/www.newfreestyle.it\/prodotto\/shampoo-ristrutturante\/#local-main-organization-logo\",\"url\":\"https:\/\/www.newfreestyle.it\/wp-content\/uploads\/2023\/09\/cropped-newfreestyle-150x145-1.png\",\"contentUrl\":\"https:\/\/www.newfreestyle.it\/wp-content\/uploads\/2023\/09\/cropped-newfreestyle-150x145-1.png\",\"width\":512,\"height\":512,\"caption\":\"Newfreestyle Hair System\"}]}<\/script>\n<meta property=\"product:price:amount\" content=\"12.00\" \/>\n<meta property=\"product:price:currency\" content=\"EUR\" \/>\n<meta property=\"og:availability\" content=\"instock\" \/>\n<meta property=\"product:availability\" content=\"instock\" \/>\n<meta property=\"product:condition\" content=\"new\" \/>\n<meta name=\"geo.placename\" content=\"Milano\" \/>\n<meta name=\"geo.position\" content=\"45.5086608;9.2005743\" \/>\n<meta name=\"geo.region\" content=\"Italie\" \/>\n<!-- \/ Yoast SEO Premium plugin. -->","yoast_head_json":{"title":"Shampooing R\u00e9parateur | Soin et nettoyage des cheveux","description":"Shampooing r\u00e9parateur pour cheveux ternes et fragiles : nourrit la fibre avec des prot\u00e9ines de bl\u00e9, adoucit et rend la chevelure facile \u00e0 coiffer.","robots":{"index":"index","follow":"follow","max-snippet":"max-snippet:-1","max-image-preview":"max-image-preview:large","max-video-preview":"max-video-preview:-1"},"canonical":"https:\/\/www.newfreestyle.it\/fr\/produit\/shampooing-restructurant\/","og_locale":"fr_FR","og_type":"article","og_title":"Shampoo Ristrutturante","og_description":"Lo Shampoo Ristrutturante \u00e8 pensato per la detersione di capelli spenti, ruvidi al tatto e fragili, anche con doppie punte e difficili da pettinare. La formula aiuta a conservare la struttura del capello nutrendo la fibra con proteine di grano e contribuendo a rafforzarne la protezione. Offre una difesa rispetto alle aggressioni dell\u2019ambiente e agli aggressivi chimici come tinture, permanenti e decolorazioni. Ammorbidisce la capigliatura rendendola pi\u00f9 pettinabile, utile anche quando si desidera lavorare lo styling. Si utilizza come un normale shampoo su tutta la capigliatura.","og_url":"https:\/\/www.newfreestyle.it\/fr\/produit\/shampooing-restructurant\/","og_site_name":"Newfreestyle Hair System","article_publisher":"https:\/\/www.facebook.com\/newfreestyle.it\/","article_modified_time":"2026-02-16T14:58:32+00:00","og_image":[{"width":787,"height":787,"url":"https:\/\/www.newfreestyle.it\/wp-content\/uploads\/2020\/03\/ristrutturante.jpg","type":"image\/jpeg"}],"twitter_card":"summary_large_image","twitter_misc":{"Prix":"12.00&euro;","Disponibilit\u00e9":"En stock"},"schema":{"@context":"https:\/\/schema.org","@graph":[{"@type":"WebPage","@id":"https:\/\/www.newfreestyle.it\/prodotto\/shampoo-ristrutturante\/","url":"https:\/\/www.newfreestyle.it\/prodotto\/shampoo-ristrutturante\/","name":"Shampooing R\u00e9parateur | Soin et nettoyage des cheveux","isPartOf":{"@id":"https:\/\/www.newfreestyle.it\/en\/#website"},"primaryImageOfPage":{"@id":"https:\/\/www.newfreestyle.it\/prodotto\/shampoo-ristrutturante\/#primaryimage"},"image":{"@id":"https:\/\/www.newfreestyle.it\/prodotto\/shampoo-ristrutturante\/#primaryimage"},"thumbnailUrl":"https:\/\/www.newfreestyle.it\/wp-content\/uploads\/2020\/03\/ristrutturante.jpg","datePublished":"2020-03-23T08:27:26+00:00","dateModified":"2026-02-16T14:58:32+00:00","description":"Shampooing r\u00e9parateur pour cheveux ternes et fragiles : nourrit la fibre avec des prot\u00e9ines de bl\u00e9, adoucit et rend la chevelure facile \u00e0 coiffer.","breadcrumb":{"@id":"https:\/\/www.newfreestyle.it\/prodotto\/shampoo-ristrutturante\/#breadcrumb"},"inLanguage":"fr-FR","potentialAction":[{"@type":"ReadAction","target":["https:\/\/www.newfreestyle.it\/prodotto\/shampoo-ristrutturante\/"]}]},{"@type":"ImageObject","inLanguage":"fr-FR","@id":"https:\/\/www.newfreestyle.it\/prodotto\/shampoo-ristrutturante\/#primaryimage","url":"https:\/\/www.newfreestyle.it\/wp-content\/uploads\/2020\/03\/ristrutturante.jpg","contentUrl":"https:\/\/www.newfreestyle.it\/wp-content\/uploads\/2020\/03\/ristrutturante.jpg","width":787,"height":787},{"@type":"BreadcrumbList","@id":"https:\/\/www.newfreestyle.it\/prodotto\/shampoo-ristrutturante\/#breadcrumb","itemListElement":[{"@type":"ListItem","position":1,"name":"Home","item":"https:\/\/www.newfreestyle.it\/"},{"@type":"ListItem","position":2,"name":"Shop","item":"https:\/\/www.newfreestyle.it\/en\/shop\/"},{"@type":"ListItem","position":3,"name":"Shampoo Ristrutturante"}]},{"@type":"WebSite","@id":"https:\/\/www.newfreestyle.it\/en\/#website","url":"https:\/\/www.newfreestyle.it\/en\/","name":"Implants capillaires pour hommes Implants capillaires","description":"Nous r\u00e9solvons tous les types de calvitie \u00e0 l'aide d'implants capillaires non chirurgicaux, \u00e9galement appel\u00e9s patchs cutan\u00e9s.","publisher":{"@id":"https:\/\/www.newfreestyle.it\/en\/#organization"},"potentialAction":[{"@type":"SearchAction","target":{"@type":"EntryPoint","urlTemplate":"https:\/\/www.newfreestyle.it\/en\/?s={search_term_string}"},"query-input":{"@type":"PropertyValueSpecification","valueRequired":true,"valueName":"search_term_string"}}],"inLanguage":"fr-FR"},{"@type":["Organization","Place"],"@id":"https:\/\/www.newfreestyle.it\/en\/#organization","name":"Syst\u00e8me capillaire Newfreestyle","alternateName":"Protesi Capelli Uomo Personalizzate","url":"https:\/\/www.newfreestyle.it\/en\/","logo":{"@id":"https:\/\/www.newfreestyle.it\/prodotto\/shampoo-ristrutturante\/#local-main-organization-logo"},"image":{"@id":"https:\/\/www.newfreestyle.it\/prodotto\/shampoo-ristrutturante\/#local-main-organization-logo"},"sameAs":["https:\/\/www.facebook.com\/newfreestyle.it\/","https:\/\/www.instagram.com\/newfreestyle_hairsystem\/"],"address":{"@id":"https:\/\/www.newfreestyle.it\/prodotto\/shampoo-ristrutturante\/#local-main-place-address"},"geo":{"@type":"GeoCoordinates","latitude":"45.5086608","longitude":"9.2005743"},"telephone":["3297256048"],"openingHoursSpecification":[{"@type":"OpeningHoursSpecification","dayOfWeek":["Monday","Tuesday","Wednesday","Thursday","Friday","Saturday"],"opens":"09:00","closes":"19:00"},{"@type":"OpeningHoursSpecification","dayOfWeek":["Sunday"],"opens":"00:00","closes":"00:00"}],"email":"direzione@newfreestyle.it","vatID":"IT11145080963","taxID":"SCIMST69H67I690R"},{"@type":"PostalAddress","@id":"https:\/\/www.newfreestyle.it\/prodotto\/shampoo-ristrutturante\/#local-main-place-address","streetAddress":"Via Cino da Pistoia, 18","addressLocality":"Milano","postalCode":"20162","addressRegion":"MI","addressCountry":"IT"},{"@type":"ImageObject","inLanguage":"fr-FR","@id":"https:\/\/www.newfreestyle.it\/prodotto\/shampoo-ristrutturante\/#local-main-organization-logo","url":"https:\/\/www.newfreestyle.it\/wp-content\/uploads\/2023\/09\/cropped-newfreestyle-150x145-1.png","contentUrl":"https:\/\/www.newfreestyle.it\/wp-content\/uploads\/2023\/09\/cropped-newfreestyle-150x145-1.png","width":512,"height":512,"caption":"Newfreestyle Hair System"}]},"product_price_amount":"12.00","product_price_currency":"EUR","og_availability":"instock","product_availability":"instock","product_condition":"new","geo.placename":"Milano","geo.position":{"lat":"45.5086608","long":"9.2005743"},"geo.region":"Italie"},"_links":{"self":[{"href":"https:\/\/www.newfreestyle.it\/fr\/wp-json\/wp\/v2\/product\/11697","targetHints":{"allow":["GET"]}}],"collection":[{"href":"https:\/\/www.newfreestyle.it\/fr\/wp-json\/wp\/v2\/product"}],"about":[{"href":"https:\/\/www.newfreestyle.it\/fr\/wp-json\/wp\/v2\/types\/product"}],"replies":[{"embeddable":true,"href":"https:\/\/www.newfreestyle.it\/fr\/wp-json\/wp\/v2\/comments?post=11697"}],"wp:featuredmedia":[{"embeddable":true,"href":"https:\/\/www.newfreestyle.it\/fr\/wp-json\/wp\/v2\/media\/46701"}],"wp:attachment":[{"href":"https:\/\/www.newfreestyle.it\/fr\/wp-json\/wp\/v2\/media?parent=11697"}],"wp:term":[{"taxonomy":"product_brand","embeddable":true,"href":"https:\/\/www.newfreestyle.it\/fr\/wp-json\/wp\/v2\/product_brand?post=11697"},{"taxonomy":"product_cat","embeddable":true,"href":"https:\/\/www.newfreestyle.it\/fr\/wp-json\/wp\/v2\/product_cat?post=11697"},{"taxonomy":"product_tag","embeddable":true,"href":"https:\/\/www.newfreestyle.it\/fr\/wp-json\/wp\/v2\/product_tag?post=11697"}],"curies":[{"name":"wp","href":"https:\/\/api.w.org\/{rel}","templated":true}]}}