
{"id":11690,"date":"2020-03-23T07:52:34","date_gmt":"2020-03-23T05:52:34","guid":{"rendered":"https:\/\/www.newfreestyle.it\/?post_type=product&#038;p=11690"},"modified":"2026-04-14T22:33:15","modified_gmt":"2026-04-14T20:33:15","slug":"shampooing-doux-et-nourrissant","status":"publish","type":"product","link":"https:\/\/www.newfreestyle.it\/fr\/produit\/shampooing-doux-et-nourrissant\/","title":{"rendered":"Shampooing nourrissant doux"},"content":{"rendered":"<h2>Shampooing nourrissant doux<\/h2>\n<p>Lo <strong>Shampooing nourrissant doux<\/strong> il est con\u00e7u pour ceux qui recherchent un nettoyage respectueux et quotidien : c'est un shampooing <strong>tr\u00e8s d\u00e9licat<\/strong> e <strong>peu moussant<\/strong>, formul\u00e9 avec un excellent pourcentage de <strong>substances lipophiles<\/strong> capables de nettoyer <strong>par affinit\u00e9 et non par contraste<\/strong>. Un choix indiqu\u00e9 lorsque le cuir chevelu est facilement r\u00e9actif et lorsque les cheveux paraissent peu nourris ou ab\u00eem\u00e9s, surtout si l'on a besoin de lavages fr\u00e9quents.<\/p>\n<p>Il est en outre <strong>adapt\u00e9 \u00e0 ceux qui ont le cuir chevelu irrit\u00e9<\/strong> et peut \u00eatre une solution pratique m\u00eame en pr\u00e9sence de <strong>s\u00e9borrh\u00e9e et pellicules<\/strong>, dans le cadre d'une routine d'hygi\u00e8ne r\u00e9guli\u00e8re et constante.<\/p>\n<h2>Caract\u00e9ristiques et d\u00e9tails<\/h2>\n<h3>Nettoyage d\u00e9licat, adapt\u00e9 aux lavages fr\u00e9quents<\/h3>\n<ul>\n<li><strong>Tr\u00e8s d\u00e9licat<\/strong> e <strong>peu moussant<\/strong>, id\u00e9al pour ceux qui pr\u00e9f\u00e8rent une sensation de propret\u00e9 non agressive.<\/li>\n<li>Nettoyage bas\u00e9 sur <strong>substances lipophiles<\/strong> qui agissent <strong>par affinit\u00e9<\/strong>.<\/li>\n<li>Indiqu\u00e9 lorsque les cheveux sont <strong>peu nourris et ab\u00eem\u00e9s<\/strong>.<\/li>\n<\/ul>\n<h3>Indiqu\u00e9 en cas de cuir chevelu sensible et conditions courantes du cuir chevelu<\/h3>\n<ul>\n<li><strong>Adapt\u00e9 au cuir chevelu irrit\u00e9<\/strong>.<\/li>\n<li>Adapt\u00e9 \u00e0 ceux qui ont besoin de <strong>lavages fr\u00e9quents ou quotidiens<\/strong>.<\/li>\n<li><strong>Indiqu\u00e9 aussi<\/strong> en pr\u00e9sence de <strong>s\u00e9borrh\u00e9e et pellicules<\/strong>.<\/li>\n<\/ul>\n<h4>Liste des ingr\u00e9dients (INCI)<\/h4>\n<p><strong>Ingr\u00e9dients :<\/strong> Aqua, Magnesium Laureth Sulfate, Sodium Laureth Sulfate, Sodium Lauroyl Sarcosinate, Cocamide DEA, Cocamidopropyl Betaine, Sodium Chloride, Propylene Glycol, Extrait de feuille d'Urtica Dioica, Extrait de feuille d'Arctium Lappa, Panth\u00e9nol, Copolym\u00e8re de styr\u00e8ne\/acrylates, Huile de noyau d'Argania Spinosa, Polyquaternium-7, Prot\u00e9ine de bl\u00e9 hydrolys\u00e9e, Amodim\u00e9thicone, Trid\u00e9ceth-12, Chlorure de c\u00e9trimonium, Parfum, Imidazolidinylur\u00e9e, Disodium EDTA, M\u00e9thylchloroisothiazolinone, M\u00e9thylisothiazolinone, Acide citrique, Hexyl cinnamal, Benzyl salicylate, Limon\u00e8ne, Linalool.<\/p>\n<h2>Applications<\/h2>\n<p>Ce shampooing est indiqu\u00e9 pour une utilisation sur toute la chevelure, en particulier lorsque :<\/p>\n<ul>\n<li>on souhaite un nettoyage <strong>douce<\/strong> non agressif ;<\/li>\n<li>on effectue <strong>lavages fr\u00e9quents ou quotidiens<\/strong>;<\/li>\n<li>le cuir chevelu appara\u00eet <strong>irrit\u00e9<\/strong> ou facilement r\u00e9actif ;<\/li>\n<li>les cheveux sont <strong>ab\u00eem\u00e9s<\/strong> et ont besoin de nutrition ;<\/li>\n<li>sont pr\u00e9sents <strong>s\u00e9borrh\u00e9e<\/strong> et\/ou <strong>pellicules<\/strong>.<\/li>\n<\/ul>\n<h2>Avantages<\/h2>\n<ul>\n<li><strong>Routine plus confortable<\/strong>: la d\u00e9licatesse et la faible mousse le rendent adapt\u00e9 \u00e0 une utilisation r\u00e9guli\u00e8re.<\/li>\n<li><strong>Approche par affinit\u00e9<\/strong>: la pr\u00e9sence de substances lipophiles soutient un nettoyage con\u00e7u pour respecter l\u2019\u00e9quilibre du cuir chevelu.<\/li>\n<li><strong>Polyvalence d\u2019utilisation<\/strong>: indiqu\u00e9 \u00e0 la fois pour les besoins de lavage fr\u00e9quent et en cas de cuir chevelu irrit\u00e9, s\u00e9borrh\u00e9e et pellicules.<\/li>\n<\/ul>\n<h2>Utilisation et notes importantes<\/h2>\n<h3>Comment l'utiliser<\/h3>\n<p>Utiliser comme un shampooing normal, <strong>en le r\u00e9partissant sur toute la chevelure<\/strong>.<\/p>\n<h3>Avertissements<\/h3>\n<ul>\n<li>En cas de contact avec les yeux, <strong>rincer imm\u00e9diatement<\/strong>.<\/li>\n<\/ul>\n<h3>FAQ \u2013 Questions fr\u00e9quentes<\/h3>\n<h4>Ce shampooing convient-il pour des lavages fr\u00e9quents ou quotidiens ?<\/h4>\n<p>Oui. Il est indiqu\u00e9 pour ceux qui ont besoin de lavages fr\u00e9quents ou quotidiens, gr\u00e2ce \u00e0 son nettoyage tr\u00e8s doux et peu moussant.<\/p>\n<h4>Est-il indiqu\u00e9 si j'ai le cuir chevelu irrit\u00e9 ?<\/h4>\n<p>Oui. Le produit convient \u00e0 ceux qui ont le cuir chevelu irrit\u00e9 et recherchent un nettoyage respectueux.<\/p>\n<h4>Peut-il \u00eatre utilis\u00e9 en cas de s\u00e9borrh\u00e9e et de pellicules ?<\/h4>\n<p>Oui. Il est \u00e9galement indiqu\u00e9 pour ceux qui pr\u00e9sentent une s\u00e9borrh\u00e9e et des pellicules, dans le cadre d'une routine de lavage r\u00e9guli\u00e8re.<\/p>\n<h4>Comment utiliser le Shampooing Nourrissant D\u00e9licat ?<\/h4>\n<p>Il s'utilise comme un shampooing normal, en le r\u00e9partissant sur toute la chevelure.<\/p>\n<h4>Que faire en cas de contact avec les yeux ?<\/h4>\n<p>En cas de contact avec les yeux, rincer imm\u00e9diatement.<\/p>\n<p><script type=\"application\/ld+json\">\n{\"@context\":\"https:\/\/schema.org\",\"@type\":\"FAQPage\",\"mainEntity\":[{\"@type\":\"Question\",\"name\":\"Questo shampoo \u00e8 adatto ai lavaggi frequenti o quotidiani?\",\"acceptedAnswer\":{\"@type\":\"Answer\",\"text\":\"S\u00ec. \u00c8 indicato per chi necessita di lavaggi frequenti o quotidiani, grazie alla sua detersione molto delicata e poco schiumogena.\"}},{\"@type\":\"Question\",\"name\":\"\u00c8 indicato se ho la cute irritata?\",\"acceptedAnswer\":{\"@type\":\"Answer\",\"text\":\"S\u00ec. Il prodotto \u00e8 idoneo per chi ha la cute irritata e cerca una detersione rispettosa.\"}},{\"@type\":\"Question\",\"name\":\"Pu\u00f2 essere usato in caso di seborrea e forfora?\",\"acceptedAnswer\":{\"@type\":\"Answer\",\"text\":\"S\u00ec. \u00c8 indicato anche per chi presenta seborrea e forfora, all\u2019interno di una routine di lavaggio regolare.\"}},{\"@type\":\"Question\",\"name\":\"Come si usa lo Shampoo Nutriente Delicato?\",\"acceptedAnswer\":{\"@type\":\"Answer\",\"text\":\"Si usa come un normale shampoo, distribuendolo su tutta la capigliatura.\"}},{\"@type\":\"Question\",\"name\":\"Cosa fare in caso di contatto con gli occhi?\",\"acceptedAnswer\":{\"@type\":\"Answer\",\"text\":\"In caso di contatto con gli occhi, risciacquare immediatamente.\"}}]}\n<\/script><\/p>","protected":false},"excerpt":{"rendered":"<p>Shampoo Nourrissant D\u00e9licat con\u00e7u pour un nettoyage respectueux et quotidien. Il est tr\u00e8s d\u00e9licat et peu moussant, avec des substances lipophiles qui nettoient par affinit\u00e9 et non par contraste : un choix indiqu\u00e9 lorsque le cuir chevelu est irrit\u00e9 ou facilement r\u00e9actif et lorsque les cheveux paraissent peu nourris et ab\u00eem\u00e9s. Adapt\u00e9 \u00e0 ceux qui ont besoin de lavages fr\u00e9quents ou quotidiens, il est \u00e9galement indiqu\u00e9 en cas de s\u00e9borrh\u00e9e et de pellicules. Il s'utilise comme un shampooing normal en le r\u00e9partissant sur toute la chevelure ; en cas de contact avec les yeux, rincer imm\u00e9diatement.<\/p>","protected":false},"featured_media":46702,"comment_status":"open","ping_status":"closed","template":"","meta":{"_acf_changed":false,"_monsterinsights_skip_tracking":false,"_monsterinsights_sitenote_active":false,"_monsterinsights_sitenote_note":"","_monsterinsights_sitenote_category":0},"product_brand":[],"product_cat":[72,78],"product_tag":[],"class_list":{"0":"post-11690","1":"product","2":"type-product","3":"status-publish","4":"has-post-thumbnail","6":"product_cat-accessori","7":"product_cat-shampoo","9":"first","10":"instock","11":"shipping-taxable","12":"purchasable","13":"product-type-simple"},"acf":[],"yoast_head":"<!-- This site is optimized with the Yoast SEO Premium plugin v26.1 (Yoast SEO v26.1.1) - https:\/\/yoast.com\/wordpress\/plugins\/seo\/ -->\n<title>Shampoo Nutriente Delicato | Cute irritata e lavaggi frequenti<\/title>\n<meta name=\"description\" content=\"Shampoo molto delicato e poco schiumogeno. Detersione per affinit\u00e0 con sostanze lipofile. Indicato per lavaggi frequenti, seborrea e forfora.\" \/>\n<meta name=\"robots\" content=\"index, follow, max-snippet:-1, max-image-preview:large, max-video-preview:-1\" \/>\n<link rel=\"canonical\" href=\"https:\/\/www.newfreestyle.it\/fr\/produit\/shampooing-doux-et-nourrissant\/\" \/>\n<meta property=\"og:locale\" content=\"fr_FR\" \/>\n<meta property=\"og:type\" content=\"article\" \/>\n<meta property=\"og:title\" content=\"Shampoo Nutriente Delicato\" \/>\n<meta property=\"og:description\" content=\"Shampoo Nutriente Delicato pensato per una detersione rispettosa e quotidiana. \u00c8 molto delicato e poco schiumogeno, con sostanze lipofile che detergono per affinit\u00e0 e non per contrasto: una scelta indicata quando la cute \u00e8 irritata o facilmente reattiva e quando i capelli appaiono poco nutriti e sfibrati. Adatto a chi necessita di lavaggi frequenti o quotidiani, \u00e8 indicato anche in presenza di seborrea e forfora. Si utilizza come un normale shampoo distribuendolo su tutta la capigliatura; in caso di contatto con gli occhi risciacquare immediatamente.\" \/>\n<meta property=\"og:url\" content=\"https:\/\/www.newfreestyle.it\/fr\/produit\/shampooing-doux-et-nourrissant\/\" \/>\n<meta property=\"og:site_name\" content=\"Newfreestyle Hair System\" \/>\n<meta property=\"article:publisher\" content=\"https:\/\/www.facebook.com\/newfreestyle.it\/\" \/>\n<meta property=\"article:modified_time\" content=\"2026-04-14T20:33:15+00:00\" \/>\n<meta property=\"og:image\" content=\"https:\/\/www.newfreestyle.it\/wp-content\/uploads\/2020\/03\/ristrutturante-1.jpg\" \/>\n\t<meta property=\"og:image:width\" content=\"787\" \/>\n\t<meta property=\"og:image:height\" content=\"787\" \/>\n\t<meta property=\"og:image:type\" content=\"image\/jpeg\" \/>\n<meta name=\"twitter:card\" content=\"summary_large_image\" \/>\n<meta name=\"twitter:label1\" content=\"Prix\" \/>\n\t<meta name=\"twitter:data1\" content=\"12.00&euro;\" \/>\n\t<meta name=\"twitter:label2\" content=\"Disponibilit\u00e9\" \/>\n\t<meta name=\"twitter:data2\" content=\"En stock\" \/>\n<script type=\"application\/ld+json\" class=\"yoast-schema-graph\">{\"@context\":\"https:\/\/schema.org\",\"@graph\":[{\"@type\":\"WebPage\",\"@id\":\"https:\/\/www.newfreestyle.it\/prodotto\/shampoo-nutriente-delicato\/\",\"url\":\"https:\/\/www.newfreestyle.it\/prodotto\/shampoo-nutriente-delicato\/\",\"name\":\"Shampoo Nutriente Delicato | Cute irritata e lavaggi frequenti\",\"isPartOf\":{\"@id\":\"https:\/\/www.newfreestyle.it\/en\/#website\"},\"primaryImageOfPage\":{\"@id\":\"https:\/\/www.newfreestyle.it\/prodotto\/shampoo-nutriente-delicato\/#primaryimage\"},\"image\":{\"@id\":\"https:\/\/www.newfreestyle.it\/prodotto\/shampoo-nutriente-delicato\/#primaryimage\"},\"thumbnailUrl\":\"https:\/\/www.newfreestyle.it\/wp-content\/uploads\/2020\/03\/ristrutturante-1.jpg\",\"datePublished\":\"2020-03-23T05:52:34+00:00\",\"dateModified\":\"2026-04-14T20:33:15+00:00\",\"description\":\"Shampoo molto delicato e poco schiumogeno. Detersione per affinit\u00e0 con sostanze lipofile. Indicato per lavaggi frequenti, seborrea e forfora.\",\"breadcrumb\":{\"@id\":\"https:\/\/www.newfreestyle.it\/prodotto\/shampoo-nutriente-delicato\/#breadcrumb\"},\"inLanguage\":\"fr-FR\",\"potentialAction\":[{\"@type\":\"ReadAction\",\"target\":[\"https:\/\/www.newfreestyle.it\/prodotto\/shampoo-nutriente-delicato\/\"]}]},{\"@type\":\"ImageObject\",\"inLanguage\":\"fr-FR\",\"@id\":\"https:\/\/www.newfreestyle.it\/prodotto\/shampoo-nutriente-delicato\/#primaryimage\",\"url\":\"https:\/\/www.newfreestyle.it\/wp-content\/uploads\/2020\/03\/ristrutturante-1.jpg\",\"contentUrl\":\"https:\/\/www.newfreestyle.it\/wp-content\/uploads\/2020\/03\/ristrutturante-1.jpg\",\"width\":787,\"height\":787},{\"@type\":\"BreadcrumbList\",\"@id\":\"https:\/\/www.newfreestyle.it\/prodotto\/shampoo-nutriente-delicato\/#breadcrumb\",\"itemListElement\":[{\"@type\":\"ListItem\",\"position\":1,\"name\":\"Home\",\"item\":\"https:\/\/www.newfreestyle.it\/\"},{\"@type\":\"ListItem\",\"position\":2,\"name\":\"Shop\",\"item\":\"https:\/\/www.newfreestyle.it\/en\/shop\/\"},{\"@type\":\"ListItem\",\"position\":3,\"name\":\"Shampoo Nutriente Delicato\"}]},{\"@type\":\"WebSite\",\"@id\":\"https:\/\/www.newfreestyle.it\/en\/#website\",\"url\":\"https:\/\/www.newfreestyle.it\/en\/\",\"name\":\"Protesi Capelli Uomo Impianti Capillari\",\"description\":\"Risolviamo ogni tipologia di Calvizie mediante l\u2019ausilio di protesi capillari non chirurgiche anche chiamata patch cutaneo.\",\"publisher\":{\"@id\":\"https:\/\/www.newfreestyle.it\/en\/#organization\"},\"potentialAction\":[{\"@type\":\"SearchAction\",\"target\":{\"@type\":\"EntryPoint\",\"urlTemplate\":\"https:\/\/www.newfreestyle.it\/en\/?s={search_term_string}\"},\"query-input\":{\"@type\":\"PropertyValueSpecification\",\"valueRequired\":true,\"valueName\":\"search_term_string\"}}],\"inLanguage\":\"fr-FR\"},{\"@type\":[\"Organization\",\"Place\"],\"@id\":\"https:\/\/www.newfreestyle.it\/en\/#organization\",\"name\":\"Newfreestyle Hair System\",\"alternateName\":\"Protesi Capelli Uomo Personalizzate\",\"url\":\"https:\/\/www.newfreestyle.it\/en\/\",\"logo\":{\"@id\":\"https:\/\/www.newfreestyle.it\/prodotto\/shampoo-nutriente-delicato\/#local-main-organization-logo\"},\"image\":{\"@id\":\"https:\/\/www.newfreestyle.it\/prodotto\/shampoo-nutriente-delicato\/#local-main-organization-logo\"},\"sameAs\":[\"https:\/\/www.facebook.com\/newfreestyle.it\/\",\"https:\/\/www.instagram.com\/newfreestyle_hairsystem\/\"],\"address\":{\"@id\":\"https:\/\/www.newfreestyle.it\/prodotto\/shampoo-nutriente-delicato\/#local-main-place-address\"},\"geo\":{\"@type\":\"GeoCoordinates\",\"latitude\":\"45.5086608\",\"longitude\":\"9.2005743\"},\"telephone\":[\"3297256048\"],\"openingHoursSpecification\":[{\"@type\":\"OpeningHoursSpecification\",\"dayOfWeek\":[\"Monday\",\"Tuesday\",\"Wednesday\",\"Thursday\",\"Friday\",\"Saturday\"],\"opens\":\"09:00\",\"closes\":\"19:00\"},{\"@type\":\"OpeningHoursSpecification\",\"dayOfWeek\":[\"Sunday\"],\"opens\":\"00:00\",\"closes\":\"00:00\"}],\"email\":\"direzione@newfreestyle.it\",\"vatID\":\"IT11145080963\",\"taxID\":\"SCIMST69H67I690R\"},{\"@type\":\"PostalAddress\",\"@id\":\"https:\/\/www.newfreestyle.it\/prodotto\/shampoo-nutriente-delicato\/#local-main-place-address\",\"streetAddress\":\"Via Cino da Pistoia, 18\",\"addressLocality\":\"Milano\",\"postalCode\":\"20162\",\"addressRegion\":\"MI\",\"addressCountry\":\"IT\"},{\"@type\":\"ImageObject\",\"inLanguage\":\"fr-FR\",\"@id\":\"https:\/\/www.newfreestyle.it\/prodotto\/shampoo-nutriente-delicato\/#local-main-organization-logo\",\"url\":\"https:\/\/www.newfreestyle.it\/wp-content\/uploads\/2023\/09\/cropped-newfreestyle-150x145-1.png\",\"contentUrl\":\"https:\/\/www.newfreestyle.it\/wp-content\/uploads\/2023\/09\/cropped-newfreestyle-150x145-1.png\",\"width\":512,\"height\":512,\"caption\":\"Newfreestyle Hair System\"}]}<\/script>\n<meta property=\"product:price:amount\" content=\"12.00\" \/>\n<meta property=\"product:price:currency\" content=\"EUR\" \/>\n<meta property=\"og:availability\" content=\"instock\" \/>\n<meta property=\"product:availability\" content=\"instock\" \/>\n<meta property=\"product:condition\" content=\"new\" \/>\n<meta name=\"geo.placename\" content=\"Milano\" \/>\n<meta name=\"geo.position\" content=\"45.5086608;9.2005743\" \/>\n<meta name=\"geo.region\" content=\"Italie\" \/>\n<!-- \/ Yoast SEO Premium plugin. -->","yoast_head_json":{"title":"Shampooing Nourrissant D\u00e9licat | Cuir chevelu irrit\u00e9 et lavages fr\u00e9quents","description":"Shampooing tr\u00e8s doux et peu moussant. Nettoyage par affinit\u00e9 avec des substances lipophiles. Indiqu\u00e9 pour les lavages fr\u00e9quents, la s\u00e9borrh\u00e9e et les pellicules.","robots":{"index":"index","follow":"follow","max-snippet":"max-snippet:-1","max-image-preview":"max-image-preview:large","max-video-preview":"max-video-preview:-1"},"canonical":"https:\/\/www.newfreestyle.it\/fr\/produit\/shampooing-doux-et-nourrissant\/","og_locale":"fr_FR","og_type":"article","og_title":"Shampoo Nutriente Delicato","og_description":"Shampoo Nutriente Delicato pensato per una detersione rispettosa e quotidiana. \u00c8 molto delicato e poco schiumogeno, con sostanze lipofile che detergono per affinit\u00e0 e non per contrasto: una scelta indicata quando la cute \u00e8 irritata o facilmente reattiva e quando i capelli appaiono poco nutriti e sfibrati. Adatto a chi necessita di lavaggi frequenti o quotidiani, \u00e8 indicato anche in presenza di seborrea e forfora. Si utilizza come un normale shampoo distribuendolo su tutta la capigliatura; in caso di contatto con gli occhi risciacquare immediatamente.","og_url":"https:\/\/www.newfreestyle.it\/fr\/produit\/shampooing-doux-et-nourrissant\/","og_site_name":"Newfreestyle Hair System","article_publisher":"https:\/\/www.facebook.com\/newfreestyle.it\/","article_modified_time":"2026-04-14T20:33:15+00:00","og_image":[{"width":787,"height":787,"url":"https:\/\/www.newfreestyle.it\/wp-content\/uploads\/2020\/03\/ristrutturante-1.jpg","type":"image\/jpeg"}],"twitter_card":"summary_large_image","twitter_misc":{"Prix":"12.00&euro;","Disponibilit\u00e9":"En stock"},"schema":{"@context":"https:\/\/schema.org","@graph":[{"@type":"WebPage","@id":"https:\/\/www.newfreestyle.it\/prodotto\/shampoo-nutriente-delicato\/","url":"https:\/\/www.newfreestyle.it\/prodotto\/shampoo-nutriente-delicato\/","name":"Shampooing Nourrissant D\u00e9licat | Cuir chevelu irrit\u00e9 et lavages fr\u00e9quents","isPartOf":{"@id":"https:\/\/www.newfreestyle.it\/en\/#website"},"primaryImageOfPage":{"@id":"https:\/\/www.newfreestyle.it\/prodotto\/shampoo-nutriente-delicato\/#primaryimage"},"image":{"@id":"https:\/\/www.newfreestyle.it\/prodotto\/shampoo-nutriente-delicato\/#primaryimage"},"thumbnailUrl":"https:\/\/www.newfreestyle.it\/wp-content\/uploads\/2020\/03\/ristrutturante-1.jpg","datePublished":"2020-03-23T05:52:34+00:00","dateModified":"2026-04-14T20:33:15+00:00","description":"Shampooing tr\u00e8s doux et peu moussant. Nettoyage par affinit\u00e9 avec des substances lipophiles. Indiqu\u00e9 pour les lavages fr\u00e9quents, la s\u00e9borrh\u00e9e et les pellicules.","breadcrumb":{"@id":"https:\/\/www.newfreestyle.it\/prodotto\/shampoo-nutriente-delicato\/#breadcrumb"},"inLanguage":"fr-FR","potentialAction":[{"@type":"ReadAction","target":["https:\/\/www.newfreestyle.it\/prodotto\/shampoo-nutriente-delicato\/"]}]},{"@type":"ImageObject","inLanguage":"fr-FR","@id":"https:\/\/www.newfreestyle.it\/prodotto\/shampoo-nutriente-delicato\/#primaryimage","url":"https:\/\/www.newfreestyle.it\/wp-content\/uploads\/2020\/03\/ristrutturante-1.jpg","contentUrl":"https:\/\/www.newfreestyle.it\/wp-content\/uploads\/2020\/03\/ristrutturante-1.jpg","width":787,"height":787},{"@type":"BreadcrumbList","@id":"https:\/\/www.newfreestyle.it\/prodotto\/shampoo-nutriente-delicato\/#breadcrumb","itemListElement":[{"@type":"ListItem","position":1,"name":"Home","item":"https:\/\/www.newfreestyle.it\/"},{"@type":"ListItem","position":2,"name":"Shop","item":"https:\/\/www.newfreestyle.it\/en\/shop\/"},{"@type":"ListItem","position":3,"name":"Shampoo Nutriente Delicato"}]},{"@type":"WebSite","@id":"https:\/\/www.newfreestyle.it\/en\/#website","url":"https:\/\/www.newfreestyle.it\/en\/","name":"Implants capillaires pour hommes Implants capillaires","description":"Nous r\u00e9solvons tous les types de calvitie \u00e0 l'aide d'implants capillaires non chirurgicaux, \u00e9galement appel\u00e9s patchs cutan\u00e9s.","publisher":{"@id":"https:\/\/www.newfreestyle.it\/en\/#organization"},"potentialAction":[{"@type":"SearchAction","target":{"@type":"EntryPoint","urlTemplate":"https:\/\/www.newfreestyle.it\/en\/?s={search_term_string}"},"query-input":{"@type":"PropertyValueSpecification","valueRequired":true,"valueName":"search_term_string"}}],"inLanguage":"fr-FR"},{"@type":["Organization","Place"],"@id":"https:\/\/www.newfreestyle.it\/en\/#organization","name":"Syst\u00e8me capillaire Newfreestyle","alternateName":"Protesi Capelli Uomo Personalizzate","url":"https:\/\/www.newfreestyle.it\/en\/","logo":{"@id":"https:\/\/www.newfreestyle.it\/prodotto\/shampoo-nutriente-delicato\/#local-main-organization-logo"},"image":{"@id":"https:\/\/www.newfreestyle.it\/prodotto\/shampoo-nutriente-delicato\/#local-main-organization-logo"},"sameAs":["https:\/\/www.facebook.com\/newfreestyle.it\/","https:\/\/www.instagram.com\/newfreestyle_hairsystem\/"],"address":{"@id":"https:\/\/www.newfreestyle.it\/prodotto\/shampoo-nutriente-delicato\/#local-main-place-address"},"geo":{"@type":"GeoCoordinates","latitude":"45.5086608","longitude":"9.2005743"},"telephone":["3297256048"],"openingHoursSpecification":[{"@type":"OpeningHoursSpecification","dayOfWeek":["Monday","Tuesday","Wednesday","Thursday","Friday","Saturday"],"opens":"09:00","closes":"19:00"},{"@type":"OpeningHoursSpecification","dayOfWeek":["Sunday"],"opens":"00:00","closes":"00:00"}],"email":"direzione@newfreestyle.it","vatID":"IT11145080963","taxID":"SCIMST69H67I690R"},{"@type":"PostalAddress","@id":"https:\/\/www.newfreestyle.it\/prodotto\/shampoo-nutriente-delicato\/#local-main-place-address","streetAddress":"Via Cino da Pistoia, 18","addressLocality":"Milano","postalCode":"20162","addressRegion":"MI","addressCountry":"IT"},{"@type":"ImageObject","inLanguage":"fr-FR","@id":"https:\/\/www.newfreestyle.it\/prodotto\/shampoo-nutriente-delicato\/#local-main-organization-logo","url":"https:\/\/www.newfreestyle.it\/wp-content\/uploads\/2023\/09\/cropped-newfreestyle-150x145-1.png","contentUrl":"https:\/\/www.newfreestyle.it\/wp-content\/uploads\/2023\/09\/cropped-newfreestyle-150x145-1.png","width":512,"height":512,"caption":"Newfreestyle Hair System"}]},"product_price_amount":"12.00","product_price_currency":"EUR","og_availability":"instock","product_availability":"instock","product_condition":"new","geo.placename":"Milano","geo.position":{"lat":"45.5086608","long":"9.2005743"},"geo.region":"Italie"},"_links":{"self":[{"href":"https:\/\/www.newfreestyle.it\/fr\/wp-json\/wp\/v2\/product\/11690","targetHints":{"allow":["GET"]}}],"collection":[{"href":"https:\/\/www.newfreestyle.it\/fr\/wp-json\/wp\/v2\/product"}],"about":[{"href":"https:\/\/www.newfreestyle.it\/fr\/wp-json\/wp\/v2\/types\/product"}],"replies":[{"embeddable":true,"href":"https:\/\/www.newfreestyle.it\/fr\/wp-json\/wp\/v2\/comments?post=11690"}],"wp:featuredmedia":[{"embeddable":true,"href":"https:\/\/www.newfreestyle.it\/fr\/wp-json\/wp\/v2\/media\/46702"}],"wp:attachment":[{"href":"https:\/\/www.newfreestyle.it\/fr\/wp-json\/wp\/v2\/media?parent=11690"}],"wp:term":[{"taxonomy":"product_brand","embeddable":true,"href":"https:\/\/www.newfreestyle.it\/fr\/wp-json\/wp\/v2\/product_brand?post=11690"},{"taxonomy":"product_cat","embeddable":true,"href":"https:\/\/www.newfreestyle.it\/fr\/wp-json\/wp\/v2\/product_cat?post=11690"},{"taxonomy":"product_tag","embeddable":true,"href":"https:\/\/www.newfreestyle.it\/fr\/wp-json\/wp\/v2\/product_tag?post=11690"}],"curies":[{"name":"wp","href":"https:\/\/api.w.org\/{rel}","templated":true}]}}