
{"id":49128,"date":"2025-04-14T17:04:46","date_gmt":"2025-04-14T15:04:46","guid":{"rendered":"https:\/\/www.newfreestyle.it\/?page_id=49128"},"modified":"2025-10-22T00:26:53","modified_gmt":"2025-10-21T22:26:53","slug":"lassistance","status":"publish","type":"page","link":"https:\/\/www.newfreestyle.it\/fr\/lassistance\/","title":{"rendered":"Assistance en mati\u00e8re de patchs cutan\u00e9s"},"content":{"rendered":"<h2 class=\"\" data-start=\"129\" data-end=\"185\">Assistance pour les patchs cutan\u00e9s : toujours \u00e0 vos c\u00f4t\u00e9s<\/h2>\n<p class=\"\" data-start=\"187\" data-end=\"633\">La <strong data-start=\"190\" data-end=\"207\"><a href=\"https:\/\/www.newfreestyle.it\/fr\/patchs-cutanes-pour-la-calvitie-tout-ce-quil-faut-savoir\/\">timbre cutan\u00e9<\/a><\/strong> repr\u00e9sente l'une des solutions les plus avanc\u00e9es et les plus naturelles pour les personnes souffrant de <strong data-start=\"282\" data-end=\"309\">cheveux clairsem\u00e9s<\/strong> o <strong data-start=\"312\" data-end=\"324\">calvitie<\/strong>. Mais le choix de la bonne proth\u00e8se et l'apprentissage de sa gestion au fil du temps peuvent susciter des doutes ou n\u00e9cessiter un soutien personnalis\u00e9. C'est pourquoi <strong data-start=\"471\" data-end=\"499\">Syst\u00e8me capillaire Newfreestyle<\/strong> fournit un service de <strong data-start=\"536\" data-end=\"575\">une assistance compl\u00e8te et professionnelle<\/strong>con\u00e7u pour vous accompagner \u00e0 chaque \u00e9tape.<\/p>\n<h3 class=\"\" data-start=\"635\" data-end=\"672\">\ud83d\udcac Conseils avant l'achat<\/h3>\n<p class=\"\" data-start=\"674\" data-end=\"742\">Vous voulez savoir si le skin patching est le bon choix pour vous ?<\/p>\n<p class=\"\" data-start=\"744\" data-end=\"788\">Notre \u00e9quipe d'experts est disponible pour :<\/p>\n<ul data-start=\"789\" data-end=\"994\">\n<li class=\"\" data-start=\"789\" data-end=\"835\">\n<p class=\"\" data-start=\"791\" data-end=\"835\">Analyse personnalis\u00e9e de votre situation.<\/p>\n<\/li>\n<li class=\"\" data-start=\"836\" data-end=\"908\">\n<p class=\"\" data-start=\"838\" data-end=\"908\">Explications d\u00e9taill\u00e9es sur les mat\u00e9riaux, les m\u00e9thodes d'application et la durabilit\u00e9.<\/p>\n<\/li>\n<li class=\"\" data-start=\"909\" data-end=\"994\">\n<p class=\"\" data-start=\"911\" data-end=\"994\">Choisir la proth\u00e8se la mieux adapt\u00e9e \u00e0 votre mode de vie et \u00e0 vos besoins esth\u00e9tiques.<\/p>\n<\/li>\n<\/ul>\n<p class=\"\" data-start=\"996\" data-end=\"1151\">Vous pouvez demander une consultation gratuite dans notre centre de Milan \u00e0 <strong data-start=\"1073\" data-end=\"1117\">Via Cino da Pistoia, 18, 20162 Milan MI<\/strong>ou en ligne par appel vid\u00e9o.<\/p>\n<h3 class=\"\" data-start=\"1153\" data-end=\"1194\">\ud83d\udee0\ufe0f Assistance technique et application<\/h3>\n<p class=\"\" data-start=\"1196\" data-end=\"1227\">Nous offrons un soutien complet pour :<\/p>\n<ul data-start=\"1228\" data-end=\"1423\">\n<li class=\"\" data-start=\"1228\" data-end=\"1281\">\n<p class=\"\" data-start=\"1230\" data-end=\"1281\"><strong data-start=\"1230\" data-end=\"1260\">Application professionnelle<\/strong> du patch cutan\u00e9.<\/p>\n<\/li>\n<li class=\"\" data-start=\"1282\" data-end=\"1343\">\n<p class=\"\" data-start=\"1284\" data-end=\"1343\"><strong data-start=\"1284\" data-end=\"1310\">Entretien p\u00e9riodique<\/strong>le nettoyage et le remplacement des autocollants.<\/p>\n<\/li>\n<li class=\"\" data-start=\"1344\" data-end=\"1423\">\n<p class=\"\" data-start=\"1346\" data-end=\"1423\">Des conseils pratiques sur la mani\u00e8re de g\u00e9rer facilement et en toute s\u00e9curit\u00e9 une proth\u00e8se \u00e0 domicile.<\/p>\n<\/li>\n<\/ul>\n<p class=\"\" data-start=\"1425\" data-end=\"1530\">En interne, vous pouvez \u00e9galement b\u00e9n\u00e9ficier de traitements personnalis\u00e9s pour que votre proth\u00e8se conserve tout son \u00e9clat.<\/p>\n<h3 class=\"\" data-start=\"1532\" data-end=\"1563\">\ud83d\udce6 Assistance apr\u00e8s exp\u00e9dition<\/h3>\n<p class=\"\" data-start=\"1565\" data-end=\"1616\">Vous avez achet\u00e9 votre proth\u00e8se en ligne ? Vous n'\u00eates pas le seul.<\/p>\n<p class=\"\" data-start=\"1618\" data-end=\"1647\">Apr\u00e8s l'achat, nous vous fournissons<\/p>\n<ul data-start=\"1648\" data-end=\"1818\">\n<li class=\"\" data-start=\"1648\" data-end=\"1702\">\n<p class=\"\" data-start=\"1650\" data-end=\"1702\">Instructions d\u00e9taill\u00e9es pour une application \u00e0 faire soi-m\u00eame.<\/p>\n<\/li>\n<li class=\"\" data-start=\"1703\" data-end=\"1734\">\n<p class=\"\" data-start=\"1705\" data-end=\"1734\">Tutoriels vid\u00e9o et manuels PDF.<\/p>\n<\/li>\n<li class=\"\" data-start=\"1735\" data-end=\"1818\">\n<p class=\"\" data-start=\"1737\" data-end=\"1818\">Assistance par t\u00e9l\u00e9phone, e-mail ou WhatsApp pour r\u00e9soudre tous les doutes en temps r\u00e9el.<\/p>\n<\/li>\n<\/ul>\n<h3 class=\"\" data-start=\"1820\" data-end=\"1850\">\ud83d\udd04 Assistance continue<\/h3>\n<p class=\"\" data-start=\"1852\" data-end=\"1931\">Le patch cutan\u00e9 n\u00e9cessite une attention particuli\u00e8re au fil du temps, et nous sommes l\u00e0 pour vous l'assurer :<\/p>\n<ul data-start=\"1932\" data-end=\"2118\">\n<li class=\"\" data-start=\"1932\" data-end=\"1965\">\n<p class=\"\" data-start=\"1934\" data-end=\"1965\"><strong data-start=\"1934\" data-end=\"1964\">Contr\u00f4les r\u00e9guliers sur place<\/strong>.<\/p>\n<\/li>\n<li class=\"\" data-start=\"1966\" data-end=\"2013\">\n<p class=\"\" data-start=\"1968\" data-end=\"2013\"><strong data-start=\"1968\" data-end=\"2012\">Programmes de maintenance personnalis\u00e9s<\/strong>.<\/p>\n<\/li>\n<li class=\"\" data-start=\"2014\" data-end=\"2118\">\n<p class=\"\" data-start=\"2016\" data-end=\"2118\">Possibilit\u00e9 de <strong data-start=\"2031\" data-end=\"2053\">renouvellement automatique<\/strong> pour l'envoi de nouvelles pi\u00e8ces compatibles avec votre profil.<\/p>\n<\/li>\n<\/ul>","protected":false},"excerpt":{"rendered":"<p>Soutien aux patchs cutan\u00e9s : toujours \u00e0 vos c\u00f4t\u00e9s Le patch cutan\u00e9 est l'une des solutions les plus avanc\u00e9es et les plus naturelles pour les personnes souffrant de cheveux clairsem\u00e9s ou de calvitie. Mais choisir le bon patch et apprendre \u00e0 le g\u00e9rer dans le temps peut susciter des doutes ou n\u00e9cessiter un accompagnement personnalis\u00e9. C'est pourquoi Newfreestyle Hair [...]<\/p>","protected":false},"author":1,"featured_media":0,"parent":0,"menu_order":0,"comment_status":"closed","ping_status":"closed","template":"","meta":{"_acf_changed":false,"_monsterinsights_skip_tracking":false,"_monsterinsights_sitenote_active":false,"_monsterinsights_sitenote_note":"","_monsterinsights_sitenote_category":0,"footnotes":""},"class_list":["post-49128","page","type-page","status-publish","hentry"],"acf":[],"yoast_head":"<!-- This site is optimized with the Yoast SEO Premium plugin v26.1 (Yoast SEO v26.1.1) - https:\/\/yoast.com\/wordpress\/plugins\/seo\/ -->\n<title>Assistenza per la patch cutanea per capelli - Newfreestyle Hair System<\/title>\n<meta name=\"description\" content=\"Newfreestyle Hair System mette a disposizione un servizio di assistenza completo e professionale, Scopri di pi\u00f9\" \/>\n<meta name=\"robots\" content=\"index, follow, max-snippet:-1, max-image-preview:large, max-video-preview:-1\" \/>\n<link rel=\"canonical\" href=\"https:\/\/www.newfreestyle.it\/fr\/lassistance\/\" \/>\n<meta property=\"og:locale\" content=\"fr_FR\" \/>\n<meta property=\"og:type\" content=\"article\" \/>\n<meta property=\"og:title\" content=\"Assistenza per la patch cutanea\" \/>\n<meta property=\"og:description\" content=\"Newfreestyle Hair System mette a disposizione un servizio di assistenza completo e professionale, Scopri di pi\u00f9\" \/>\n<meta property=\"og:url\" content=\"https:\/\/www.newfreestyle.it\/fr\/lassistance\/\" \/>\n<meta property=\"og:site_name\" content=\"Newfreestyle Hair System\" \/>\n<meta property=\"article:publisher\" content=\"https:\/\/www.facebook.com\/newfreestyle.it\/\" \/>\n<meta property=\"article:modified_time\" content=\"2025-10-21T22:26:53+00:00\" \/>\n<meta name=\"twitter:card\" content=\"summary_large_image\" \/>\n<meta name=\"twitter:label1\" content=\"Dur\u00e9e de lecture estim\u00e9e\" \/>\n\t<meta name=\"twitter:data1\" content=\"2 minutes\" \/>\n<script type=\"application\/ld+json\" class=\"yoast-schema-graph\">{\"@context\":\"https:\/\/schema.org\",\"@graph\":[{\"@type\":\"WebPage\",\"@id\":\"https:\/\/www.newfreestyle.it\/fr\/lassistance\/\",\"url\":\"https:\/\/www.newfreestyle.it\/fr\/lassistance\/\",\"name\":\"Assistenza per la patch cutanea per capelli - Newfreestyle Hair System\",\"isPartOf\":{\"@id\":\"https:\/\/www.newfreestyle.it\/en\/#website\"},\"datePublished\":\"2025-04-14T15:04:46+00:00\",\"dateModified\":\"2025-10-21T22:26:53+00:00\",\"description\":\"Newfreestyle Hair System mette a disposizione un servizio di assistenza completo e professionale, Scopri di pi\u00f9\",\"breadcrumb\":{\"@id\":\"https:\/\/www.newfreestyle.it\/fr\/lassistance\/#breadcrumb\"},\"inLanguage\":\"fr-FR\",\"potentialAction\":[{\"@type\":\"ReadAction\",\"target\":[\"https:\/\/www.newfreestyle.it\/fr\/lassistance\/\"]}]},{\"@type\":\"BreadcrumbList\",\"@id\":\"https:\/\/www.newfreestyle.it\/fr\/lassistance\/#breadcrumb\",\"itemListElement\":[{\"@type\":\"ListItem\",\"position\":1,\"name\":\"Home\",\"item\":\"https:\/\/www.newfreestyle.it\/\"},{\"@type\":\"ListItem\",\"position\":2,\"name\":\"Assistenza per la patch cutanea\"}]},{\"@type\":\"WebSite\",\"@id\":\"https:\/\/www.newfreestyle.it\/en\/#website\",\"url\":\"https:\/\/www.newfreestyle.it\/en\/\",\"name\":\"Protesi Capelli Uomo Impianti Capillari\",\"description\":\"Risolviamo ogni tipologia di Calvizie mediante l\u2019ausilio di protesi capillari non chirurgiche anche chiamata patch cutaneo.\",\"publisher\":{\"@id\":\"https:\/\/www.newfreestyle.it\/en\/#organization\"},\"potentialAction\":[{\"@type\":\"SearchAction\",\"target\":{\"@type\":\"EntryPoint\",\"urlTemplate\":\"https:\/\/www.newfreestyle.it\/en\/?s={search_term_string}\"},\"query-input\":{\"@type\":\"PropertyValueSpecification\",\"valueRequired\":true,\"valueName\":\"search_term_string\"}}],\"inLanguage\":\"fr-FR\"},{\"@type\":[\"Organization\",\"Place\"],\"@id\":\"https:\/\/www.newfreestyle.it\/en\/#organization\",\"name\":\"Newfreestyle Hair System\",\"alternateName\":\"Protesi Capelli Uomo Personalizzate\",\"url\":\"https:\/\/www.newfreestyle.it\/en\/\",\"logo\":{\"@id\":\"https:\/\/www.newfreestyle.it\/fr\/lassistance\/#local-main-organization-logo\"},\"image\":{\"@id\":\"https:\/\/www.newfreestyle.it\/fr\/lassistance\/#local-main-organization-logo\"},\"sameAs\":[\"https:\/\/www.facebook.com\/newfreestyle.it\/\",\"https:\/\/www.instagram.com\/newfreestyle_hairsystem\/\"],\"address\":{\"@id\":\"https:\/\/www.newfreestyle.it\/fr\/lassistance\/#local-main-place-address\"},\"geo\":{\"@type\":\"GeoCoordinates\",\"latitude\":\"45.5086608\",\"longitude\":\"9.2005743\"},\"telephone\":[\"3297256048\"],\"openingHoursSpecification\":[{\"@type\":\"OpeningHoursSpecification\",\"dayOfWeek\":[\"Monday\",\"Tuesday\",\"Wednesday\",\"Thursday\",\"Friday\",\"Saturday\"],\"opens\":\"09:00\",\"closes\":\"19:00\"},{\"@type\":\"OpeningHoursSpecification\",\"dayOfWeek\":[\"Sunday\"],\"opens\":\"00:00\",\"closes\":\"00:00\"}],\"email\":\"direzione@newfreestyle.it\",\"vatID\":\"IT11145080963\",\"taxID\":\"SCIMST69H67I690R\"},{\"@type\":\"PostalAddress\",\"@id\":\"https:\/\/www.newfreestyle.it\/fr\/lassistance\/#local-main-place-address\",\"streetAddress\":\"Via Cino da Pistoia, 18\",\"addressLocality\":\"Milano\",\"postalCode\":\"20162\",\"addressRegion\":\"MI\",\"addressCountry\":\"IT\"},{\"@type\":\"ImageObject\",\"inLanguage\":\"fr-FR\",\"@id\":\"https:\/\/www.newfreestyle.it\/fr\/lassistance\/#local-main-organization-logo\",\"url\":\"https:\/\/www.newfreestyle.it\/wp-content\/uploads\/2023\/09\/cropped-newfreestyle-150x145-1.png\",\"contentUrl\":\"https:\/\/www.newfreestyle.it\/wp-content\/uploads\/2023\/09\/cropped-newfreestyle-150x145-1.png\",\"width\":512,\"height\":512,\"caption\":\"Newfreestyle Hair System\"}]}<\/script>\n<meta name=\"geo.placename\" content=\"Milano\" \/>\n<meta name=\"geo.position\" content=\"45.5086608;9.2005743\" \/>\n<meta name=\"geo.region\" content=\"Italie\" \/>\n<!-- \/ Yoast SEO Premium plugin. -->","yoast_head_json":{"title":"Assistance pour les patchs de cheveux - Newfreestyle Hair System","description":"Newfreestyle Hair System propose un service complet et professionnel.","robots":{"index":"index","follow":"follow","max-snippet":"max-snippet:-1","max-image-preview":"max-image-preview:large","max-video-preview":"max-video-preview:-1"},"canonical":"https:\/\/www.newfreestyle.it\/fr\/lassistance\/","og_locale":"fr_FR","og_type":"article","og_title":"Assistenza per la patch cutanea","og_description":"Newfreestyle Hair System mette a disposizione un servizio di assistenza completo e professionale, Scopri di pi\u00f9","og_url":"https:\/\/www.newfreestyle.it\/fr\/lassistance\/","og_site_name":"Newfreestyle Hair System","article_publisher":"https:\/\/www.facebook.com\/newfreestyle.it\/","article_modified_time":"2025-10-21T22:26:53+00:00","twitter_card":"summary_large_image","twitter_misc":{"Dur\u00e9e de lecture estim\u00e9e":"2 minutes"},"schema":{"@context":"https:\/\/schema.org","@graph":[{"@type":"WebPage","@id":"https:\/\/www.newfreestyle.it\/fr\/lassistance\/","url":"https:\/\/www.newfreestyle.it\/fr\/lassistance\/","name":"Assistance pour les patchs de cheveux - Newfreestyle Hair System","isPartOf":{"@id":"https:\/\/www.newfreestyle.it\/en\/#website"},"datePublished":"2025-04-14T15:04:46+00:00","dateModified":"2025-10-21T22:26:53+00:00","description":"Newfreestyle Hair System propose un service complet et professionnel.","breadcrumb":{"@id":"https:\/\/www.newfreestyle.it\/fr\/lassistance\/#breadcrumb"},"inLanguage":"fr-FR","potentialAction":[{"@type":"ReadAction","target":["https:\/\/www.newfreestyle.it\/fr\/lassistance\/"]}]},{"@type":"BreadcrumbList","@id":"https:\/\/www.newfreestyle.it\/fr\/lassistance\/#breadcrumb","itemListElement":[{"@type":"ListItem","position":1,"name":"Home","item":"https:\/\/www.newfreestyle.it\/"},{"@type":"ListItem","position":2,"name":"Assistenza per la patch cutanea"}]},{"@type":"WebSite","@id":"https:\/\/www.newfreestyle.it\/en\/#website","url":"https:\/\/www.newfreestyle.it\/en\/","name":"Implants capillaires pour hommes Implants capillaires","description":"Nous r\u00e9solvons tous les types de calvitie \u00e0 l'aide d'implants capillaires non chirurgicaux, \u00e9galement appel\u00e9s patchs cutan\u00e9s.","publisher":{"@id":"https:\/\/www.newfreestyle.it\/en\/#organization"},"potentialAction":[{"@type":"SearchAction","target":{"@type":"EntryPoint","urlTemplate":"https:\/\/www.newfreestyle.it\/en\/?s={search_term_string}"},"query-input":{"@type":"PropertyValueSpecification","valueRequired":true,"valueName":"search_term_string"}}],"inLanguage":"fr-FR"},{"@type":["Organization","Place"],"@id":"https:\/\/www.newfreestyle.it\/en\/#organization","name":"Syst\u00e8me capillaire Newfreestyle","alternateName":"Protesi Capelli Uomo Personalizzate","url":"https:\/\/www.newfreestyle.it\/en\/","logo":{"@id":"https:\/\/www.newfreestyle.it\/fr\/lassistance\/#local-main-organization-logo"},"image":{"@id":"https:\/\/www.newfreestyle.it\/fr\/lassistance\/#local-main-organization-logo"},"sameAs":["https:\/\/www.facebook.com\/newfreestyle.it\/","https:\/\/www.instagram.com\/newfreestyle_hairsystem\/"],"address":{"@id":"https:\/\/www.newfreestyle.it\/fr\/lassistance\/#local-main-place-address"},"geo":{"@type":"GeoCoordinates","latitude":"45.5086608","longitude":"9.2005743"},"telephone":["3297256048"],"openingHoursSpecification":[{"@type":"OpeningHoursSpecification","dayOfWeek":["Monday","Tuesday","Wednesday","Thursday","Friday","Saturday"],"opens":"09:00","closes":"19:00"},{"@type":"OpeningHoursSpecification","dayOfWeek":["Sunday"],"opens":"00:00","closes":"00:00"}],"email":"direzione@newfreestyle.it","vatID":"IT11145080963","taxID":"SCIMST69H67I690R"},{"@type":"PostalAddress","@id":"https:\/\/www.newfreestyle.it\/fr\/lassistance\/#local-main-place-address","streetAddress":"Via Cino da Pistoia, 18","addressLocality":"Milano","postalCode":"20162","addressRegion":"MI","addressCountry":"IT"},{"@type":"ImageObject","inLanguage":"fr-FR","@id":"https:\/\/www.newfreestyle.it\/fr\/lassistance\/#local-main-organization-logo","url":"https:\/\/www.newfreestyle.it\/wp-content\/uploads\/2023\/09\/cropped-newfreestyle-150x145-1.png","contentUrl":"https:\/\/www.newfreestyle.it\/wp-content\/uploads\/2023\/09\/cropped-newfreestyle-150x145-1.png","width":512,"height":512,"caption":"Newfreestyle Hair System"}]},"geo.placename":"Milano","geo.position":{"lat":"45.5086608","long":"9.2005743"},"geo.region":"Italie"},"_links":{"self":[{"href":"https:\/\/www.newfreestyle.it\/fr\/wp-json\/wp\/v2\/pages\/49128","targetHints":{"allow":["GET"]}}],"collection":[{"href":"https:\/\/www.newfreestyle.it\/fr\/wp-json\/wp\/v2\/pages"}],"about":[{"href":"https:\/\/www.newfreestyle.it\/fr\/wp-json\/wp\/v2\/types\/page"}],"author":[{"embeddable":true,"href":"https:\/\/www.newfreestyle.it\/fr\/wp-json\/wp\/v2\/users\/1"}],"replies":[{"embeddable":true,"href":"https:\/\/www.newfreestyle.it\/fr\/wp-json\/wp\/v2\/comments?post=49128"}],"version-history":[{"count":3,"href":"https:\/\/www.newfreestyle.it\/fr\/wp-json\/wp\/v2\/pages\/49128\/revisions"}],"predecessor-version":[{"id":49132,"href":"https:\/\/www.newfreestyle.it\/fr\/wp-json\/wp\/v2\/pages\/49128\/revisions\/49132"}],"wp:attachment":[{"href":"https:\/\/www.newfreestyle.it\/fr\/wp-json\/wp\/v2\/media?parent=49128"}],"curies":[{"name":"wp","href":"https:\/\/api.w.org\/{rel}","templated":true}]}}