
{"id":47473,"date":"2023-12-30T21:30:33","date_gmt":"2023-12-30T19:30:33","guid":{"rendered":"https:\/\/www.newfreestyle.it\/termini-e-condizioni\/"},"modified":"2026-02-27T22:10:26","modified_gmt":"2026-02-27T22:10:26","slug":"conditions-generales","status":"publish","type":"page","link":"https:\/\/www.newfreestyle.it\/fr\/conditions-generales\/","title":{"rendered":"Conditions g\u00e9n\u00e9rales d'utilisation"},"content":{"rendered":"<div class=\"w-full text-token-text-primary sm:AIPRM__conversation__response\" dir=\"auto\" data-testid=\"conversation-turn-3\">\n<div class=\"px-4 py-2 justify-center text-base md:gap-6 m-auto\">\n<div class=\"flex flex-1 text-base mx-auto gap-3 juice:gap-4 juice:md:gap-6 md:px-5 lg:px-1 xl:px-5 md:max-w-3xl lg:max-w-[40rem] xl:max-w-[48rem]\">\n<div class=\"relative flex w-full flex-col agent-turn\">\n<div class=\"flex-col gap-1 md:gap-3\">\n<div class=\"flex flex-grow flex-col max-w-full\">\n<div class=\"text-message flex flex-col items-start gap-3 whitespace-pre-wrap break-words [.text-message+&amp;]:mt-5 overflow-x-auto\" dir=\"auto\" data-message-author-role=\"assistant\" data-message-id=\"f36afc17-a3f5-4f26-98ae-cfa7f998b058\">\n<div class=\"markdown prose w-full break-words dark:prose-invert light AIPRM__conversation__response\">\n<p><strong>Bienvenue \u00e0 <a href=\"https:\/\/www.newfreestyle.it\/fr\/\">www.newfreestyle.it<\/a><\/strong><\/p>\n<p>La page suivante contient les conditions g\u00e9n\u00e9rales d'utilisation du site. <a target=\"_new\" href=\"http:\/\/www.newfreestyle.it\/fr\/\" rel=\"noopener\">www.newfreestyle.it<\/a>Le site web de Newfreestyle, propri\u00e9t\u00e9 de la soci\u00e9t\u00e9 Newfreestyle di Iosca Maria Stella, dont le si\u00e8ge social est situ\u00e9 via Cino da Pistoia 18, 20162 Milano (ci-apr\u00e8s d\u00e9nomm\u00e9e \"Newfreestyle\"), a pour but de fournir des informations sur les produits et les services de la soci\u00e9t\u00e9. En utilisant notre site, vous acceptez d'\u00eatre li\u00e9 par les pr\u00e9sentes conditions g\u00e9n\u00e9rales. Si vous n'\u00eates pas d'accord avec une quelconque partie des conditions, veuillez ne pas utiliser notre site web.<\/p>\n<h4>1. Objet<\/h4>\n<p>Newfreestyle est un commerce \u00e9lectronique sp\u00e9cialis\u00e9 dans la vente de proth\u00e8ses capillaires naturelles, y compris sur mesure. Nous proposons des produits de haute qualit\u00e9 pour r\u00e9pondre aux besoins de nos clients.<\/p>\n<h4>2. Modifications des conditions<\/h4>\n<p>Newfreestyle se r\u00e9serve le droit de modifier ou d'actualiser les pr\u00e9sentes conditions g\u00e9n\u00e9rales \u00e0 tout moment et sans pr\u00e9avis. Les modifications prendront effet imm\u00e9diatement apr\u00e8s leur publication sur le site web. La poursuite de l'utilisation du site web apr\u00e8s de telles modifications vaudra acceptation des nouvelles conditions g\u00e9n\u00e9rales.<\/p>\n<h4>3. Respect de la vie priv\u00e9e<\/h4>\n<p>La protection de la vie priv\u00e9e de nos utilisateurs est de la plus haute importance. Pour plus d'informations sur la mani\u00e8re dont nous traitons les donn\u00e9es personnelles, veuillez consulter notre politique de confidentialit\u00e9.<\/p>\n<h4>4. Propri\u00e9t\u00e9 intellectuelle<\/h4>\n<p>Tout le contenu du site, y compris les textes, les graphiques, les logos, les ic\u00f4nes, les images et les logiciels, est la propri\u00e9t\u00e9 de Newfreestyle ou de ses fournisseurs et est prot\u00e9g\u00e9 par les lois internationales sur les droits d'auteur.<\/p>\n<h4>5. Utilisation du site<\/h4>\n<p>a. Il est interdit d'utiliser notre site web \u00e0 des fins ill\u00e9gales ou non autoris\u00e9es. b. Vous ne pouvez pas copier ou distribuer le contenu ou les marques de Newfreestyle sans notre consentement \u00e9crit expr\u00e8s. c. Vous acceptez de ne pas transmettre de virus ou de code de nature destructive.<\/p>\n<h4>6. Conditions de vente<\/h4>\n<p>a. Acheter sur <a target=\"_new\" href=\"http:\/\/www.newfreestyle.it\/fr\/\" rel=\"noopener\">www.newfreestyle.it<\/a>l'utilisateur doit \u00eatre majeur. b. La confirmation de la commande vaut acceptation des prix, de la description des produits disponibles \u00e0 la vente et des Conditions G\u00e9n\u00e9rales de Vente. c. Newfreestyle se r\u00e9serve le droit de refuser une commande d'un client avec lequel il existerait un litige relatif au paiement d'une commande ant\u00e9rieure.<\/p>\n<h4>7. Prix et paiements<\/h4>\n<p>a. Les prix de nos produits sont exprim\u00e9s en euros et incluent la TVA. b. Nous acceptons diff\u00e9rents modes de paiement, qui seront pr\u00e9cis\u00e9s lors du processus d'achat.<\/p>\n<h4>8. Exp\u00e9ditions et livraisons<\/h4>\n<p>a. Les envois sont effectu\u00e9s par des transporteurs s\u00e9lectionn\u00e9s et les d\u00e9lais de livraison peuvent varier en fonction de la destination. b. Newfreestyle s'efforce de respecter les d\u00e9lais de livraison indiqu\u00e9s, mais d\u00e9cline toute responsabilit\u00e9 en cas de retard d\u00fb \u00e0 un cas de force majeure.<\/p>\n<h4>9. Droit de retrait<\/h4>\n<p>a. Le client a le droit de renoncer \u00e0 l'achat dans les 14 jours suivant la r\u00e9ception du produit sans donner de raison. b. Les produits retourn\u00e9s doivent \u00eatre dans un \u00e9tat intact et dans leur emballage d'origine.<\/p>\n<h4>10. Limites de responsabilit\u00e9<\/h4>\n<p>Newfreestyle n'est pas responsable des dommages directs, indirects, accessoires, sp\u00e9ciaux ou cons\u00e9cutifs r\u00e9sultant de l'utilisation ou de l'impossibilit\u00e9 d'utiliser notre site ou nos produits.<\/p>\n<h4>11. Droit applicable et juridiction<\/h4>\n<p>Les pr\u00e9sentes conditions sont r\u00e9gies par le droit italien. Tout litige relatif aux pr\u00e9sentes conditions est soumis \u00e0 la comp\u00e9tence exclusive du tribunal de Milan.<\/p>\n<\/div>\n<\/div>\n<\/div>\n<\/div>\n<\/div>\n<\/div>\n<\/div>\n<\/div>\n<div class=\"w-full text-token-text-primary sm:AIPRM__conversation__response\" dir=\"auto\" data-testid=\"conversation-turn-5\">\n<div class=\"px-4 py-2 justify-center text-base md:gap-6 m-auto\">\n<div class=\"flex flex-1 text-base mx-auto gap-3 juice:gap-4 juice:md:gap-6 md:px-5 lg:px-1 xl:px-5 md:max-w-3xl lg:max-w-[40rem] xl:max-w-[48rem]\">\n<div class=\"relative flex w-full flex-col agent-turn\">\n<div class=\"flex-col gap-1 md:gap-3\">\n<div class=\"flex flex-grow flex-col max-w-full\">\n<div class=\"min-h-[20px] text-message flex flex-col items-start gap-3 whitespace-pre-wrap break-words [.text-message+&amp;]:mt-5 overflow-x-auto\" dir=\"auto\" data-message-author-role=\"assistant\" data-message-id=\"b9f9fede-6160-4c4b-9368-18b1e0cae6fe\">\n<div class=\"markdown prose w-full break-words dark:prose-invert light AIPRM__conversation__response\">\n<h4>12. S\u00e9curit\u00e9 du site<\/h4>\n<p>La s\u00e9curit\u00e9 des informations personnelles de nos clients est une priorit\u00e9 absolue pour Newfreestyle. Nous prenons toutes les mesures raisonnables pour prot\u00e9ger le site et les informations collect\u00e9es contre la perte, le vol et l'utilisation abusive, ainsi que contre l'acc\u00e8s, la divulgation, l'alt\u00e9ration et la destruction non autoris\u00e9s.<\/p>\n<p>a. <strong>Protection des donn\u00e9es<\/strong>Nous utilisons des technologies de s\u00e9curit\u00e9 standard, telles que le protocole \"Secure Socket Layer\" (SSL), pour crypter et prot\u00e9ger les paiements et les informations personnelles lors de leur transmission sur l'internet.<\/p>\n<p>b. <strong>Suivi et examens<\/strong>Le site fait l'objet de contr\u00f4les de s\u00e9curit\u00e9 r\u00e9guliers afin de s'assurer que les mesures de protection les plus avanc\u00e9es sont mises en \u0153uvre. Le site fait l'objet de contr\u00f4les de s\u00e9curit\u00e9 r\u00e9guliers afin de s'assurer que nous prenons les mesures de protection les plus avanc\u00e9es.<\/p>\n<p>c. <strong>Formation du personnel<\/strong>Nous sensibilisons et formons r\u00e9guli\u00e8rement notre personnel aux politiques et proc\u00e9dures de s\u00e9curit\u00e9, y compris la protection contre les escroqueries par courrier \u00e9lectronique et les tentatives d'hame\u00e7onnage.<\/p>\n<h4>13. Utilisation des cookies<\/h4>\n<p>Notre site <a target=\"_new\" href=\"http:\/\/www.newfreestyle.it\/fr\/\" rel=\"noopener\">www.newfreestyle.it<\/a> utilise des cookies pour am\u00e9liorer l'exp\u00e9rience de l'utilisateur et offrir un service personnalis\u00e9 et plus rapide.<\/p>\n<p>a. <strong>Qu'est-ce qu'un cookie ?<\/strong>Les cookies sont de petits fichiers texte qui sont enregistr\u00e9s sur votre appareil lorsque vous visitez des sites web. Ils permettent au site de se souvenir de vos actions et de vos pr\u00e9f\u00e9rences (telles que l'identifiant, la langue, la taille des caract\u00e8res et d'autres param\u00e8tres d'affichage) pendant un certain temps, de sorte que vous n'ayez pas \u00e0 les saisir \u00e0 nouveau lorsque vous revenez sur le site ou que vous naviguez d'une page \u00e0 l'autre.<\/p>\n<p>b. <strong>Comment nous utilisons les cookies<\/strong>Cookies : Nous utilisons des cookies pour collecter des donn\u00e9es statistiques sur le trafic des utilisateurs et les interactions avec le site afin d'identifier les tendances et d'am\u00e9liorer nos services. Les cookies sont \u00e9galement utilis\u00e9s pour conserver les informations relatives \u00e0 la session de l'utilisateur sur notre portail, y compris les pr\u00e9f\u00e9rences d'affichage et les d\u00e9tails du panier d'achat.<\/p>\n<p>c. <strong>Gestion des cookies<\/strong>Vous pouvez contr\u00f4ler et\/ou supprimer les cookies comme vous le souhaitez - pour plus de d\u00e9tails, voir aboutcookies.org. Vous pouvez supprimer tous les cookies d\u00e9j\u00e0 pr\u00e9sents sur votre ordinateur et vous pouvez configurer la plupart des navigateurs pour emp\u00eacher leur installation. Toutefois, dans ce cas, il se peut que vous deviez ajuster manuellement certaines pr\u00e9f\u00e9rences \u00e0 chaque fois que vous visitez un site et que certains services et fonctionnalit\u00e9s ne fonctionnent pas.<\/p>\n<h4>Plus d'informations<\/h4>\n<p>Pour plus d'informations sur la gestion de vos donn\u00e9es personnelles, veuillez consulter notre site web. <a target=\"_new\" rel=\"noopener\">Politique de confidentialit\u00e9<\/a>.<\/p>\n<\/div>\n<div class=\"w-full text-token-text-primary sm:AIPRM__conversation__response\" dir=\"auto\" data-testid=\"conversation-turn-3\">\n<div class=\"px-4 py-2 justify-center text-base md:gap-6 m-auto\">\n<div class=\"flex flex-1 text-base mx-auto gap-3 juice:gap-4 juice:md:gap-6 md:px-5 lg:px-1 xl:px-5 md:max-w-3xl lg:max-w-[40rem] xl:max-w-[48rem]\">\n<div class=\"relative flex w-full flex-col agent-turn\">\n<div class=\"flex-col gap-1 md:gap-3\">\n<div class=\"flex flex-grow flex-col max-w-full\">\n<div class=\"text-message flex flex-col items-start gap-3 whitespace-pre-wrap break-words [.text-message+&amp;]:mt-5 overflow-x-auto\" dir=\"auto\" data-message-author-role=\"assistant\" data-message-id=\"f36afc17-a3f5-4f26-98ae-cfa7f998b058\">\n<div class=\"markdown prose w-full break-words dark:prose-invert light AIPRM__conversation__response\">\n<p>Si vous avez des questions ou des plaintes concernant notre site ou les conditions g\u00e9n\u00e9rales, veuillez contacter Newfreestyle par courrier \u00e9lectronique \u00e0 l'adresse suivante <a target=\"_new\" rel=\"noopener\">direzione@newfreestyle.it<\/a> ou par t\u00e9l\u00e9phone au 329 725 6048.<\/p>\n<\/div>\n<\/div>\n<\/div>\n<\/div>\n<\/div>\n<\/div>\n<\/div>\n<\/div>\n<div class=\"markdown prose w-full break-words dark:prose-invert light AIPRM__conversation__response\">\n<h5>Newfreestyle by Iosca Maria Stella, Milan. Tous droits r\u00e9serv\u00e9s.<\/h5>\n<\/div>\n<\/div>\n<\/div>\n<\/div>\n<\/div>\n<\/div>\n<\/div>\n<\/div>","protected":false},"excerpt":{"rendered":"<p>Bienvenue sur www.newfreestyle.it La page suivante contient les termes et conditions en vertu desquels vous pouvez utiliser le site www.newfreestyle.it, propri\u00e9t\u00e9 de la soci\u00e9t\u00e9 Newfreestyle di Iosca Maria Stella dont le si\u00e8ge social est situ\u00e9 via Cino da Pistoia 18, 20162 Milano (ci-apr\u00e8s d\u00e9nomm\u00e9e \"Newfreestyle\"). En utilisant notre site, vous acceptez d'\u00eatre li\u00e9 par les pr\u00e9sentes conditions et [...]<\/p>","protected":false},"author":1,"featured_media":0,"parent":0,"menu_order":0,"comment_status":"closed","ping_status":"closed","template":"","meta":{"_acf_changed":false,"_monsterinsights_skip_tracking":false,"_monsterinsights_sitenote_active":false,"_monsterinsights_sitenote_note":"","_monsterinsights_sitenote_category":0,"footnotes":""},"class_list":["post-47473","page","type-page","status-publish","hentry"],"acf":[],"yoast_head":"<!-- This site is optimized with the Yoast SEO Premium plugin v26.1 (Yoast SEO v26.1.1) - https:\/\/yoast.com\/wordpress\/plugins\/seo\/ -->\n<title>Termini e Condizioni - Newfreestyle Hair System<\/title>\n<meta name=\"description\" content=\"La seguente pagina contiene i Termini e le Condizioni secondo cui \u00e8 possibile utilizzare il sito www.newfreestyle.it,\" \/>\n<meta name=\"robots\" content=\"index, follow, max-snippet:-1, max-image-preview:large, max-video-preview:-1\" \/>\n<link rel=\"canonical\" href=\"https:\/\/www.newfreestyle.it\/fr\/conditions-generales\/\" \/>\n<meta property=\"og:locale\" content=\"fr_FR\" \/>\n<meta property=\"og:type\" content=\"article\" \/>\n<meta property=\"og:title\" content=\"Termini e Condizioni\" \/>\n<meta property=\"og:description\" content=\"La seguente pagina contiene i Termini e le Condizioni secondo cui \u00e8 possibile utilizzare il sito www.newfreestyle.it,\" \/>\n<meta property=\"og:url\" content=\"https:\/\/www.newfreestyle.it\/fr\/conditions-generales\/\" \/>\n<meta property=\"og:site_name\" content=\"Newfreestyle Hair System\" \/>\n<meta property=\"article:publisher\" content=\"https:\/\/www.facebook.com\/newfreestyle.it\/\" \/>\n<meta property=\"article:modified_time\" content=\"2026-02-27T22:10:26+00:00\" \/>\n<meta name=\"twitter:card\" content=\"summary_large_image\" \/>\n<meta name=\"twitter:label1\" content=\"Dur\u00e9e de lecture estim\u00e9e\" \/>\n\t<meta name=\"twitter:data1\" content=\"5 minutes\" \/>\n<script type=\"application\/ld+json\" class=\"yoast-schema-graph\">{\"@context\":\"https:\/\/schema.org\",\"@graph\":[{\"@type\":\"WebPage\",\"@id\":\"https:\/\/www.newfreestyle.it\/fr\/conditions-generales\/\",\"url\":\"https:\/\/www.newfreestyle.it\/fr\/conditions-generales\/\",\"name\":\"Termini e Condizioni - Newfreestyle Hair System\",\"isPartOf\":{\"@id\":\"https:\/\/www.newfreestyle.it\/en\/#website\"},\"datePublished\":\"2023-12-30T19:30:33+00:00\",\"dateModified\":\"2026-02-27T22:10:26+00:00\",\"description\":\"La seguente pagina contiene i Termini e le Condizioni secondo cui \u00e8 possibile utilizzare il sito www.newfreestyle.it,\",\"breadcrumb\":{\"@id\":\"https:\/\/www.newfreestyle.it\/fr\/conditions-generales\/#breadcrumb\"},\"inLanguage\":\"fr-FR\",\"potentialAction\":[{\"@type\":\"ReadAction\",\"target\":[\"https:\/\/www.newfreestyle.it\/fr\/conditions-generales\/\"]}]},{\"@type\":\"BreadcrumbList\",\"@id\":\"https:\/\/www.newfreestyle.it\/fr\/conditions-generales\/#breadcrumb\",\"itemListElement\":[{\"@type\":\"ListItem\",\"position\":1,\"name\":\"Home\",\"item\":\"https:\/\/www.newfreestyle.it\/\"},{\"@type\":\"ListItem\",\"position\":2,\"name\":\"Termini e Condizioni\"}]},{\"@type\":\"WebSite\",\"@id\":\"https:\/\/www.newfreestyle.it\/en\/#website\",\"url\":\"https:\/\/www.newfreestyle.it\/en\/\",\"name\":\"Protesi Capelli Uomo Impianti Capillari\",\"description\":\"Risolviamo ogni tipologia di Calvizie mediante l\u2019ausilio di protesi capillari non chirurgiche anche chiamata patch cutaneo.\",\"publisher\":{\"@id\":\"https:\/\/www.newfreestyle.it\/en\/#organization\"},\"potentialAction\":[{\"@type\":\"SearchAction\",\"target\":{\"@type\":\"EntryPoint\",\"urlTemplate\":\"https:\/\/www.newfreestyle.it\/en\/?s={search_term_string}\"},\"query-input\":{\"@type\":\"PropertyValueSpecification\",\"valueRequired\":true,\"valueName\":\"search_term_string\"}}],\"inLanguage\":\"fr-FR\"},{\"@type\":[\"Organization\",\"Place\"],\"@id\":\"https:\/\/www.newfreestyle.it\/en\/#organization\",\"name\":\"Newfreestyle Hair System\",\"alternateName\":\"Protesi Capelli Uomo Personalizzate\",\"url\":\"https:\/\/www.newfreestyle.it\/en\/\",\"logo\":{\"@id\":\"https:\/\/www.newfreestyle.it\/fr\/conditions-generales\/#local-main-organization-logo\"},\"image\":{\"@id\":\"https:\/\/www.newfreestyle.it\/fr\/conditions-generales\/#local-main-organization-logo\"},\"sameAs\":[\"https:\/\/www.facebook.com\/newfreestyle.it\/\",\"https:\/\/www.instagram.com\/newfreestyle_hairsystem\/\"],\"address\":{\"@id\":\"https:\/\/www.newfreestyle.it\/fr\/conditions-generales\/#local-main-place-address\"},\"geo\":{\"@type\":\"GeoCoordinates\",\"latitude\":\"45.5086608\",\"longitude\":\"9.2005743\"},\"telephone\":[\"3297256048\"],\"openingHoursSpecification\":[{\"@type\":\"OpeningHoursSpecification\",\"dayOfWeek\":[\"Monday\",\"Tuesday\",\"Wednesday\",\"Thursday\",\"Friday\",\"Saturday\"],\"opens\":\"09:00\",\"closes\":\"19:00\"},{\"@type\":\"OpeningHoursSpecification\",\"dayOfWeek\":[\"Sunday\"],\"opens\":\"00:00\",\"closes\":\"00:00\"}],\"email\":\"direzione@newfreestyle.it\",\"vatID\":\"IT11145080963\",\"taxID\":\"SCIMST69H67I690R\"},{\"@type\":\"PostalAddress\",\"@id\":\"https:\/\/www.newfreestyle.it\/fr\/conditions-generales\/#local-main-place-address\",\"streetAddress\":\"Via Cino da Pistoia, 18\",\"addressLocality\":\"Milano\",\"postalCode\":\"20162\",\"addressRegion\":\"MI\",\"addressCountry\":\"IT\"},{\"@type\":\"ImageObject\",\"inLanguage\":\"fr-FR\",\"@id\":\"https:\/\/www.newfreestyle.it\/fr\/conditions-generales\/#local-main-organization-logo\",\"url\":\"https:\/\/www.newfreestyle.it\/wp-content\/uploads\/2023\/09\/cropped-newfreestyle-150x145-1.png\",\"contentUrl\":\"https:\/\/www.newfreestyle.it\/wp-content\/uploads\/2023\/09\/cropped-newfreestyle-150x145-1.png\",\"width\":512,\"height\":512,\"caption\":\"Newfreestyle Hair System\"}]}<\/script>\n<meta name=\"geo.placename\" content=\"Milano\" \/>\n<meta name=\"geo.position\" content=\"45.5086608;9.2005743\" \/>\n<meta name=\"geo.region\" content=\"Italie\" \/>\n<!-- \/ Yoast SEO Premium plugin. -->","yoast_head_json":{"title":"Conditions d'utilisation - Newfreestyle Hair System","description":"La page suivante contient les conditions g\u00e9n\u00e9rales d'utilisation de www.newfreestyle.it,","robots":{"index":"index","follow":"follow","max-snippet":"max-snippet:-1","max-image-preview":"max-image-preview:large","max-video-preview":"max-video-preview:-1"},"canonical":"https:\/\/www.newfreestyle.it\/fr\/conditions-generales\/","og_locale":"fr_FR","og_type":"article","og_title":"Termini e Condizioni","og_description":"La seguente pagina contiene i Termini e le Condizioni secondo cui \u00e8 possibile utilizzare il sito www.newfreestyle.it,","og_url":"https:\/\/www.newfreestyle.it\/fr\/conditions-generales\/","og_site_name":"Newfreestyle Hair System","article_publisher":"https:\/\/www.facebook.com\/newfreestyle.it\/","article_modified_time":"2026-02-27T22:10:26+00:00","twitter_card":"summary_large_image","twitter_misc":{"Dur\u00e9e de lecture estim\u00e9e":"5 minutes"},"schema":{"@context":"https:\/\/schema.org","@graph":[{"@type":"WebPage","@id":"https:\/\/www.newfreestyle.it\/fr\/conditions-generales\/","url":"https:\/\/www.newfreestyle.it\/fr\/conditions-generales\/","name":"Conditions d'utilisation - Newfreestyle Hair System","isPartOf":{"@id":"https:\/\/www.newfreestyle.it\/en\/#website"},"datePublished":"2023-12-30T19:30:33+00:00","dateModified":"2026-02-27T22:10:26+00:00","description":"La page suivante contient les conditions g\u00e9n\u00e9rales d'utilisation de www.newfreestyle.it,","breadcrumb":{"@id":"https:\/\/www.newfreestyle.it\/fr\/conditions-generales\/#breadcrumb"},"inLanguage":"fr-FR","potentialAction":[{"@type":"ReadAction","target":["https:\/\/www.newfreestyle.it\/fr\/conditions-generales\/"]}]},{"@type":"BreadcrumbList","@id":"https:\/\/www.newfreestyle.it\/fr\/conditions-generales\/#breadcrumb","itemListElement":[{"@type":"ListItem","position":1,"name":"Home","item":"https:\/\/www.newfreestyle.it\/"},{"@type":"ListItem","position":2,"name":"Termini e Condizioni"}]},{"@type":"WebSite","@id":"https:\/\/www.newfreestyle.it\/en\/#website","url":"https:\/\/www.newfreestyle.it\/en\/","name":"Implants capillaires pour hommes Implants capillaires","description":"Nous r\u00e9solvons tous les types de calvitie \u00e0 l'aide d'implants capillaires non chirurgicaux, \u00e9galement appel\u00e9s patchs cutan\u00e9s.","publisher":{"@id":"https:\/\/www.newfreestyle.it\/en\/#organization"},"potentialAction":[{"@type":"SearchAction","target":{"@type":"EntryPoint","urlTemplate":"https:\/\/www.newfreestyle.it\/en\/?s={search_term_string}"},"query-input":{"@type":"PropertyValueSpecification","valueRequired":true,"valueName":"search_term_string"}}],"inLanguage":"fr-FR"},{"@type":["Organization","Place"],"@id":"https:\/\/www.newfreestyle.it\/en\/#organization","name":"Syst\u00e8me capillaire Newfreestyle","alternateName":"Protesi Capelli Uomo Personalizzate","url":"https:\/\/www.newfreestyle.it\/en\/","logo":{"@id":"https:\/\/www.newfreestyle.it\/fr\/conditions-generales\/#local-main-organization-logo"},"image":{"@id":"https:\/\/www.newfreestyle.it\/fr\/conditions-generales\/#local-main-organization-logo"},"sameAs":["https:\/\/www.facebook.com\/newfreestyle.it\/","https:\/\/www.instagram.com\/newfreestyle_hairsystem\/"],"address":{"@id":"https:\/\/www.newfreestyle.it\/fr\/conditions-generales\/#local-main-place-address"},"geo":{"@type":"GeoCoordinates","latitude":"45.5086608","longitude":"9.2005743"},"telephone":["3297256048"],"openingHoursSpecification":[{"@type":"OpeningHoursSpecification","dayOfWeek":["Monday","Tuesday","Wednesday","Thursday","Friday","Saturday"],"opens":"09:00","closes":"19:00"},{"@type":"OpeningHoursSpecification","dayOfWeek":["Sunday"],"opens":"00:00","closes":"00:00"}],"email":"direzione@newfreestyle.it","vatID":"IT11145080963","taxID":"SCIMST69H67I690R"},{"@type":"PostalAddress","@id":"https:\/\/www.newfreestyle.it\/fr\/conditions-generales\/#local-main-place-address","streetAddress":"Via Cino da Pistoia, 18","addressLocality":"Milano","postalCode":"20162","addressRegion":"MI","addressCountry":"IT"},{"@type":"ImageObject","inLanguage":"fr-FR","@id":"https:\/\/www.newfreestyle.it\/fr\/conditions-generales\/#local-main-organization-logo","url":"https:\/\/www.newfreestyle.it\/wp-content\/uploads\/2023\/09\/cropped-newfreestyle-150x145-1.png","contentUrl":"https:\/\/www.newfreestyle.it\/wp-content\/uploads\/2023\/09\/cropped-newfreestyle-150x145-1.png","width":512,"height":512,"caption":"Newfreestyle Hair System"}]},"geo.placename":"Milano","geo.position":{"lat":"45.5086608","long":"9.2005743"},"geo.region":"Italie"},"_links":{"self":[{"href":"https:\/\/www.newfreestyle.it\/fr\/wp-json\/wp\/v2\/pages\/47473","targetHints":{"allow":["GET"]}}],"collection":[{"href":"https:\/\/www.newfreestyle.it\/fr\/wp-json\/wp\/v2\/pages"}],"about":[{"href":"https:\/\/www.newfreestyle.it\/fr\/wp-json\/wp\/v2\/types\/page"}],"author":[{"embeddable":true,"href":"https:\/\/www.newfreestyle.it\/fr\/wp-json\/wp\/v2\/users\/1"}],"replies":[{"embeddable":true,"href":"https:\/\/www.newfreestyle.it\/fr\/wp-json\/wp\/v2\/comments?post=47473"}],"version-history":[{"count":1,"href":"https:\/\/www.newfreestyle.it\/fr\/wp-json\/wp\/v2\/pages\/47473\/revisions"}],"predecessor-version":[{"id":49397,"href":"https:\/\/www.newfreestyle.it\/fr\/wp-json\/wp\/v2\/pages\/47473\/revisions\/49397"}],"wp:attachment":[{"href":"https:\/\/www.newfreestyle.it\/fr\/wp-json\/wp\/v2\/media?parent=47473"}],"curies":[{"name":"wp","href":"https:\/\/api.w.org\/{rel}","templated":true}]}}