
{"id":1633,"date":"2023-04-26T10:04:10","date_gmt":"2023-04-26T10:04:10","guid":{"rendered":"https:\/\/wgl-demo.net\/bladehub\/?page_id=1633"},"modified":"2025-10-22T00:26:52","modified_gmt":"2025-10-21T22:26:52","slug":"faqs","status":"publish","type":"page","link":"https:\/\/www.newfreestyle.it\/fr\/faqs\/","title":{"rendered":"FAQ'S"},"content":{"rendered":"<div data-elementor-type=\"wp-page\" data-elementor-id=\"1633\" class=\"elementor elementor-1633\">\n\t\t\t\t\t\t<section class=\"elementor-section elementor-top-section elementor-element elementor-element-85d3752 elementor-section-boxed elementor-section-height-default elementor-section-height-default\" data-id=\"85d3752\" data-element_type=\"section\">\n\t\t\t\t\t\t<div class=\"elementor-container elementor-column-gap-default\">\n\t\t\t\t\t<div class=\"elementor-column elementor-col-100 elementor-top-column elementor-element elementor-element-d28c40d\" data-id=\"d28c40d\" data-element_type=\"column\">\n\t\t\t<div class=\"elementor-widget-wrap elementor-element-populated\">\n\t\t\t\t\t\t<div class=\"elementor-element elementor-element-9a70aa2 elementor-widget__width-initial aleft elementor-widget elementor-widget-wgl-double-heading\" data-id=\"9a70aa2\" data-element_type=\"widget\" data-widget_type=\"wgl-double-heading.default\">\n\t\t\t\t<div class=\"elementor-widget-container\">\n\t\t\t<div class=\"wgl-double-heading\"><div class=\"dblh__subtitle\">Questions fr\u00e9quemment pos\u00e9es<\/div><h3 class=\"dblh__title-wrapper\"><span class=\"dblh__title dblh__title-1\">Essayons de r\u00e9pondre \u00e0 vos questions<\/span><\/h3><\/div>\t\t<\/div>\n\t\t\t\t<\/div>\n\t\t\t\t\t<\/div>\n\t\t<\/div>\n\t\t\t\t\t<\/div>\n\t\t<\/section>\n\t\t\t\t<section class=\"elementor-section elementor-top-section elementor-element elementor-element-3156403 elementor-section-boxed elementor-section-height-default elementor-section-height-default\" data-id=\"3156403\" data-element_type=\"section\">\n\t\t\t\t\t\t<div class=\"elementor-container elementor-column-gap-default\">\n\t\t\t\t\t<div class=\"elementor-column elementor-col-50 elementor-top-column elementor-element elementor-element-4174c36\" data-id=\"4174c36\" data-element_type=\"column\">\n\t\t\t<div class=\"elementor-widget-wrap elementor-element-populated\">\n\t\t\t\t\t\t<div class=\"elementor-element elementor-element-a345973 elementor-widget elementor-widget-wgl-toggle-accordion\" data-id=\"a345973\" data-element_type=\"widget\" data-widget_type=\"wgl-toggle-accordion.default\">\n\t\t\t\t<div class=\"elementor-widget-container\">\n\t\t\t<div class=\"wgl-accordion icon-plus\" id=\"wgl-accordion-a345973\" data-type=\"toggle\"><div class=\"wgl-accordion_panel\"><h4 id=\"wgl-accordion_header-1711\" class=\"wgl-accordion_header\" data-default=\"yes\"><span class=\"wgl-accordion_title\">Quelle est la dur\u00e9e de vie d'une proth\u00e8se capillaire ?<\/span><i class=\"wgl-accordion_icon elementor-icon\"><\/i><\/h4><div class=\"wgl-accordion_content\"><p><span>La dur\u00e9e de vie d'une proth\u00e8se capillaire d\u00e9pend de la qualit\u00e9 du mat\u00e9riau et de l'entretien. En g\u00e9n\u00e9ral, une bonne proth\u00e8se peut durer entre six mois et un an.<\/span><\/p><\/div><\/div><div class=\"wgl-accordion_panel\"><h4 id=\"wgl-accordion_header-1712\" class=\"wgl-accordion_header\" data-default=\"\"><span class=\"wgl-accordion_title\">Puis-je continuer \u00e0 utiliser des produits capillaires tout en portant une proth\u00e8se ?<\/span><i class=\"wgl-accordion_icon elementor-icon\"><\/i><\/h4><div class=\"wgl-accordion_content\"><p><span>Oui, vous pouvez continuer \u00e0 utiliser des produits capillaires tels que le shampoing et l'apr\u00e8s-shampoing avec une proth\u00e8se capillaire. Veillez \u00e0 suivre les instructions de votre professionnel en mati\u00e8re d'entretien.<\/span><\/p><\/div><\/div><div class=\"wgl-accordion_panel\"><h4 id=\"wgl-accordion_header-1713\" class=\"wgl-accordion_header\" data-default=\"\"><span class=\"wgl-accordion_title\">\u00c0 quoi ressemble une proth\u00e8se capillaire ?<\/span><i class=\"wgl-accordion_icon elementor-icon\"><\/i><\/h4><div class=\"wgl-accordion_content\"><p>Une proth\u00e8se capillaire est une reconstruction de cheveux artificiels ou naturels dans le but de dissimuler un d\u00e9garnissement ou une calvitie importante. Il s'agit d'une technique non chirurgicale d'\u00e9paississement de la chevelure qui offre diff\u00e9rentes solutions esth\u00e9tiques en fonction de l'effet recherch\u00e9. Une proth\u00e8se capillaire est constitu\u00e9e d'une base en silicone, en r\u00e9sine ou en tissu sur laquelle sont greff\u00e9s ou nou\u00e9s des cheveux artificiels ou naturels. Les mat\u00e9riaux utilis\u00e9s doivent \u00eatre hypoallerg\u00e9niques et respirants, et adapt\u00e9s \u00e0 une utilisation prolong\u00e9e sur le cuir chevelu.<\/p><\/div><\/div><div class=\"wgl-accordion_panel\"><h4 id=\"wgl-accordion_header-1714\" class=\"wgl-accordion_header\" data-default=\"\"><span class=\"wgl-accordion_title\">Que peut-on faire pour conserver des cheveux de proth\u00e8se sains ?<\/span><i class=\"wgl-accordion_icon elementor-icon\"><\/i><\/h4><div class=\"wgl-accordion_content\"><p>\u00a0Chaque matin, utilisez une brosse douce et un peigne \u00e0 dents larges et brossez et peignez d\u00e9licatement vos cheveux des racines aux pointes.<\/p><\/div><\/div><div class=\"wgl-accordion_panel\"><h4 id=\"wgl-accordion_header-1715\" class=\"wgl-accordion_header\" data-default=\"\"><span class=\"wgl-accordion_title\">Quel est l'int\u00e9r\u00eat d'utiliser une proth\u00e8se capillaire ?<\/span><i class=\"wgl-accordion_icon elementor-icon\"><\/i><\/h4><div class=\"wgl-accordion_content\"><p>L'utilisation d'une proth\u00e8se capillaire pr\u00e9sente plusieurs avantages, tant pour les femmes que pour les hommes. Tout d'abord, une proth\u00e8se capillaire permet de retrouver en peu de temps l'image de soi la plus souhait\u00e9e, quel que soit l'\u00e9tat du cuir chevelu (amincissement plus ou moins dispers\u00e9, alop\u00e9cie ou calvitie).<\/p><\/div><\/div><\/div>\t\t<\/div>\n\t\t\t\t<\/div>\n\t\t\t\t\t<\/div>\n\t\t<\/div>\n\t\t\t\t<div class=\"elementor-column elementor-col-50 elementor-top-column elementor-element elementor-element-6fe2c8e\" data-id=\"6fe2c8e\" data-element_type=\"column\">\n\t\t\t<div class=\"elementor-widget-wrap elementor-element-populated\">\n\t\t\t\t\t\t<div class=\"elementor-element elementor-element-48eb727 elementor-widget elementor-widget-wgl-toggle-accordion\" data-id=\"48eb727\" data-element_type=\"widget\" data-widget_type=\"wgl-toggle-accordion.default\">\n\t\t\t\t<div class=\"elementor-widget-container\">\n\t\t\t<div class=\"wgl-accordion icon-plus\" id=\"wgl-accordion-48eb727\" data-type=\"toggle\"><div class=\"wgl-accordion_panel\"><h4 id=\"wgl-accordion_header-7641\" class=\"wgl-accordion_header\" data-default=\"yes\"><span class=\"wgl-accordion_title\">Quels sont les types de proth\u00e8ses capillaires ?<\/span><i class=\"wgl-accordion_icon elementor-icon\"><\/i><\/h4><div class=\"wgl-accordion_content\">Les proth\u00e8ses capillaires diff\u00e8rent par la base et la m\u00e9thode de greffe des cheveux. La base peut \u00eatre en dentelle, en monofilament ou en polym\u00e8re, tandis que la m\u00e9thode de greffe peut \u00eatre r\u00e9alis\u00e9e avec des cheveux inject\u00e9s ou nou\u00e9s.\n<\/div><\/div><div class=\"wgl-accordion_panel\"><h4 id=\"wgl-accordion_header-7642\" class=\"wgl-accordion_header\" data-default=\"\"><span class=\"wgl-accordion_title\">Qu'est-ce qu'une base de dentelle ?<\/span><i class=\"wgl-accordion_icon elementor-icon\"><\/i><\/h4><div class=\"wgl-accordion_content\">La base de la dentelle est constitu\u00e9e d'une maille tr\u00e8s fine ; plus elle est fine, moins elle est visible et moins elle est r\u00e9sistante. Elle peut \u00eatre fabriqu\u00e9e en diff\u00e9rentes couleurs afin que le tissage refl\u00e8te la couleur de votre peau. La base en dentelle est tr\u00e8s respirante, c'est pourquoi elle convient aux proth\u00e8ses de grande taille, c'est-\u00e0-dire aux proth\u00e8ses pour femmes et hommes qui ont besoin d'une couverture compl\u00e8te ou au moins \u00e9tendue.<\/div><\/div><div class=\"wgl-accordion_panel\"><h4 id=\"wgl-accordion_header-7643\" class=\"wgl-accordion_header\" data-default=\"\"><span class=\"wgl-accordion_title\">Qu'entend-on par base cutan\u00e9e ?<\/span><i class=\"wgl-accordion_icon elementor-icon\"><\/i><\/h4><div class=\"wgl-accordion_content\">\u00c9galement connu sous le nom de peau, polyur\u00e9thane, film ou <a href=\"https:\/\/www.newfreestyle.it\/fr\/patchs-cutanes-pour-la-calvitie-tout-ce-quil-faut-savoir\/\">timbre cutan\u00e9<\/a>La base en poly est l'une des plus fines du march\u00e9. Son \u00e9paisseur peut varier de 0,25 mm pour les bases en silicone \u00e0 0,03 mm pour les bases ultrafines. Elle garantit un excellent maintien du cheveu, permettant ainsi un plus grand naturel et un r\u00e9sultat esth\u00e9tique de grande qualit\u00e9.<\/div><\/div><div class=\"wgl-accordion_panel\"><h4 id=\"wgl-accordion_header-7644\" class=\"wgl-accordion_header\" data-default=\"\"><span class=\"wgl-accordion_title\">Qu'est-ce qu'une base monofilament ?<\/span><i class=\"wgl-accordion_icon elementor-icon\"><\/i><\/h4><div class=\"wgl-accordion_content\"><p>Au fil de nos ann\u00e9es d'exp\u00e9rience, nous avons \u00e9galement appris que si chaque canal pr\u00e9sente ses propres avantages, ils sont tous plus efficaces lorsqu'ils sont strat\u00e9giquement associ\u00e9s \u00e0 d'autres canaux.<\/p><\/div><\/div><div class=\"wgl-accordion_panel\"><h4 id=\"wgl-accordion_header-7645\" class=\"wgl-accordion_header\" data-default=\"\"><span class=\"wgl-accordion_title\">Est-il possible de dupliquer une installation ?<\/span><i class=\"wgl-accordion_icon elementor-icon\"><\/i><\/h4><div class=\"wgl-accordion_content\">Si vous utilisez un syst\u00e8me capillaire achet\u00e9 aupr\u00e8s d'un autre fournisseur et que vous recherchez un prix plus abordable, n'h\u00e9sitez pas \u00e0 nous contacter. En utilisant l'implant actuel comme guide, nous pouvons non seulement prendre ses dimensions exactes, mais aussi v\u00e9rifier d'autres d\u00e9tails personnalis\u00e9s tels que la densit\u00e9 des cheveux, la direction, le type de boucles et d'ondulations, la couleur, etc. Nous utiliserons toutes ces informations pour produire des cheveux identiques mais de meilleure qualit\u00e9. Nous pouvons non seulement reproduire avec pr\u00e9cision tous les d\u00e9tails et les appliquer au nouveau cheveu. <a href=\"https:\/\/www.newfreestyle.it\/fr\/\">implant capillaire<\/a>mais nous pouvons aussi (si vous le pr\u00e9f\u00e9rez) utiliser l'ancien syst\u00e8me comme mod\u00e8le pour les dimensions et y apporter les modifications que vous souhaitez. Il vous suffit de cliquer et de remplir le formulaire de duplication.<\/div><\/div><\/div>\t\t<\/div>\n\t\t\t\t<\/div>\n\t\t\t\t\t<\/div>\n\t\t<\/div>\n\t\t\t\t\t<\/div>\n\t\t<\/section>\n\t\t\t\t<\/div>","protected":false},"excerpt":{"rendered":"<p>Foire aux questions Nous essayons de r\u00e9pondre \u00e0 vos questions Quelle est la dur\u00e9e de vie d'une proth\u00e8se capillaire ? La dur\u00e9e de vie d'une proth\u00e8se capillaire d\u00e9pend de la qualit\u00e9 du mat\u00e9riau et de l'entretien. En g\u00e9n\u00e9ral, une bonne proth\u00e8se peut durer entre six mois et un an. Puis-je continuer \u00e0 utiliser des produits capillaires tout en portant une proth\u00e8se capillaire ? Oui, vous pouvez [...]<\/p>","protected":false},"author":1,"featured_media":47509,"parent":0,"menu_order":0,"comment_status":"closed","ping_status":"closed","template":"","meta":{"_acf_changed":false,"_monsterinsights_skip_tracking":false,"_monsterinsights_sitenote_active":false,"_monsterinsights_sitenote_note":"","_monsterinsights_sitenote_category":0,"footnotes":""},"class_list":["post-1633","page","type-page","status-publish","has-post-thumbnail","hentry"],"acf":[],"yoast_head":"<!-- This site is optimized with the Yoast SEO Premium plugin v26.1 (Yoast SEO v26.1.1) - https:\/\/yoast.com\/wordpress\/plugins\/seo\/ -->\n<title>FAQ&#039;S - Newfreestyle Hair System<\/title>\n<meta name=\"description\" content=\"Domande ricorrenti degli utenti. Qui trovi una lista delle domande con le risposte pi\u00f9 frequenti con lo scopo di aiutare i clienti.\" \/>\n<meta name=\"robots\" content=\"index, follow, max-snippet:-1, max-image-preview:large, max-video-preview:-1\" \/>\n<link rel=\"canonical\" href=\"https:\/\/www.newfreestyle.it\/fr\/faqs\/\" \/>\n<meta property=\"og:locale\" content=\"fr_FR\" \/>\n<meta property=\"og:type\" content=\"article\" \/>\n<meta property=\"og:title\" content=\"FAQ&#039;S\" \/>\n<meta property=\"og:description\" content=\"Domande ricorrenti degli utenti. Qui trovi una lista delle domande con le risposte pi\u00f9 frequenti con lo scopo di aiutare i clienti.\" \/>\n<meta property=\"og:url\" content=\"https:\/\/www.newfreestyle.it\/fr\/faqs\/\" \/>\n<meta property=\"og:site_name\" content=\"Newfreestyle Hair System\" \/>\n<meta property=\"article:publisher\" content=\"https:\/\/www.facebook.com\/newfreestyle.it\/\" \/>\n<meta property=\"article:modified_time\" content=\"2025-10-21T22:26:52+00:00\" \/>\n<meta property=\"og:image\" content=\"https:\/\/www.newfreestyle.it\/wp-content\/uploads\/2024\/01\/nuvole-di-conversazione-con-iscrizioni-domande-frequenti-e-punti-interrogativi.jpg\" \/>\n\t<meta property=\"og:image:width\" content=\"1500\" \/>\n\t<meta property=\"og:image:height\" content=\"1000\" \/>\n\t<meta property=\"og:image:type\" content=\"image\/jpeg\" \/>\n<meta name=\"twitter:card\" content=\"summary_large_image\" \/>\n<meta name=\"twitter:label1\" content=\"Dur\u00e9e de lecture estim\u00e9e\" \/>\n\t<meta name=\"twitter:data1\" content=\"4 minutes\" \/>\n<script type=\"application\/ld+json\" class=\"yoast-schema-graph\">{\"@context\":\"https:\/\/schema.org\",\"@graph\":[{\"@type\":\"WebPage\",\"@id\":\"https:\/\/www.newfreestyle.it\/fr\/faqs\/\",\"url\":\"https:\/\/www.newfreestyle.it\/fr\/faqs\/\",\"name\":\"FAQ'S - Newfreestyle Hair System\",\"isPartOf\":{\"@id\":\"https:\/\/www.newfreestyle.it\/en\/#website\"},\"primaryImageOfPage\":{\"@id\":\"https:\/\/www.newfreestyle.it\/fr\/faqs\/#primaryimage\"},\"image\":{\"@id\":\"https:\/\/www.newfreestyle.it\/fr\/faqs\/#primaryimage\"},\"thumbnailUrl\":\"https:\/\/www.newfreestyle.it\/wp-content\/uploads\/2024\/01\/nuvole-di-conversazione-con-iscrizioni-domande-frequenti-e-punti-interrogativi.jpg\",\"datePublished\":\"2023-04-26T10:04:10+00:00\",\"dateModified\":\"2025-10-21T22:26:52+00:00\",\"description\":\"Domande ricorrenti degli utenti. Qui trovi una lista delle domande con le risposte pi\u00f9 frequenti con lo scopo di aiutare i clienti.\",\"breadcrumb\":{\"@id\":\"https:\/\/www.newfreestyle.it\/fr\/faqs\/#breadcrumb\"},\"inLanguage\":\"fr-FR\",\"potentialAction\":[{\"@type\":\"ReadAction\",\"target\":[\"https:\/\/www.newfreestyle.it\/fr\/faqs\/\"]}]},{\"@type\":\"ImageObject\",\"inLanguage\":\"fr-FR\",\"@id\":\"https:\/\/www.newfreestyle.it\/fr\/faqs\/#primaryimage\",\"url\":\"https:\/\/www.newfreestyle.it\/wp-content\/uploads\/2024\/01\/nuvole-di-conversazione-con-iscrizioni-domande-frequenti-e-punti-interrogativi.jpg\",\"contentUrl\":\"https:\/\/www.newfreestyle.it\/wp-content\/uploads\/2024\/01\/nuvole-di-conversazione-con-iscrizioni-domande-frequenti-e-punti-interrogativi.jpg\",\"width\":1500,\"height\":1000},{\"@type\":\"BreadcrumbList\",\"@id\":\"https:\/\/www.newfreestyle.it\/fr\/faqs\/#breadcrumb\",\"itemListElement\":[{\"@type\":\"ListItem\",\"position\":1,\"name\":\"Home\",\"item\":\"https:\/\/www.newfreestyle.it\/\"},{\"@type\":\"ListItem\",\"position\":2,\"name\":\"FAQ&#8217;S\"}]},{\"@type\":\"WebSite\",\"@id\":\"https:\/\/www.newfreestyle.it\/en\/#website\",\"url\":\"https:\/\/www.newfreestyle.it\/en\/\",\"name\":\"Protesi Capelli Uomo Impianti Capillari\",\"description\":\"Risolviamo ogni tipologia di Calvizie mediante l\u2019ausilio di protesi capillari non chirurgiche anche chiamata patch cutaneo.\",\"publisher\":{\"@id\":\"https:\/\/www.newfreestyle.it\/en\/#organization\"},\"potentialAction\":[{\"@type\":\"SearchAction\",\"target\":{\"@type\":\"EntryPoint\",\"urlTemplate\":\"https:\/\/www.newfreestyle.it\/en\/?s={search_term_string}\"},\"query-input\":{\"@type\":\"PropertyValueSpecification\",\"valueRequired\":true,\"valueName\":\"search_term_string\"}}],\"inLanguage\":\"fr-FR\"},{\"@type\":[\"Organization\",\"Place\"],\"@id\":\"https:\/\/www.newfreestyle.it\/en\/#organization\",\"name\":\"Newfreestyle Hair System\",\"alternateName\":\"Protesi Capelli Uomo Personalizzate\",\"url\":\"https:\/\/www.newfreestyle.it\/en\/\",\"logo\":{\"@id\":\"https:\/\/www.newfreestyle.it\/fr\/faqs\/#local-main-organization-logo\"},\"image\":{\"@id\":\"https:\/\/www.newfreestyle.it\/fr\/faqs\/#local-main-organization-logo\"},\"sameAs\":[\"https:\/\/www.facebook.com\/newfreestyle.it\/\",\"https:\/\/www.instagram.com\/newfreestyle_hairsystem\/\"],\"address\":{\"@id\":\"https:\/\/www.newfreestyle.it\/fr\/faqs\/#local-main-place-address\"},\"geo\":{\"@type\":\"GeoCoordinates\",\"latitude\":\"45.5086608\",\"longitude\":\"9.2005743\"},\"telephone\":[\"3297256048\"],\"openingHoursSpecification\":[{\"@type\":\"OpeningHoursSpecification\",\"dayOfWeek\":[\"Monday\",\"Tuesday\",\"Wednesday\",\"Thursday\",\"Friday\",\"Saturday\"],\"opens\":\"09:00\",\"closes\":\"19:00\"},{\"@type\":\"OpeningHoursSpecification\",\"dayOfWeek\":[\"Sunday\"],\"opens\":\"00:00\",\"closes\":\"00:00\"}],\"email\":\"direzione@newfreestyle.it\",\"vatID\":\"IT11145080963\",\"taxID\":\"SCIMST69H67I690R\"},{\"@type\":\"PostalAddress\",\"@id\":\"https:\/\/www.newfreestyle.it\/fr\/faqs\/#local-main-place-address\",\"streetAddress\":\"Via Cino da Pistoia, 18\",\"addressLocality\":\"Milano\",\"postalCode\":\"20162\",\"addressRegion\":\"MI\",\"addressCountry\":\"IT\"},{\"@type\":\"ImageObject\",\"inLanguage\":\"fr-FR\",\"@id\":\"https:\/\/www.newfreestyle.it\/fr\/faqs\/#local-main-organization-logo\",\"url\":\"https:\/\/www.newfreestyle.it\/wp-content\/uploads\/2023\/09\/cropped-newfreestyle-150x145-1.png\",\"contentUrl\":\"https:\/\/www.newfreestyle.it\/wp-content\/uploads\/2023\/09\/cropped-newfreestyle-150x145-1.png\",\"width\":512,\"height\":512,\"caption\":\"Newfreestyle Hair System\"}]}<\/script>\n<meta name=\"geo.placename\" content=\"Milano\" \/>\n<meta name=\"geo.position\" content=\"45.5086608;9.2005743\" \/>\n<meta name=\"geo.region\" content=\"Italie\" \/>\n<!-- \/ Yoast SEO Premium plugin. -->","yoast_head_json":{"title":"FAQ'S - Syst\u00e8me capillaire Newfreestyle","description":"Questions fr\u00e9quemment pos\u00e9es par les utilisateurs. Vous trouverez ici une liste de questions fr\u00e9quemment pos\u00e9es avec des r\u00e9ponses destin\u00e9es \u00e0 aider les clients.","robots":{"index":"index","follow":"follow","max-snippet":"max-snippet:-1","max-image-preview":"max-image-preview:large","max-video-preview":"max-video-preview:-1"},"canonical":"https:\/\/www.newfreestyle.it\/fr\/faqs\/","og_locale":"fr_FR","og_type":"article","og_title":"FAQ'S","og_description":"Domande ricorrenti degli utenti. Qui trovi una lista delle domande con le risposte pi\u00f9 frequenti con lo scopo di aiutare i clienti.","og_url":"https:\/\/www.newfreestyle.it\/fr\/faqs\/","og_site_name":"Newfreestyle Hair System","article_publisher":"https:\/\/www.facebook.com\/newfreestyle.it\/","article_modified_time":"2025-10-21T22:26:52+00:00","og_image":[{"width":1500,"height":1000,"url":"https:\/\/www.newfreestyle.it\/wp-content\/uploads\/2024\/01\/nuvole-di-conversazione-con-iscrizioni-domande-frequenti-e-punti-interrogativi.jpg","type":"image\/jpeg"}],"twitter_card":"summary_large_image","twitter_misc":{"Dur\u00e9e de lecture estim\u00e9e":"4 minutes"},"schema":{"@context":"https:\/\/schema.org","@graph":[{"@type":"WebPage","@id":"https:\/\/www.newfreestyle.it\/fr\/faqs\/","url":"https:\/\/www.newfreestyle.it\/fr\/faqs\/","name":"FAQ'S - Syst\u00e8me capillaire Newfreestyle","isPartOf":{"@id":"https:\/\/www.newfreestyle.it\/en\/#website"},"primaryImageOfPage":{"@id":"https:\/\/www.newfreestyle.it\/fr\/faqs\/#primaryimage"},"image":{"@id":"https:\/\/www.newfreestyle.it\/fr\/faqs\/#primaryimage"},"thumbnailUrl":"https:\/\/www.newfreestyle.it\/wp-content\/uploads\/2024\/01\/nuvole-di-conversazione-con-iscrizioni-domande-frequenti-e-punti-interrogativi.jpg","datePublished":"2023-04-26T10:04:10+00:00","dateModified":"2025-10-21T22:26:52+00:00","description":"Questions fr\u00e9quemment pos\u00e9es par les utilisateurs. Vous trouverez ici une liste de questions fr\u00e9quemment pos\u00e9es avec des r\u00e9ponses destin\u00e9es \u00e0 aider les clients.","breadcrumb":{"@id":"https:\/\/www.newfreestyle.it\/fr\/faqs\/#breadcrumb"},"inLanguage":"fr-FR","potentialAction":[{"@type":"ReadAction","target":["https:\/\/www.newfreestyle.it\/fr\/faqs\/"]}]},{"@type":"ImageObject","inLanguage":"fr-FR","@id":"https:\/\/www.newfreestyle.it\/fr\/faqs\/#primaryimage","url":"https:\/\/www.newfreestyle.it\/wp-content\/uploads\/2024\/01\/nuvole-di-conversazione-con-iscrizioni-domande-frequenti-e-punti-interrogativi.jpg","contentUrl":"https:\/\/www.newfreestyle.it\/wp-content\/uploads\/2024\/01\/nuvole-di-conversazione-con-iscrizioni-domande-frequenti-e-punti-interrogativi.jpg","width":1500,"height":1000},{"@type":"BreadcrumbList","@id":"https:\/\/www.newfreestyle.it\/fr\/faqs\/#breadcrumb","itemListElement":[{"@type":"ListItem","position":1,"name":"Home","item":"https:\/\/www.newfreestyle.it\/"},{"@type":"ListItem","position":2,"name":"FAQ&#8217;S"}]},{"@type":"WebSite","@id":"https:\/\/www.newfreestyle.it\/en\/#website","url":"https:\/\/www.newfreestyle.it\/en\/","name":"Implants capillaires pour hommes Implants capillaires","description":"Nous r\u00e9solvons tous les types de calvitie \u00e0 l'aide d'implants capillaires non chirurgicaux, \u00e9galement appel\u00e9s patchs cutan\u00e9s.","publisher":{"@id":"https:\/\/www.newfreestyle.it\/en\/#organization"},"potentialAction":[{"@type":"SearchAction","target":{"@type":"EntryPoint","urlTemplate":"https:\/\/www.newfreestyle.it\/en\/?s={search_term_string}"},"query-input":{"@type":"PropertyValueSpecification","valueRequired":true,"valueName":"search_term_string"}}],"inLanguage":"fr-FR"},{"@type":["Organization","Place"],"@id":"https:\/\/www.newfreestyle.it\/en\/#organization","name":"Syst\u00e8me capillaire Newfreestyle","alternateName":"Protesi Capelli Uomo Personalizzate","url":"https:\/\/www.newfreestyle.it\/en\/","logo":{"@id":"https:\/\/www.newfreestyle.it\/fr\/faqs\/#local-main-organization-logo"},"image":{"@id":"https:\/\/www.newfreestyle.it\/fr\/faqs\/#local-main-organization-logo"},"sameAs":["https:\/\/www.facebook.com\/newfreestyle.it\/","https:\/\/www.instagram.com\/newfreestyle_hairsystem\/"],"address":{"@id":"https:\/\/www.newfreestyle.it\/fr\/faqs\/#local-main-place-address"},"geo":{"@type":"GeoCoordinates","latitude":"45.5086608","longitude":"9.2005743"},"telephone":["3297256048"],"openingHoursSpecification":[{"@type":"OpeningHoursSpecification","dayOfWeek":["Monday","Tuesday","Wednesday","Thursday","Friday","Saturday"],"opens":"09:00","closes":"19:00"},{"@type":"OpeningHoursSpecification","dayOfWeek":["Sunday"],"opens":"00:00","closes":"00:00"}],"email":"direzione@newfreestyle.it","vatID":"IT11145080963","taxID":"SCIMST69H67I690R"},{"@type":"PostalAddress","@id":"https:\/\/www.newfreestyle.it\/fr\/faqs\/#local-main-place-address","streetAddress":"Via Cino da Pistoia, 18","addressLocality":"Milano","postalCode":"20162","addressRegion":"MI","addressCountry":"IT"},{"@type":"ImageObject","inLanguage":"fr-FR","@id":"https:\/\/www.newfreestyle.it\/fr\/faqs\/#local-main-organization-logo","url":"https:\/\/www.newfreestyle.it\/wp-content\/uploads\/2023\/09\/cropped-newfreestyle-150x145-1.png","contentUrl":"https:\/\/www.newfreestyle.it\/wp-content\/uploads\/2023\/09\/cropped-newfreestyle-150x145-1.png","width":512,"height":512,"caption":"Newfreestyle Hair System"}]},"geo.placename":"Milano","geo.position":{"lat":"45.5086608","long":"9.2005743"},"geo.region":"Italie"},"_links":{"self":[{"href":"https:\/\/www.newfreestyle.it\/fr\/wp-json\/wp\/v2\/pages\/1633","targetHints":{"allow":["GET"]}}],"collection":[{"href":"https:\/\/www.newfreestyle.it\/fr\/wp-json\/wp\/v2\/pages"}],"about":[{"href":"https:\/\/www.newfreestyle.it\/fr\/wp-json\/wp\/v2\/types\/page"}],"author":[{"embeddable":true,"href":"https:\/\/www.newfreestyle.it\/fr\/wp-json\/wp\/v2\/users\/1"}],"replies":[{"embeddable":true,"href":"https:\/\/www.newfreestyle.it\/fr\/wp-json\/wp\/v2\/comments?post=1633"}],"version-history":[{"count":1,"href":"https:\/\/www.newfreestyle.it\/fr\/wp-json\/wp\/v2\/pages\/1633\/revisions"}],"predecessor-version":[{"id":49399,"href":"https:\/\/www.newfreestyle.it\/fr\/wp-json\/wp\/v2\/pages\/1633\/revisions\/49399"}],"wp:featuredmedia":[{"embeddable":true,"href":"https:\/\/www.newfreestyle.it\/fr\/wp-json\/wp\/v2\/media\/47509"}],"wp:attachment":[{"href":"https:\/\/www.newfreestyle.it\/fr\/wp-json\/wp\/v2\/media?parent=1633"}],"curies":[{"name":"wp","href":"https:\/\/api.w.org\/{rel}","templated":true}]}}